{"id":15517,"date":"2025-02-04T17:00:25","date_gmt":"2025-02-04T16:00:25","guid":{"rendered":"https:\/\/xoros-home.de\/?post_type=product&#038;p=15517"},"modified":"2025-02-06T15:03:17","modified_gmt":"2025-02-06T14:03:17","slug":"chaise-pivotante-streamo-assmann-home","status":"publish","type":"product","link":"https:\/\/xoros-home.de\/fr\/produkt\/drehstuhl-streamo-assmann-home\/","title":{"rendered":"Chaise pivotante Streamo (ASSMANN Home)"},"content":{"rendered":"<ul>\n<li><strong>Design au choix :<\/strong>\n<ul>\n<li>avec dossier rembourr\u00e9 (noir ou beige) ou avec dossier r\u00e9sille (noir)<\/li>\n<li>avec ou sans appui-t\u00eate<\/li>\n<\/ul>\n<\/li>\n<li><strong>la s\u00e9curit\u00e9 :<\/strong> Test\u00e9 par le T\u00dcV, sigle GS et ergonomie test\u00e9e<\/li>\n<li><strong>S'adapte \u00e0 l'utilisateur :\u00a0<\/strong>Gr\u00e2ce au m\u00e9canisme Autolift, la chaise s'adapte au poids de l'utilisateur\/trice<\/li>\n<li><strong>capacit\u00e9 de charge :<\/strong> jusqu'\u00e0 120 kg<\/li>\n<li><strong>Montage :<\/strong> Les chaises sont livr\u00e9es d\u00e9j\u00e0 mont\u00e9es.<\/li>\n<li><strong>Accessoires :\u00a0<\/strong>Les roulettes standard d\u00e9j\u00e0 mont\u00e9es sont dures = adapt\u00e9es aux sols mous. Elles peuvent \u00eatre facilement remplac\u00e9es par des roulettes souples (= adapt\u00e9es aux sols durs) gr\u00e2ce aux accessoires correspondants.<\/li>\n<\/ul>\n<p>&nbsp;<\/p>\n<div style=\"border: 1px solid #444444; border-radius: 10px; padding: 10px; max-width: 400px; margin: 20px auto; background-color: #eeeeee; font-size: 12px;\">\n<p><strong>Donn\u00e9es du fabricant :<\/strong><\/p>\n<p>ASSMANN B\u00fcrom\u00f6bel GmbH &amp; Co. KG<\/p>\n<p>11, rue Heinrich Assmann<br \/>\n49324 Melle \/ Allemagne<\/p>\n<p>T\u00e9l\u00e9phone : +49 (0) 5422 706-0<br \/>\nCourrier \u00e9lectronique : assmann@assmann.de<\/p>\n<\/div>\n<p>&nbsp;<\/p>","protected":false},"excerpt":{"rendered":"<p>La chaise de bureau pivotante STREAMO d'ASSMANN Home est un mod\u00e8le polyvalent pour le bureau et le home office et marque des points gr\u00e2ce \u00e0 ses nombreuses possibilit\u00e9s de r\u00e9glage, dont les accoudoirs qui sont r\u00e9glables en quatre dimensions : en hauteur, en largeur, en profondeur et en angle (pivotant). Un appui-lordose r\u00e9glable en hauteur soutient le bas de ton dos, l'assise est r\u00e9glable non seulement en hauteur mais aussi en profondeur afin que tu aies la distance id\u00e9ale par rapport au dossier.<\/p>\n<p>Particuli\u00e8rement astucieux : le si\u00e8ge pivotant s'adapte automatiquement \u00e0 ton poids (technologie dite Autolift) !<\/p>\n<p>Les chaises pivotantes Streamo sont disponibles en permanence en stock dans diff\u00e9rents mod\u00e8les et arrivent chez toi en quelques jours. Ils allient qualit\u00e9, ergonomie et design moderne pour un environnement de travail confortable.<\/p>","protected":false},"featured_media":15524,"template":"","meta":{"content-type":"","inline_featured_image":false},"product_brand":[],"product_cat":[192,190,41],"product_tag":[44,203,46,108,113],"class_list":{"0":"post-15517","1":"product","2":"type-product","3":"status-publish","4":"has-post-thumbnail","6":"product_cat-office-drehstuehle","7":"product_cat-homeoffice-specials","8":"product_cat-schreibtischstuehle","9":"product_tag-ergonomisch","10":"product_tag-hersteller-assmann-home","11":"product_tag-hoehenverstellbar","12":"product_tag-made-in-germany","13":"product_tag-schnelle-lieferung","15":"first","16":"instock","17":"taxable","18":"shipping-taxable","19":"purchasable","20":"product-type-simple"},"_links":{"self":[{"href":"https:\/\/xoros-home.de\/fr\/wp-json\/wp\/v2\/product\/15517","targetHints":{"allow":["GET"]}}],"collection":[{"href":"https:\/\/xoros-home.de\/fr\/wp-json\/wp\/v2\/product"}],"about":[{"href":"https:\/\/xoros-home.de\/fr\/wp-json\/wp\/v2\/types\/product"}],"version-history":[{"count":0,"href":"https:\/\/xoros-home.de\/fr\/wp-json\/wp\/v2\/product\/15517\/revisions"}],"wp:featuredmedia":[{"embeddable":true,"href":"https:\/\/xoros-home.de\/fr\/wp-json\/wp\/v2\/media\/15524"}],"wp:attachment":[{"href":"https:\/\/xoros-home.de\/fr\/wp-json\/wp\/v2\/media?parent=15517"}],"wp:term":[{"taxonomy":"product_brand","embeddable":true,"href":"https:\/\/xoros-home.de\/fr\/wp-json\/wp\/v2\/product_brand?post=15517"},{"taxonomy":"product_cat","embeddable":true,"href":"https:\/\/xoros-home.de\/fr\/wp-json\/wp\/v2\/product_cat?post=15517"},{"taxonomy":"product_tag","embeddable":true,"href":"https:\/\/xoros-home.de\/fr\/wp-json\/wp\/v2\/product_tag?post=15517"}],"curies":[{"name":"wp","href":"https:\/\/api.w.org\/{rel}","templated":true}]}}