{"id":15529,"date":"2025-02-03T17:42:46","date_gmt":"2025-02-03T16:42:46","guid":{"rendered":"https:\/\/xoros-home.de\/?post_type=product&#038;p=15529"},"modified":"2025-02-06T15:03:13","modified_gmt":"2025-02-06T14:03:13","slug":"conteneur-a-roulettes-pontis-assmann-home","status":"publish","type":"product","link":"https:\/\/xoros-home.de\/fr\/produkt\/rollcontainer-pontis-assmann-home\/","title":{"rendered":"Caisson roulant Pontis (ASSMANN Home)"},"content":{"rendered":"<p>Le caisson \u00e0 roulettes \"Pontis\" est disponible chez nous en diff\u00e9rentes versions :<\/p>\n<ul>\n<li>Verrouillable et avec poign\u00e9es<\/li>\n<li>Avec fa\u00e7ade design en m\u00e9tal sans poign\u00e9e, enti\u00e8rement blanche<\/li>\n<li>Avec fa\u00e7ade design en m\u00e9tal sans poign\u00e9e, enti\u00e8rement en anthracite<\/li>\n<\/ul>\n<p>Les caissons roulants sont toujours en stock et arrivent chez toi en quelques jours. Ils allient qualit\u00e9, ergonomie et design moderne pour un environnement de travail confortable.<\/p>\n<p>&nbsp;<\/p>\n<div style=\"border: 1px solid #444444; border-radius: 10px; padding: 10px; max-width: 400px; margin: 20px auto; background-color: #eeeeee; font-size: 12px;\">\n<p><strong>Donn\u00e9es du fabricant :<\/strong><\/p>\n<p>ASSMANN B\u00fcrom\u00f6bel GmbH &amp; Co. KG<\/p>\n<p>11, rue Heinrich Assmann<br \/>\n49324 Melle \/ Allemagne<\/p>\n<p>T\u00e9l\u00e9phone : +49 (0) 5422 706-0<br \/>\nCourrier \u00e9lectronique : assmann@assmann.de<\/p>\n<\/div>\n<p>&nbsp;<\/p>","protected":false},"excerpt":{"rendered":"<ul>\n<li><strong>Avec extension de mat\u00e9riel :<\/strong> le tiroir sup\u00e9rieur est id\u00e9al pour les stylos et le bric-\u00e0-brac<\/li>\n<li><strong>Trois tiroirs :<\/strong> Trois tiroirs spacieux avec fonction Soft-Stop pour une fermeture douce et silencieuse<\/li>\n<li><strong>la s\u00e9curit\u00e9 :<\/strong> Test\u00e9 par le T\u00dcV, sigle GS et certifi\u00e9 pour le travail mobile<\/li>\n<\/ul>","protected":false},"featured_media":15530,"template":"","meta":{"content-type":"","inline_featured_image":false},"product_brand":[],"product_cat":[204,190,64],"product_tag":[203,108,113],"class_list":{"0":"post-15529","1":"product","2":"type-product","3":"status-publish","4":"has-post-thumbnail","6":"product_cat-office-aufbewahrung","7":"product_cat-homeoffice-specials","8":"product_cat-zubehoer","9":"product_tag-hersteller-assmann-home","10":"product_tag-made-in-germany","11":"product_tag-schnelle-lieferung","13":"first","14":"instock","15":"taxable","16":"shipping-taxable","17":"purchasable","18":"product-type-simple"},"_links":{"self":[{"href":"https:\/\/xoros-home.de\/fr\/wp-json\/wp\/v2\/product\/15529","targetHints":{"allow":["GET"]}}],"collection":[{"href":"https:\/\/xoros-home.de\/fr\/wp-json\/wp\/v2\/product"}],"about":[{"href":"https:\/\/xoros-home.de\/fr\/wp-json\/wp\/v2\/types\/product"}],"version-history":[{"count":0,"href":"https:\/\/xoros-home.de\/fr\/wp-json\/wp\/v2\/product\/15529\/revisions"}],"wp:featuredmedia":[{"embeddable":true,"href":"https:\/\/xoros-home.de\/fr\/wp-json\/wp\/v2\/media\/15530"}],"wp:attachment":[{"href":"https:\/\/xoros-home.de\/fr\/wp-json\/wp\/v2\/media?parent=15529"}],"wp:term":[{"taxonomy":"product_brand","embeddable":true,"href":"https:\/\/xoros-home.de\/fr\/wp-json\/wp\/v2\/product_brand?post=15529"},{"taxonomy":"product_cat","embeddable":true,"href":"https:\/\/xoros-home.de\/fr\/wp-json\/wp\/v2\/product_cat?post=15529"},{"taxonomy":"product_tag","embeddable":true,"href":"https:\/\/xoros-home.de\/fr\/wp-json\/wp\/v2\/product_tag?post=15529"}],"curies":[{"name":"wp","href":"https:\/\/api.w.org\/{rel}","templated":true}]}}