{"id":15545,"date":"2025-02-04T17:49:07","date_gmt":"2025-02-04T16:49:07","guid":{"rendered":"https:\/\/xoros-home.de\/?post_type=product&#038;p=15545"},"modified":"2025-02-06T15:03:11","modified_gmt":"2025-02-06T14:03:11","slug":"armoire-a-portes-coulissantes-allvia-assmann-home","status":"publish","type":"product","link":"https:\/\/xoros-home.de\/fr\/produkt\/schiebetuerenschrank-allvia-assmann-home\/","title":{"rendered":"Armoire \u00e0 portes coulissantes Allvia (ASSMANN Home)"},"content":{"rendered":"<p>L'armoire \u00e0 portes coulissantes \"Allvia\" est un classique pour le rangement de classeurs et de documents et il est difficile d'imaginer un bureau sans elle. Le panneau sup\u00e9rieur peut \u00eatre r\u00e9alis\u00e9 dans diff\u00e9rents d\u00e9cors, ce qui permet de cr\u00e9er des designs plus chaleureux :<\/p>\n<ul>\n<li>Enti\u00e8rement blanc (corps blanc, fa\u00e7ade blanche, plaque de recouvrement blanche)<\/li>\n<li>en ch\u00eane clair (corps blanc, fa\u00e7ade blanche, plaque de recouvrement en \"ch\u00eane naturel\")<\/li>\n<li>en ch\u00eane fonc\u00e9 (corps blanc, fa\u00e7ade blanche, plaque de recouvrement en \"ch\u00eane tabac\")<\/li>\n<\/ul>\n<p>Les armoires \u00e0 portes coulissantes sont toujours en stock et arrivent chez toi en quelques jours. Elles allient qualit\u00e9, ergonomie et design moderne pour un environnement de travail confortable.<\/p>\n<p>&nbsp;<\/p>\n<div style=\"border: 1px solid #444444; border-radius: 10px; padding: 10px; max-width: 400px; margin: 20px auto; background-color: #eeeeee; font-size: 12px;\">\n<p><strong>Donn\u00e9es du fabricant :<\/strong><\/p>\n<p>ASSMANN B\u00fcrom\u00f6bel GmbH &amp; Co. KG<\/p>\n<p>11, rue Heinrich Assmann<br \/>\n49324 Melle \/ Allemagne<\/p>\n<p>T\u00e9l\u00e9phone : +49 (0) 5422 706-0<br \/>\nCourrier \u00e9lectronique : assmann@assmann.de<\/p>\n<\/div>\n<p>&nbsp;<\/p>","protected":false},"excerpt":{"rendered":"<ul>\n<li><strong>Portes coulissantes :<\/strong> deux portes coulissantes faciles \u00e0 man\u0153uvrer permettent d'acc\u00e9der facilement aux documents rang\u00e9s<\/li>\n<li><strong>Deux \u00e9tag\u00e8res :<\/strong> Chacun des deux compartiments peut supporter une charge de 25 kg. La hauteur est pr\u00e9vue pour des classeurs classiques.<\/li>\n<li><strong>la s\u00e9curit\u00e9 :<\/strong> Test\u00e9 par le T\u00dcV, sigle GS et certifi\u00e9 pour le travail mobile<\/li>\n<li><strong>Dimensions<\/strong>: 100 cm de large, 72,5 cm de haut, 44 cm de profondeur.<\/li>\n<\/ul>","protected":false},"featured_media":15555,"template":"","meta":{"content-type":"","inline_featured_image":false},"product_brand":[],"product_cat":[204,190,64],"product_tag":[203,108,113],"class_list":{"0":"post-15545","1":"product","2":"type-product","3":"status-publish","4":"has-post-thumbnail","6":"product_cat-office-aufbewahrung","7":"product_cat-homeoffice-specials","8":"product_cat-zubehoer","9":"product_tag-hersteller-assmann-home","10":"product_tag-made-in-germany","11":"product_tag-schnelle-lieferung","13":"first","14":"instock","15":"taxable","16":"shipping-taxable","17":"purchasable","18":"product-type-simple"},"_links":{"self":[{"href":"https:\/\/xoros-home.de\/fr\/wp-json\/wp\/v2\/product\/15545","targetHints":{"allow":["GET"]}}],"collection":[{"href":"https:\/\/xoros-home.de\/fr\/wp-json\/wp\/v2\/product"}],"about":[{"href":"https:\/\/xoros-home.de\/fr\/wp-json\/wp\/v2\/types\/product"}],"version-history":[{"count":0,"href":"https:\/\/xoros-home.de\/fr\/wp-json\/wp\/v2\/product\/15545\/revisions"}],"wp:featuredmedia":[{"embeddable":true,"href":"https:\/\/xoros-home.de\/fr\/wp-json\/wp\/v2\/media\/15555"}],"wp:attachment":[{"href":"https:\/\/xoros-home.de\/fr\/wp-json\/wp\/v2\/media?parent=15545"}],"wp:term":[{"taxonomy":"product_brand","embeddable":true,"href":"https:\/\/xoros-home.de\/fr\/wp-json\/wp\/v2\/product_brand?post=15545"},{"taxonomy":"product_cat","embeddable":true,"href":"https:\/\/xoros-home.de\/fr\/wp-json\/wp\/v2\/product_cat?post=15545"},{"taxonomy":"product_tag","embeddable":true,"href":"https:\/\/xoros-home.de\/fr\/wp-json\/wp\/v2\/product_tag?post=15545"}],"curies":[{"name":"wp","href":"https:\/\/api.w.org\/{rel}","templated":true}]}}