{"id":15791,"date":"2025-02-20T12:07:05","date_gmt":"2025-02-20T11:07:05","guid":{"rendered":"https:\/\/xoros-home.de\/?post_type=product&#038;p=15791"},"modified":"2025-02-20T18:05:32","modified_gmt":"2025-02-20T17:05:32","slug":"silen-chatbox-solo-boite-de-travail-silen","status":"publish","type":"product","link":"https:\/\/xoros-home.de\/fr\/produkt\/silen-chatbox-solo-arbeitsbox-silen\/","title":{"rendered":"Silen Chatbox Solo | Bo\u00eete de travail (Silen)"},"content":{"rendered":"<p><strong>Dimensions :<\/strong> 1,25m x 0,98m x 2,22m (ext\u00e9rieur)<\/p>\n<p><strong>poids :<\/strong> 380 kg<\/p>\n<p><strong>Livraison standard :<\/strong><\/p>\n<ul>\n<li>parois lat\u00e9rales noires ou blanches (facilement interchangeables, car fix\u00e9es par aimant)<\/li>\n<li>Lumi\u00e8re LED avec d\u00e9tecteur de pr\u00e9sence (temp\u00e9rature de couleur 4.000K)<\/li>\n<li>Syst\u00e8me de ventilation d'air int\u00e9gr\u00e9<\/li>\n<li>Porte pouvant \u00eatre mont\u00e9e au choix comme porte pour gauchers ou pour droitiers.<\/li>\n<li>Int\u00e9rieur en feutre gris fonc\u00e9<\/li>\n<li>Prise de courant 230V dans l'habitacle, y compris connexion USB-A\/C<\/li>\n<\/ul>\n<p><strong>Disponible en option :<\/strong><\/p>\n<ul>\n<li>diff\u00e9rentes couleurs pour les parois ext\u00e9rieures ou la paroi lat\u00e9rale \u00e0 l'aspect de lamelles de bois<\/li>\n<li>Table \u00e0 hauteur fixe (mont\u00e9e \u00e0 0,74 m de hauteur) ou table r\u00e9glable en hauteur \u00e9lectriquement (70-115 cm de hauteur)<\/li>\n<li>Canap\u00e9 en trois couleurs diff\u00e9rentes<\/li>\n<li>Connexion LAN<\/li>\n<li>El\u00e9ment de commande pour l'\u00e9clairage (luminosit\u00e9 et temp\u00e9rature de la lumi\u00e8re) et l'intensit\u00e9 de la ventilation<\/li>\n<\/ul>\n<p><strong>mod\u00e8le 3D :<\/strong><\/p>\n<p><iframe src=\"https:\/\/impress.pcon-solutions.com\/?l=de&amp;embed=https%3A%2F%2Fxoroshome-my.sharepoint.com%2F%3Au%3A%2Fg%2Fpersonal%2Ffrank_ehlers_xoros-home_de%2FEcT74rrve9ZLj355oDlk8PMBqyshD81xaBo9XEfJGJ6mng\" width=\"450\" height=\"450\" frameborder=\"1\" allowfullscreen=\"allowfullscreen\"><span data-mce-type=\"bookmark\" style=\"display: inline-block; width: 0px; overflow: hidden; line-height: 0;\" class=\"mce_SELRES_start\"><\/span><span data-mce-type=\"bookmark\" style=\"display: inline-block; width: 0px; overflow: hidden; line-height: 0;\" class=\"mce_SELRES_start\"><\/span><\/iframe><\/p>","protected":false},"excerpt":{"rendered":"<p>La Silen Chatbox Solo est une bo\u00eete de travail compacte de haute qualit\u00e9 avec de tr\u00e8s bonnes valeurs techniques en mati\u00e8re d'insonorisation et de ventilation. Elle pr\u00e9sente en outre les avantages typiques de la gamme Chatbox : tr\u00e8s bon rapport qualit\u00e9-prix, modularit\u00e9 et options d'\u00e9quipement bien pens\u00e9es :<\/p>\n<ul>\n<li>avec canap\u00e9 et table \u00e0 hauteur d'assise<\/li>\n<li>avec table r\u00e9glable en hauteur \u00e9lectriquement<\/li>\n<li>Parois lat\u00e9rales avec aspect de lamelles de bois<\/li>\n<\/ul>\n<p>&nbsp;<\/p>","protected":false},"featured_media":15798,"template":"","meta":{"content-type":"","inline_featured_image":false},"product_brand":[],"product_cat":[207],"product_tag":[132,202],"class_list":{"0":"post-15791","1":"product","2":"type-product","3":"status-publish","4":"has-post-thumbnail","6":"product_cat-office-arbeitsbox","7":"product_tag-effizienter-schallschutz","8":"product_tag-hersteller-silen","10":"first","11":"instock","12":"taxable","13":"shipping-taxable","14":"purchasable","15":"product-type-simple"},"_links":{"self":[{"href":"https:\/\/xoros-home.de\/fr\/wp-json\/wp\/v2\/product\/15791","targetHints":{"allow":["GET"]}}],"collection":[{"href":"https:\/\/xoros-home.de\/fr\/wp-json\/wp\/v2\/product"}],"about":[{"href":"https:\/\/xoros-home.de\/fr\/wp-json\/wp\/v2\/types\/product"}],"version-history":[{"count":1,"href":"https:\/\/xoros-home.de\/fr\/wp-json\/wp\/v2\/product\/15791\/revisions"}],"predecessor-version":[{"id":15813,"href":"https:\/\/xoros-home.de\/fr\/wp-json\/wp\/v2\/product\/15791\/revisions\/15813"}],"wp:featuredmedia":[{"embeddable":true,"href":"https:\/\/xoros-home.de\/fr\/wp-json\/wp\/v2\/media\/15798"}],"wp:attachment":[{"href":"https:\/\/xoros-home.de\/fr\/wp-json\/wp\/v2\/media?parent=15791"}],"wp:term":[{"taxonomy":"product_brand","embeddable":true,"href":"https:\/\/xoros-home.de\/fr\/wp-json\/wp\/v2\/product_brand?post=15791"},{"taxonomy":"product_cat","embeddable":true,"href":"https:\/\/xoros-home.de\/fr\/wp-json\/wp\/v2\/product_cat?post=15791"},{"taxonomy":"product_tag","embeddable":true,"href":"https:\/\/xoros-home.de\/fr\/wp-json\/wp\/v2\/product_tag?post=15791"}],"curies":[{"name":"wp","href":"https:\/\/api.w.org\/{rel}","templated":true}]}}