{"id":15961,"date":"2025-03-10T13:12:48","date_gmt":"2025-03-10T12:12:48","guid":{"rendered":"https:\/\/xoros-home.de\/?post_type=product&#038;p=15961"},"modified":"2025-03-10T13:15:17","modified_gmt":"2025-03-10T12:15:17","slug":"boite-de-travail-space-m-mute","status":"publish","type":"product","link":"https:\/\/xoros-home.de\/fr\/produkt\/arbeitsbox-space-m-mute\/","title":{"rendered":"Bo\u00eete de travail Space M (MUTE)"},"content":{"rendered":"<p>Fiche de donn\u00e9es : <a href=\"https:\/\/xoros-home.de\/wp-content\/uploads\/2025\/03\/Mute_Space_M_Daten.pdf\">T\u00e9l\u00e9charger la fiche technique de la Space M<\/a>.<\/p>\n<p>La bo\u00eete de travail Space M de MUTE est disponible en deux versions diff\u00e9rentes :<\/p>\n<table>\n<tbody>\n<tr>\n<th>\u00c9quipement<\/th>\n<th>Space M Single<\/p>\n<p>(bo\u00eete de travail pour 1 personne)<\/th>\n<th>Space M Double<\/p>\n<p>(bo\u00eete de travail pour 2 personnes)<\/th>\n<\/tr>\n<tr>\n<td>Syst\u00e8me de ventilation<\/td>\n<td>contiennent<\/td>\n<td>\u00a0contiennent<\/td>\n<\/tr>\n<tr>\n<td>Lumi\u00e8re LED<\/td>\n<td>contiennent<\/td>\n<td>\u00a0contiennent<\/td>\n<\/tr>\n<tr>\n<td>D\u00e9tecteur de mouvement<\/td>\n<td>contiennent<\/td>\n<td>\u00a0contiennent<\/td>\n<\/tr>\n<tr>\n<td>1x prise de courant<\/td>\n<td>contiennent<\/td>\n<td>\u00a0contiennent<\/td>\n<\/tr>\n<tr>\n<td>Table<\/td>\n<td>au choix, hauteur 76cm (fixe) ou, contre suppl\u00e9ment, hauteur r\u00e9glable \u00e9lectriquement (63cm - 125cm)<\/td>\n<td>hauteur 110 cm, fixe<\/td>\n<\/tr>\n<tr>\n<td>Crochet mural (supporte une charge de 5 kg)<\/td>\n<td>2x inclus<\/td>\n<td>\u00a04x inclus<\/td>\n<\/tr>\n<tr>\n<td>Tapis graphite<\/td>\n<td>contiennent<\/td>\n<td>\u00a0contiennent<\/td>\n<\/tr>\n<tr>\n<td>But\u00e9e de porte<\/td>\n<td>\u00e0 gauche<\/td>\n<td>\u00e0 gauche<\/td>\n<\/tr>\n<tr>\n<td>1 ou 2 tabourets r\u00e9glables en hauteur, tissu \"Remix3<\/td>\n<td>\u2013<\/td>\n<td>moyennant un suppl\u00e9ment<\/td>\n<\/tr>\n<tr>\n<td>lampe flexible avec connexion USB-A<\/td>\n<td>moyennant un suppl\u00e9ment<\/td>\n<td>\u2013<\/td>\n<\/tr>\n<tr>\n<td>Connexion au r\u00e9seau local<\/td>\n<td>moyennant un suppl\u00e9ment<\/td>\n<td>moyennant un suppl\u00e9ment<\/td>\n<\/tr>\n<tr>\n<td>Bras pour moniteur<\/td>\n<td>moyennant un suppl\u00e9ment<\/td>\n<td>\u2013<\/td>\n<\/tr>\n<tr>\n<td>2x port de chargement USB dans le plateau de table<\/td>\n<td>moyennant un suppl\u00e9ment<\/td>\n<td>moyennant un suppl\u00e9ment<\/td>\n<\/tr>\n<tr>\n<td>Chargeur \u00e0 induction dans le plateau de table<\/td>\n<td>moyennant un suppl\u00e9ment<\/td>\n<td>moyennant un suppl\u00e9ment<\/td>\n<\/tr>\n<tr>\n<td>roulettes int\u00e9gr\u00e9es pour faciliter le d\u00e9placement<\/td>\n<td>moyennant un suppl\u00e9ment<\/td>\n<td>moyennant un suppl\u00e9ment<\/td>\n<\/tr>\n<tr>\n<td>Panneau de commande pour la lumi\u00e8re et l'\u00e9clairage<\/td>\n<td>moyennant un suppl\u00e9ment<\/td>\n<td>moyennant un suppl\u00e9ment<\/td>\n<\/tr>\n<\/tbody>\n<\/table>\n<p><strong>Dimensions et poids :<\/strong><\/p>\n<ul>\n<li>Largeur (ext\u00e9rieur \/ int\u00e9rieur) : 1600 mm \/ 1360 mm<\/li>\n<li>profondeur (ext\u00e9rieur \/ int\u00e9rieur) : 1200 mm (+ 900 mm avec porte ouverte) \/ 1080 mm<\/li>\n<li>Hauteur (ext\u00e9rieur \/ int\u00e9rieur) : 2247 mm \/ 2080 mm (distance au plafond : 2000 mm pour la ventilation)<\/li>\n<li class=\"tech-specs__field\">Poids : 540 kg<\/li>\n<\/ul>\n<p><strong>Donn\u00e9es acoustiques et ventilation :<\/strong><\/p>\n<ul>\n<li>Isolation acoustique : selon la fr\u00e9quence, entre 28 dB (sons graves) et 45 dB (fr\u00e9quences \u00e9lev\u00e9es)<\/li>\n<li>RT20 Puissance int\u00e9rieure : entre 0,1s et 0,3s (en fonction de la fr\u00e9quence) selon PN-EN ISO 354:2005<\/li>\n<li>D\u00e9bit d'air du syst\u00e8me : 108 m3\/h<\/li>\n<\/ul>\n<p><iframe src=\"https:\/\/impress.pcon-solutions.com\/?l=de&amp;embed=https%3A%2F%2Fxoroshome-my.sharepoint.com%2F%3Au%3A%2Fg%2Fpersonal%2Ffrank_ehlers_xoros-home_de%2FEYmJjPR-tyRNgS-Jawk-S_QBXE_KGPxfi-ru770sKDPqNw\" width=\"450\" height=\"450\" frameborder=\"1\" allowfullscreen=\"allowfullscreen\"><span data-mce-type=\"bookmark\" style=\"display: inline-block; width: 0px; overflow: hidden; line-height: 0;\" class=\"mce_SELRES_start\"><\/span><span data-mce-type=\"bookmark\" style=\"display: inline-block; width: 0px; overflow: hidden; line-height: 0;\" class=\"mce_SELRES_start\"><\/span><\/iframe><\/p>","protected":false},"excerpt":{"rendered":"<p>La bo\u00eete de travail Space M de Mute dispose d'une isolation phonique extr\u00eamement \u00e9lev\u00e9e, ce qui permet de l'utiliser m\u00eame dans les gares et les a\u00e9roports ! Sois donc s\u00fbr que m\u00eame si tes coll\u00e8gues sont tr\u00e8s bruyants dans le bureau paysager, tu trouveras dans la Space M un endroit pour travailler de mani\u00e8re concentr\u00e9e ou pour des conf\u00e9rences t\u00e9l\u00e9phoniques ou vid\u00e9o importantes.<\/p>\n<p>Space M existe en diff\u00e9rentes versions - pour une personne ou pour deux personnes c\u00f4te \u00e0 c\u00f4te sur le comptoir haut. En alternative, Space M peut aussi \u00eatre command\u00e9 non meubl\u00e9.<\/p>","protected":false},"featured_media":15967,"template":"","meta":{"content-type":"","inline_featured_image":false},"product_brand":[],"product_cat":[207],"product_tag":[132,142],"class_list":{"0":"post-15961","1":"product","2":"type-product","3":"status-publish","4":"has-post-thumbnail","6":"product_cat-office-arbeitsbox","7":"product_tag-effizienter-schallschutz","8":"product_tag-hersteller-mute","10":"first","11":"instock","12":"taxable","13":"shipping-taxable","14":"purchasable","15":"product-type-simple"},"_links":{"self":[{"href":"https:\/\/xoros-home.de\/fr\/wp-json\/wp\/v2\/product\/15961","targetHints":{"allow":["GET"]}}],"collection":[{"href":"https:\/\/xoros-home.de\/fr\/wp-json\/wp\/v2\/product"}],"about":[{"href":"https:\/\/xoros-home.de\/fr\/wp-json\/wp\/v2\/types\/product"}],"version-history":[{"count":0,"href":"https:\/\/xoros-home.de\/fr\/wp-json\/wp\/v2\/product\/15961\/revisions"}],"wp:featuredmedia":[{"embeddable":true,"href":"https:\/\/xoros-home.de\/fr\/wp-json\/wp\/v2\/media\/15967"}],"wp:attachment":[{"href":"https:\/\/xoros-home.de\/fr\/wp-json\/wp\/v2\/media?parent=15961"}],"wp:term":[{"taxonomy":"product_brand","embeddable":true,"href":"https:\/\/xoros-home.de\/fr\/wp-json\/wp\/v2\/product_brand?post=15961"},{"taxonomy":"product_cat","embeddable":true,"href":"https:\/\/xoros-home.de\/fr\/wp-json\/wp\/v2\/product_cat?post=15961"},{"taxonomy":"product_tag","embeddable":true,"href":"https:\/\/xoros-home.de\/fr\/wp-json\/wp\/v2\/product_tag?post=15961"}],"curies":[{"name":"wp","href":"https:\/\/api.w.org\/{rel}","templated":true}]}}