{"id":15972,"date":"2025-03-10T14:51:30","date_gmt":"2025-03-10T13:51:30","guid":{"rendered":"https:\/\/xoros-home.de\/?post_type=product&#038;p=15972"},"modified":"2025-03-10T14:51:30","modified_gmt":"2025-03-10T13:51:30","slug":"boite-telephonique-silen-space-1-silen","status":"publish","type":"product","link":"https:\/\/xoros-home.de\/fr\/produkt\/telefonbox-silen-space-1-silen\/","title":{"rendered":"Bo\u00eete t\u00e9l\u00e9phonique Silen Space 1 (Silen)"},"content":{"rendered":"<p><strong>Dimensions :<\/strong> 1,10m x 1,10m x 2,29m (ext\u00e9rieur)<\/p>\n<p><strong>poids :<\/strong> 370 kg<\/p>\n<p><strong>Livraison standard :<\/strong><\/p>\n<ul>\n<li>Parois lat\u00e9rales en blanc, noir ou gris argent\u00e9<\/li>\n<li>Lumi\u00e8re LED avec d\u00e9tecteur de pr\u00e9sence<\/li>\n<li>Syst\u00e8me de ventilation d'air int\u00e9gr\u00e9<\/li>\n<li>porte \u00e0 ouverture \u00e0 droite ou \u00e0 gauche au choix<\/li>\n<li>Parois lat\u00e9rales int\u00e9rieures avec feutre acoustique en quatre couleurs (gris clair, gris fonc\u00e9, noir ou sable)<\/li>\n<li>Moquette en trois couleurs (gris clair, gris fonc\u00e9 ou noir)<\/li>\n<li>Prise de courant 230V dans l'habitacle, y compris connexion USB-A\/C<\/li>\n<li>Roulettes int\u00e9gr\u00e9es au sol pour un d\u00e9placement facile pendant l'installation ou en cas de besoin<\/li>\n<\/ul>\n<p><strong>Disponible en option :<\/strong><\/p>\n<ul>\n<li>diff\u00e9rentes couleurs et mat\u00e9riaux pour les murs ext\u00e9rieurs (m\u00e9tal, tissu, placage en bois v\u00e9ritable)<\/li>\n<li>Am\u00e9nagement int\u00e9rieur :\n<ul>\n<li>Table \u00e0 hauteur fixe (mont\u00e9e \u00e0 1,05 m de hauteur) - avec fonction tableau blanc<\/li>\n<li>Table \u00e0 hauteur fixe (mont\u00e9e \u00e0 1,05 m de hauteur) - sans fonction tableau blanc, mais avec support pour \u00e9cran<\/li>\n<li>table r\u00e9glable en hauteur \u00e9lectriquement (70-115 cm de hauteur)<\/li>\n<li>tabouret fixe int\u00e9gr\u00e9 ou tabouret de bar<\/li>\n<\/ul>\n<\/li>\n<li>Connexion LAN<\/li>\n<li>El\u00e9ment de commande pour l'\u00e9clairage (luminosit\u00e9 et temp\u00e9rature de la lumi\u00e8re) et l'intensit\u00e9 de la ventilation<\/li>\n<li>de nombreuses autres options et possibilit\u00e9s de conception<\/li>\n<\/ul>\n<p><strong>mod\u00e8le 3D :<\/strong><\/p>\n<p><iframe src=\"https:\/\/impress.pcon-solutions.com\/?l=de&amp;embed=https%3A%2F%2Fxoroshome-my.sharepoint.com%2F%3Au%3A%2Fg%2Fpersonal%2Ffrank_ehlers_xoros-home_de%2FEb-DZuYWz7JOrDEvl_Zh16EBoDRf0UDVmr6y27am6-ZGYw\" width=\"450\" height=\"450\" frameborder=\"1\" allowfullscreen=\"allowfullscreen\"><span data-mce-type=\"bookmark\" style=\"display: inline-block; width: 0px; overflow: hidden; line-height: 0;\" class=\"mce_SELRES_start\"><\/span><span data-mce-type=\"bookmark\" style=\"display: inline-block; width: 0px; overflow: hidden; line-height: 0;\" class=\"mce_SELRES_start\"><\/span><span data-mce-type=\"bookmark\" style=\"display: inline-block; width: 0px; overflow: hidden; line-height: 0;\" class=\"mce_SELRES_start\"><\/span><span data-mce-type=\"bookmark\" style=\"display: inline-block; width: 0px; overflow: hidden; line-height: 0;\" class=\"mce_SELRES_start\"><\/span><\/iframe><\/p>","protected":false},"excerpt":{"rendered":"<p>Le Silen Space 1 est un t\u00e9l\u00e9viseur de haute qualit\u00e9 avec une excellente isolation acoustique (classe d'insonorisation A). Cela se traduit par des parois tr\u00e8s \u00e9paisses qui, en raison de la quantit\u00e9 de mat\u00e9riaux, entra\u00eenent un poids relativement \u00e9lev\u00e9 de plus de 370 kg.  Gr\u00e2ce aux roulettes int\u00e9gr\u00e9es, le Silen Space 1 peut toutefois \u00eatre facilement d\u00e9plac\u00e9 horizontalement. D'autres points forts sont la qualit\u00e9 de l'air certifi\u00e9e \u00e0 l'int\u00e9rieur et les nombreuses options d'\u00e9quipement :<\/p>\n<ul>\n<li>avec table \u00e0 hauteur fixe (debout) ou avec table r\u00e9glable en hauteur \u00e9lectriquement<\/li>\n<li>deux variantes diff\u00e9rentes pour les tabourets (int\u00e9gr\u00e9s et r\u00e9glables en hauteur ou tabourets de bar \u00e0 hauteur fixe)<\/li>\n<li>en option avec support de moniteur<\/li>\n<li>panneaux lat\u00e9raux interchangeables en m\u00e9tal \/ tissu \/ placage en bois v\u00e9ritable<\/li>\n<li>diff\u00e9rents tissus et couleurs pour l'int\u00e9rieur, l'ext\u00e9rieur, le mobilier et les tapis<\/li>\n<\/ul>\n<p>&nbsp;<\/p>","protected":false},"featured_media":15973,"template":"","meta":{"content-type":"","inline_featured_image":false},"product_brand":[],"product_cat":[131],"product_tag":[132,202],"class_list":{"0":"post-15972","1":"product","2":"type-product","3":"status-publish","4":"has-post-thumbnail","6":"product_cat-telefonbox","7":"product_tag-effizienter-schallschutz","8":"product_tag-hersteller-silen","10":"first","11":"instock","12":"taxable","13":"shipping-taxable","14":"purchasable","15":"product-type-simple"},"_links":{"self":[{"href":"https:\/\/xoros-home.de\/fr\/wp-json\/wp\/v2\/product\/15972","targetHints":{"allow":["GET"]}}],"collection":[{"href":"https:\/\/xoros-home.de\/fr\/wp-json\/wp\/v2\/product"}],"about":[{"href":"https:\/\/xoros-home.de\/fr\/wp-json\/wp\/v2\/types\/product"}],"version-history":[{"count":0,"href":"https:\/\/xoros-home.de\/fr\/wp-json\/wp\/v2\/product\/15972\/revisions"}],"wp:featuredmedia":[{"embeddable":true,"href":"https:\/\/xoros-home.de\/fr\/wp-json\/wp\/v2\/media\/15973"}],"wp:attachment":[{"href":"https:\/\/xoros-home.de\/fr\/wp-json\/wp\/v2\/media?parent=15972"}],"wp:term":[{"taxonomy":"product_brand","embeddable":true,"href":"https:\/\/xoros-home.de\/fr\/wp-json\/wp\/v2\/product_brand?post=15972"},{"taxonomy":"product_cat","embeddable":true,"href":"https:\/\/xoros-home.de\/fr\/wp-json\/wp\/v2\/product_cat?post=15972"},{"taxonomy":"product_tag","embeddable":true,"href":"https:\/\/xoros-home.de\/fr\/wp-json\/wp\/v2\/product_tag?post=15972"}],"curies":[{"name":"wp","href":"https:\/\/api.w.org\/{rel}","templated":true}]}}