{"id":16034,"date":"2025-03-14T11:59:13","date_gmt":"2025-03-14T10:59:13","guid":{"rendered":"https:\/\/xoros-home.de\/?post_type=product&#038;p=16034"},"modified":"2025-05-28T17:49:20","modified_gmt":"2025-05-28T15:49:20","slug":"coffre-de-reunion-2-places-bosselino-duo-bosse","status":"publish","type":"product","link":"https:\/\/xoros-home.de\/fr\/produkt\/2er-meetingbox-bosselino-duo-bosse\/","title":{"rendered":"Bo\u00eete de r\u00e9union 2 pi\u00e8ces Bosselino Duo (Bosse)"},"content":{"rendered":"<p><strong>D\u00e9tails du produit :<\/strong><\/p>\n<ul>\n<li>Installation \u00e9lectrique via le syst\u00e8me Plug &amp; Play<\/li>\n<li>Ventilation int\u00e9gr\u00e9e et \u00e9clairage LED<\/li>\n<li>2x charge USB A+C avec une puissance de 65 W<\/li>\n<li>Portes vitr\u00e9es en verre de s\u00e9curit\u00e9 tremp\u00e9 de 8 mm<\/li>\n<li>Table \u00e0 hauteur d'assise (m\u00e9lamin\u00e9 d\u00e9cor bois \"Ch\u00eane Lindberg\")<\/li>\n<li>Plaque de sol stable avec feutre acoustique en guise de tapis<\/li>\n<li>compensation de la hauteur pour les in\u00e9galit\u00e9s du sol jusqu'\u00e0 15 mm<\/li>\n<li>Couleurs : murs ext\u00e9rieurs blancs, murs int\u00e9rieurs en feutre PET \"kaki clair\", tapis anthracite<\/li>\n<\/ul>\n<p><strong>Donn\u00e9es techniques :<\/strong><\/p>\n<ul>\n<li>Largeur ext\u00e9rieure :<span class=\"secondary-text\"> 1909 mm<\/span><\/li>\n<li>Profondeur Ext\u00e9rieure :<span class=\"secondary-text\"> 994 mm<\/span><\/li>\n<li>Hauteur, int\u00e9rieur :<span class=\"secondary-text\"> 2018 mm<\/span><\/li>\n<li>Hauteur, ext\u00e9rieur :<span class=\"secondary-text\"> 2155 mm<\/span><\/li>\n<li>min. hauteur de la pi\u00e8ce :<span class=\"secondary-text\"> 2320 mm<\/span><\/li>\n<\/ul>\n<p><strong>la durabilit\u00e9 :<\/strong><\/p>\n<ul>\n<li>Ch\u00e2ssis en aluminium \u00e0 faible teneur en carbone - 66 % de moins d'\u00e9missions de CO2<\/li>\n<li>Enveloppe ext\u00e9rieure en mat\u00e9riau recycl\u00e9 - pour une pr\u00e9servation durable des ressources<\/li>\n<li>Parois int\u00e9rieures absorbant le son en PET recycl\u00e9 100 % - pour une acoustique agr\u00e9able dans la pi\u00e8ce<\/li>\n<li>Produit de mani\u00e8re climatiquement neutre - CO<sub>2<\/sub>-Les \u00e9missions de CO2 sont enti\u00e8rement compens\u00e9es<\/li>\n<\/ul>\n<p><strong id=\"3D\">mod\u00e8le 3D :<\/strong><\/p>\n<p><iframe src=\"https:\/\/impress.pcon-solutions.com\/?l=de&amp;embed=https%3A%2F%2Fxoroshome-my.sharepoint.com%2F%3Au%3A%2Fg%2Fpersonal%2Ffrank_ehlers_xoros-home_de%2FERt9cmfYHv9LkTfm-b1HRNgBYLHvOxmtTztquV1tuw1EmA\" width=\"560\" height=\"655\" frameborder=\"0\" allowfullscreen=\"allowfullscreen\"><span data-mce-type=\"bookmark\" style=\"display: inline-block; width: 0px; overflow: hidden; line-height: 0;\" class=\"mce_SELRES_start\"><\/span><span data-mce-type=\"bookmark\" style=\"display: inline-block; width: 0px; overflow: hidden; line-height: 0;\" class=\"mce_SELRES_start\"><\/span><span data-mce-type=\"bookmark\" style=\"display: inline-block; width: 0px; overflow: hidden; line-height: 0;\" class=\"mce_SELRES_start\"><\/span><\/iframe><\/p>\n<p>&nbsp;<\/p>\n<p>&nbsp;<\/p>\n<div style=\"border: 1px solid #444444; border-radius: 10px; padding: 10px; max-width: 400px; margin: 20px auto; background-color: #eeeeee; font-size: 12px;\">\n<p><strong>Donn\u00e9es du fabricant :<\/strong><\/p>\n<p>BOSSE Design Gesellschaft f\u00fcr innovative Office interiors mbH &amp; Co. KG<br \/>\nStahler Ufer 7<br \/>\n37671 H\u00f6xter\/Stahle<\/p>\n<p>+49 5531 1297-0<br \/>\ninfo@bosse.de<\/p>\n<\/div>\n<p>&nbsp;<\/p>","protected":false},"excerpt":{"rendered":"<p><strong>La bo\u00eete de r\u00e9union compacte pour deux - produite sans impact sur le climat<\/strong><\/p>\n<p>Le Bosselino Duo est la version \u00e9tendue du c\u00e9l\u00e8bre bo\u00eetier t\u00e9l\u00e9phonique Bosselino Uno et offre une solution intelligente, de haute qualit\u00e9 mais \u00e0 un prix abordable pour des r\u00e9unions confidentielles \u00e0 deux.<\/p>\n<p><strong>Principales caract\u00e9ristiques :<\/strong><\/p>\n<ul>\n<li>Design clair et convivial avec des panneaux multiplex en bois v\u00e9ritable marqu\u00e9s pour le sol et le plafond.<\/li>\n<li>Environ deux fois plus large que le Bosselino Uno et donc id\u00e9al pour deux personnes.<\/li>\n<li>Deux portes en verre qui s'ouvrent vers le centre - avec une fermeture magn\u00e9tique presque invisible sur le verre de s\u00e9curit\u00e9 sans cadre.<\/li>\n<li>Grande table centrale, id\u00e9ale pour les ordinateurs portables et les notes.<\/li>\n<li>Avec d\u00e9tecteur de mouvement, ventilation automatique, downlights LED<\/li>\n<li>\u00c9lectrification moderne de l'habitacle avec respectivement 2x chargeurs USB de type A+C, ce qui permet de renoncer facilement \u00e0 une prise de courant classique de type Schuko.<\/li>\n<li>\u00c9quipement optionnel :\n<ul>\n<li>Bancs en bois en m\u00e9lamine d\u00e9cor bois \"Ch\u00eane Lindberg\" avec ou sans rev\u00eatement rembourr\u00e9<\/li>\n<li>Poufs confortables (mod\u00e8le \"Allora Pouf\" \/ fabricant Dauphin).<\/li>\n<\/ul>\n<\/li>\n<\/ul>\n<h3><\/h3>\n<h3>\u00e0 partir de 5 899,00 \u20ac<\/h3>\n<p>plus livraison, montage &amp; TVA<\/p>\n<p><strong>Mat\u00e9riaux durables | Fabriqu\u00e9 en Allemagne | Multiplex en bois v\u00e9ritable | Tapis acoustique inclus<\/strong><\/p>","protected":false},"featured_media":16613,"template":"","meta":{"content-type":"","inline_featured_image":false},"product_brand":[],"product_cat":[159],"product_tag":[132,135,209,108],"class_list":{"0":"post-16034","1":"product","2":"type-product","3":"status-publish","4":"has-post-thumbnail","6":"product_cat-meetingbox","7":"product_tag-effizienter-schallschutz","8":"product_tag-hersteller-bosse","9":"product_tag-klimaneutral-produziert","10":"product_tag-made-in-germany","12":"first","13":"instock","14":"taxable","15":"shipping-taxable","16":"purchasable","17":"product-type-simple"},"_links":{"self":[{"href":"https:\/\/xoros-home.de\/fr\/wp-json\/wp\/v2\/product\/16034","targetHints":{"allow":["GET"]}}],"collection":[{"href":"https:\/\/xoros-home.de\/fr\/wp-json\/wp\/v2\/product"}],"about":[{"href":"https:\/\/xoros-home.de\/fr\/wp-json\/wp\/v2\/types\/product"}],"version-history":[{"count":1,"href":"https:\/\/xoros-home.de\/fr\/wp-json\/wp\/v2\/product\/16034\/revisions"}],"predecessor-version":[{"id":16037,"href":"https:\/\/xoros-home.de\/fr\/wp-json\/wp\/v2\/product\/16034\/revisions\/16037"}],"wp:featuredmedia":[{"embeddable":true,"href":"https:\/\/xoros-home.de\/fr\/wp-json\/wp\/v2\/media\/16613"}],"wp:attachment":[{"href":"https:\/\/xoros-home.de\/fr\/wp-json\/wp\/v2\/media?parent=16034"}],"wp:term":[{"taxonomy":"product_brand","embeddable":true,"href":"https:\/\/xoros-home.de\/fr\/wp-json\/wp\/v2\/product_brand?post=16034"},{"taxonomy":"product_cat","embeddable":true,"href":"https:\/\/xoros-home.de\/fr\/wp-json\/wp\/v2\/product_cat?post=16034"},{"taxonomy":"product_tag","embeddable":true,"href":"https:\/\/xoros-home.de\/fr\/wp-json\/wp\/v2\/product_tag?post=16034"}],"curies":[{"name":"wp","href":"https:\/\/api.w.org\/{rel}","templated":true}]}}