{"id":16303,"date":"2025-03-17T15:03:55","date_gmt":"2025-03-17T14:03:55","guid":{"rendered":"https:\/\/xoros-home.de\/?post_type=product&#038;p=16303"},"modified":"2025-03-18T13:09:39","modified_gmt":"2025-03-18T12:09:39","slug":"meetingbox-space-xl-mute","status":"publish","type":"product","link":"https:\/\/xoros-home.de\/fr\/produkt\/meetingbox-space-xl-mute\/","title":{"rendered":"Bo\u00eete de r\u00e9union Space XL (MUTE)"},"content":{"rendered":"<p>Fiche de donn\u00e9es : <a href=\"https:\/\/xoros-home.de\/wp-content\/uploads\/2025\/03\/Mute_Space_XL_Datenblatt.pdf\">T\u00e9l\u00e9charger la fiche technique de la Space XL<\/a>.<\/p>\n<p>La bo\u00eete de r\u00e9union Space XL de MUTE est disponible en deux versions diff\u00e9rentes :<\/p>\n<table>\n<tbody>\n<tr>\n<th>\u00c9quipement<\/th>\n<th>Conf\u00e9rence Space XL<\/p>\n<p>(Meetingbox pour jusqu'\u00e0 8 personnes)<\/th>\n<th>Space XL non meubl\u00e9<\/p>\n<p>&nbsp;<\/th>\n<\/tr>\n<tr>\n<td>Syst\u00e8me de ventilation<\/td>\n<td>contiennent<\/td>\n<td>\u00a0contiennent<\/td>\n<\/tr>\n<tr>\n<td>Lumi\u00e8re LED<\/td>\n<td>contiennent<\/td>\n<td>\u00a0contiennent<\/td>\n<\/tr>\n<tr>\n<td>D\u00e9tecteur de mouvement<\/td>\n<td>contiennent<\/td>\n<td>\u00a0contiennent<\/td>\n<\/tr>\n<tr>\n<td>Prises de courant<\/td>\n<td>4x dans le plateau de table<\/td>\n<td>\u00a03x dans le mur<\/td>\n<\/tr>\n<tr>\n<td>Table trap\u00e9zo\u00efdale<\/td>\n<td>74cm de haut, 2,12 m de long<\/td>\n<td>\u2013<\/td>\n<\/tr>\n<tr>\n<td>Crochet mural (supporte une charge de 5 kg)<\/td>\n<td>3x inclus<\/td>\n<td>\u00a03x inclus<\/td>\n<\/tr>\n<tr>\n<td>Tapis graphite<\/td>\n<td>contiennent<\/td>\n<td>\u00a0contiennent<\/td>\n<\/tr>\n<tr>\n<td>But\u00e9e de porte<\/td>\n<td>\u00e0 gauche ou \u00e0 droite<\/td>\n<td>\u00e0 gauche ou \u00e0 droite<\/td>\n<\/tr>\n<tr>\n<td>Panneau de commande pour la lumi\u00e8re et l'\u00e9clairage<\/td>\n<td>contiennent<\/td>\n<td>contiennent<\/td>\n<\/tr>\n<tr>\n<td>Support de moniteur<\/td>\n<td>VESA 400 contre suppl\u00e9ment<\/td>\n<td>\u2013<\/td>\n<\/tr>\n<tr>\n<td>Connexion au r\u00e9seau local<\/td>\n<td>dans le plateau de la table<\/td>\n<td>dans le mur<\/td>\n<\/tr>\n<tr>\n<td>Bras pour moniteur<\/td>\n<td>moyennant un suppl\u00e9ment<\/td>\n<td>\u2013<\/td>\n<\/tr>\n<tr>\n<td>Connecteur de charge USB<\/td>\n<td>2x dans le plateau de table + 1x entr\u00e9e pour webcam<\/td>\n<td>2x dans le mur<\/td>\n<\/tr>\n<\/tbody>\n<\/table>\n<p><strong>Dimensions et poids :<\/strong><\/p>\n<ul>\n<li>Largeur (ext\u00e9rieur \/ int\u00e9rieur) : 2450 mm \/ 2255 mm<\/li>\n<li>Profondeur (ext\u00e9rieur \/ int\u00e9rieur) : 2800 mm (+ 900 mm avec porte ouverte) \/ 26950 mm<\/li>\n<li>Hauteur (ext\u00e9rieur \/ int\u00e9rieur) : 2247 mm \/ 2140 mm (distance au plafond : +200 mm pour la ventilation)<\/li>\n<li class=\"tech-specs__field\">Poids : 1160 kg (non meubl\u00e9 1050 kg)<\/li>\n<\/ul>\n<p><strong>Donn\u00e9es acoustiques et ventilation :<\/strong><\/p>\n<ul>\n<li>Isolation acoustique : selon la fr\u00e9quence, entre 28 dB (sons graves) et 45 dB (fr\u00e9quences \u00e9lev\u00e9es)<\/li>\n<li>RT20 Puissance int\u00e9rieure : entre 0,1s et 0,3s (en fonction de la fr\u00e9quence) selon PN-EN ISO 354:2005<\/li>\n<li>D\u00e9bit d'air du syst\u00e8me : 311 m3\/h<\/li>\n<\/ul>\n<p><iframe src=\"https:\/\/impress.pcon-solutions.com\/?l=de&amp;embed=https%3A%2F%2Fxoroshome-my.sharepoint.com%2F%3Au%3A%2Fg%2Fpersonal%2Ffrank_ehlers_xoros-home_de%2FEZL2cFoOM6lOnaDl17vpxa0Bq-tW2zYA6_PymUJRMYOLAA\" width=\"450\" height=\"450\" frameborder=\"1\" allowfullscreen=\"allowfullscreen\"><span data-mce-type=\"bookmark\" style=\"display: inline-block; width: 0px; overflow: hidden; line-height: 0;\" class=\"mce_SELRES_start\"><\/span><span data-mce-type=\"bookmark\" style=\"display: inline-block; width: 0px; overflow: hidden; line-height: 0;\" class=\"mce_SELRES_start\"><\/span><span data-mce-type=\"bookmark\" style=\"display: inline-block; width: 0px; overflow: hidden; line-height: 0;\" class=\"mce_SELRES_start\"><\/span><\/iframe><\/p>","protected":false},"excerpt":{"rendered":"<p>La bo\u00eete de r\u00e9union Space XL de Mute dispose d'une isolation acoustique extr\u00eamement \u00e9lev\u00e9e qui permet de l'utiliser m\u00eame dans les gares et les a\u00e9roports ! Sois donc s\u00fbr que m\u00eame si tes coll\u00e8gues sont tr\u00e8s bruyants dans le bureau paysager, tu trouveras dans la Space XL un endroit pour les r\u00e9unions ou les conf\u00e9rences t\u00e9l\u00e9phoniques ou vid\u00e9o importantes.<\/p>\n<p>Space XL est disponible en version Conference, avec une table assortie et des prises techniques encastr\u00e9es dans le plateau (chaises \u00e0 commander s\u00e9par\u00e9ment). Il est \u00e9galement possible de commander la Space XL enti\u00e8rement non meubl\u00e9e.<\/p>","protected":false},"featured_media":16318,"template":"","meta":{"content-type":"","inline_featured_image":false},"product_brand":[],"product_cat":[159],"product_tag":[132,142],"class_list":{"0":"post-16303","1":"product","2":"type-product","3":"status-publish","4":"has-post-thumbnail","6":"product_cat-meetingbox","7":"product_tag-effizienter-schallschutz","8":"product_tag-hersteller-mute","10":"first","11":"instock","12":"taxable","13":"shipping-taxable","14":"purchasable","15":"product-type-simple"},"_links":{"self":[{"href":"https:\/\/xoros-home.de\/fr\/wp-json\/wp\/v2\/product\/16303","targetHints":{"allow":["GET"]}}],"collection":[{"href":"https:\/\/xoros-home.de\/fr\/wp-json\/wp\/v2\/product"}],"about":[{"href":"https:\/\/xoros-home.de\/fr\/wp-json\/wp\/v2\/types\/product"}],"version-history":[{"count":0,"href":"https:\/\/xoros-home.de\/fr\/wp-json\/wp\/v2\/product\/16303\/revisions"}],"wp:featuredmedia":[{"embeddable":true,"href":"https:\/\/xoros-home.de\/fr\/wp-json\/wp\/v2\/media\/16318"}],"wp:attachment":[{"href":"https:\/\/xoros-home.de\/fr\/wp-json\/wp\/v2\/media?parent=16303"}],"wp:term":[{"taxonomy":"product_brand","embeddable":true,"href":"https:\/\/xoros-home.de\/fr\/wp-json\/wp\/v2\/product_brand?post=16303"},{"taxonomy":"product_cat","embeddable":true,"href":"https:\/\/xoros-home.de\/fr\/wp-json\/wp\/v2\/product_cat?post=16303"},{"taxonomy":"product_tag","embeddable":true,"href":"https:\/\/xoros-home.de\/fr\/wp-json\/wp\/v2\/product_tag?post=16303"}],"curies":[{"name":"wp","href":"https:\/\/api.w.org\/{rel}","templated":true}]}}