{"id":16323,"date":"2025-03-17T16:06:10","date_gmt":"2025-03-17T15:06:10","guid":{"rendered":"https:\/\/xoros-home.de\/?post_type=product&#038;p=16323"},"modified":"2025-03-17T16:06:11","modified_gmt":"2025-03-17T15:06:11","slug":"boite-de-reunion-silen-space-2-silen","status":"publish","type":"product","link":"https:\/\/xoros-home.de\/fr\/produkt\/meetingbox-silen-space-2-silen\/","title":{"rendered":"Bo\u00eete de r\u00e9union Silen Space 2 (Silen)"},"content":{"rendered":"<p><strong>Dimensions :<\/strong> 2,40 m x 1,22m x 2,29m (ext\u00e9rieur)<\/p>\n<p><strong>poids :<\/strong> 670 kg<\/p>\n<p><strong>Livraison standard :<\/strong><\/p>\n<ul>\n<li>Parois lat\u00e9rales en blanc, noir ou gris argent\u00e9<\/li>\n<li>Lumi\u00e8re LED avec d\u00e9tecteur de pr\u00e9sence<\/li>\n<li>Syst\u00e8me de ventilation d'air int\u00e9gr\u00e9<\/li>\n<li>porte s'ouvrant \u00e0 gauche ou \u00e0 droite au choix<\/li>\n<li>Parois lat\u00e9rales int\u00e9rieures avec feutre acoustique en quatre couleurs (gris clair, gris fonc\u00e9, noir ou sable)<\/li>\n<li>Moquette en trois couleurs (gris clair, gris fonc\u00e9 ou noir)<\/li>\n<li>2x prise de courant 230V dans le sol<\/li>\n<li>Roulettes int\u00e9gr\u00e9es au sol pour un d\u00e9placement facile pendant l'installation ou en cas de besoin<\/li>\n<\/ul>\n<p><strong>Disponible en option :<\/strong><\/p>\n<ul>\n<li>diff\u00e9rentes couleurs et mat\u00e9riaux pour les murs ext\u00e9rieurs (m\u00e9tal, tissu, placage en bois v\u00e9ritable)<\/li>\n<li>Am\u00e9nagement int\u00e9rieur :\n<ul>\n<li>1x table \u00e0 hauteur fixe (mont\u00e9e \u00e0 0,73 m de hauteur) avec canap\u00e9 confortable \u00e0 dossier bas en diff\u00e9rents tissus\/couleurs<\/li>\n<li>2x tables mobiles pour ordinateur portable (hauteur 70cm) avec canap\u00e9 confortable \u00e0 haut dossier en diff\u00e9rents tissus\/couleurs<\/li>\n<\/ul>\n<\/li>\n<li>Connexion LAN<\/li>\n<li>El\u00e9ment de commande pour l'\u00e9clairage (luminosit\u00e9 et temp\u00e9rature de la lumi\u00e8re) et l'intensit\u00e9 de la ventilation<\/li>\n<li>Support de moniteur sur la paroi en verre arri\u00e8re<\/li>\n<li>de nombreuses autres options et possibilit\u00e9s de conception<\/li>\n<\/ul>\n<p><strong>mod\u00e8le 3D :<\/strong><\/p>\n<p><iframe src=\"https:\/\/impress.pcon-solutions.com\/?l=de&amp;embed=https%3A%2F%2Fxoroshome-my.sharepoint.com%2F%3Au%3A%2Fg%2Fpersonal%2Ffrank_ehlers_xoros-home_de%2FEbxcPPr9qt9GviVsr8nK5DQBoSM69FJ1PaxuIahvFmezVA\" width=\"450\" height=\"450\" frameborder=\"1\" allowfullscreen=\"allowfullscreen\"><span data-mce-type=\"bookmark\" style=\"display: inline-block; width: 0px; overflow: hidden; line-height: 0;\" class=\"mce_SELRES_start\"><\/span><span data-mce-type=\"bookmark\" style=\"display: inline-block; width: 0px; overflow: hidden; line-height: 0;\" class=\"mce_SELRES_start\"><\/span><span data-mce-type=\"bookmark\" style=\"display: inline-block; width: 0px; overflow: hidden; line-height: 0;\" class=\"mce_SELRES_start\"><\/span><span data-mce-type=\"bookmark\" style=\"display: inline-block; width: 0px; overflow: hidden; line-height: 0;\" class=\"mce_SELRES_start\"><\/span><\/iframe><\/p>","protected":false},"excerpt":{"rendered":"<p>Le Silen Space 2 est une bo\u00eete de r\u00e9union de haute qualit\u00e9 avec une excellente isolation acoustique (classe d'insonorisation A). Cela se traduit par des parois tr\u00e8s \u00e9paisses qui, en raison de la quantit\u00e9 de mat\u00e9riaux, entra\u00eenent un poids relativement \u00e9lev\u00e9 de 670 kg.  Gr\u00e2ce aux roulettes int\u00e9gr\u00e9es, le Silen Space 2 peut \u00eatre facilement d\u00e9plac\u00e9 horizontalement. D'autres points forts sont la qualit\u00e9 de l'air certifi\u00e9e \u00e0 l'int\u00e9rieur et les nombreuses options d'\u00e9quipement :<\/p>\n<ul>\n<li>deux int\u00e9rieurs diff\u00e9rents (combinaison canap\u00e9-table) disponibles<\/li>\n<li>panneaux lat\u00e9raux interchangeables en m\u00e9tal \/ tissu \/ placage en bois v\u00e9ritable<\/li>\n<li>diff\u00e9rents tissus et couleurs pour l'int\u00e9rieur, l'ext\u00e9rieur, le mobilier et les tapis<\/li>\n<\/ul>\n<p>Du point de vue des dimensions, le Silen Space 2 peut - comme son nom l'indique - accueillir confortablement deux personnes. Les dimensions sont toutefois trop g\u00e9n\u00e9reuses pour que le Meeingbox puisse th\u00e9oriquement accueillir jusqu'\u00e0 quatre personnes en resserrant un peu l'espace entre les si\u00e8ges (avec alors encore 58 cm de largeur d'assise par personne).<\/p>","protected":false},"featured_media":16325,"template":"","meta":{"content-type":"","inline_featured_image":false},"product_brand":[],"product_cat":[159],"product_tag":[132,202],"class_list":{"0":"post-16323","1":"product","2":"type-product","3":"status-publish","4":"has-post-thumbnail","6":"product_cat-meetingbox","7":"product_tag-effizienter-schallschutz","8":"product_tag-hersteller-silen","10":"first","11":"instock","12":"taxable","13":"shipping-taxable","14":"purchasable","15":"product-type-simple"},"_links":{"self":[{"href":"https:\/\/xoros-home.de\/fr\/wp-json\/wp\/v2\/product\/16323","targetHints":{"allow":["GET"]}}],"collection":[{"href":"https:\/\/xoros-home.de\/fr\/wp-json\/wp\/v2\/product"}],"about":[{"href":"https:\/\/xoros-home.de\/fr\/wp-json\/wp\/v2\/types\/product"}],"version-history":[{"count":0,"href":"https:\/\/xoros-home.de\/fr\/wp-json\/wp\/v2\/product\/16323\/revisions"}],"wp:featuredmedia":[{"embeddable":true,"href":"https:\/\/xoros-home.de\/fr\/wp-json\/wp\/v2\/media\/16325"}],"wp:attachment":[{"href":"https:\/\/xoros-home.de\/fr\/wp-json\/wp\/v2\/media?parent=16323"}],"wp:term":[{"taxonomy":"product_brand","embeddable":true,"href":"https:\/\/xoros-home.de\/fr\/wp-json\/wp\/v2\/product_brand?post=16323"},{"taxonomy":"product_cat","embeddable":true,"href":"https:\/\/xoros-home.de\/fr\/wp-json\/wp\/v2\/product_cat?post=16323"},{"taxonomy":"product_tag","embeddable":true,"href":"https:\/\/xoros-home.de\/fr\/wp-json\/wp\/v2\/product_tag?post=16323"}],"curies":[{"name":"wp","href":"https:\/\/api.w.org\/{rel}","templated":true}]}}