{"id":16516,"date":"2024-03-26T12:50:24","date_gmt":"2024-03-26T11:50:24","guid":{"rendered":"https:\/\/xoros-home.de\/?post_type=product&#038;p=16516"},"modified":"2025-04-27T09:31:45","modified_gmt":"2025-04-27T07:31:45","slug":"siege-pivotant-sequel-dauphin","status":"publish","type":"product","link":"https:\/\/xoros-home.de\/fr\/produkt\/drehstuhl-sequel-dauphin\/","title":{"rendered":"Si\u00e8ge de travail Sequel (Dauphin)"},"content":{"rendered":"<p>Variantes configurables de la chaise pivotante Sequel :<\/p>\n<ul>\n<li>Dossier en filet ou rembourr\u00e9<\/li>\n<li>roulettes dures ou souples (\u00e0 choisir en fonction du rev\u00eatement de sol)<\/li>\n<li>Couleur du tissu (type de tissu \"Polo\") pour l'assise ou le dossier (si rembourr\u00e9, sinon mat\u00e9riau mesh en noir)<\/li>\n<\/ul>\n<p>&nbsp;<\/p>\n<p>&nbsp;<\/p>\n<p><strong>mod\u00e8le 3D :<\/strong><\/p>\n<p><iframe src=\"https:\/\/impress.pcon-solutions.com\/?l=de&amp;embed=https%3A%2F%2Fxoroshome-my.sharepoint.com%2F%3Au%3A%2Fg%2Fpersonal%2Ffrank_ehlers_xoros-home_de%2FEVbcHPUmztxOpN0qb7NjhVYBxta924gd2jXTwxd35klvng\" width=\"450\" height=\"450\" frameborder=\"1\" allowfullscreen=\"allowfullscreen\"><\/iframe><\/p>\n<p>&nbsp;<\/p>\n<div style=\"border: 1px solid #444444; border-radius: 10px; padding: 10px; max-width: 400px; margin: 20px auto; background-color: #eeeeee; font-size: 12px;\">\n<p><strong>Donn\u00e9es du fabricant :<\/strong><\/p>\n<p>Dauphin HumanDesign\u00ae Group GmbH &amp; Co. KG<br \/>\n36, rue Espan<br \/>\nD-91238 Offenhausen<\/p>\n<p>T\u00e9l. +49 9158 17-700<br \/>\nInternet www.dauphin-group.com<br \/>\nCourrier \u00e9lectronique info@dauphin-group.com<\/p>\n<\/div>\n<p>&nbsp;<\/p>","protected":false},"excerpt":{"rendered":"<p>La chaise pivotante Sequel est un compagnon robuste et ergonomique pour le travail quotidien au bureau. Sa capacit\u00e9 de charge de 150 kg et sa garantie de 10 ans parlent d'elles-m\u00eames.<\/p>\n<p>\u00c9quip\u00e9 de nombreuses caract\u00e9ristiques ergonomiques et de possibilit\u00e9s de r\u00e9glage, comme par exemple un soutien lombaire r\u00e9glable en hauteur, un r\u00e9glage de la profondeur d'assise ou des accoudoirs r\u00e9glables en hauteur et en largeur, il fait tr\u00e8s bonne figure aussi bien avec un dossier en maille (mod\u00e8le \"Sequel Mesh\") qu'avec un dossier rembourr\u00e9 (mod\u00e8le \"Sequel Operator\").<\/p>","protected":false},"featured_media":16593,"template":"","meta":{"content-type":"","inline_featured_image":false},"product_brand":[],"product_cat":[192,41],"product_tag":[58],"class_list":{"0":"post-16516","1":"product","2":"type-product","3":"status-publish","4":"has-post-thumbnail","6":"product_cat-office-drehstuehle","7":"product_cat-schreibtischstuehle","8":"product_tag-hersteller-dauphin","10":"first","11":"instock","12":"taxable","13":"shipping-taxable","14":"purchasable","15":"product-type-simple"},"_links":{"self":[{"href":"https:\/\/xoros-home.de\/fr\/wp-json\/wp\/v2\/product\/16516","targetHints":{"allow":["GET"]}}],"collection":[{"href":"https:\/\/xoros-home.de\/fr\/wp-json\/wp\/v2\/product"}],"about":[{"href":"https:\/\/xoros-home.de\/fr\/wp-json\/wp\/v2\/types\/product"}],"version-history":[{"count":1,"href":"https:\/\/xoros-home.de\/fr\/wp-json\/wp\/v2\/product\/16516\/revisions"}],"predecessor-version":[{"id":16524,"href":"https:\/\/xoros-home.de\/fr\/wp-json\/wp\/v2\/product\/16516\/revisions\/16524"}],"wp:featuredmedia":[{"embeddable":true,"href":"https:\/\/xoros-home.de\/fr\/wp-json\/wp\/v2\/media\/16593"}],"wp:attachment":[{"href":"https:\/\/xoros-home.de\/fr\/wp-json\/wp\/v2\/media?parent=16516"}],"wp:term":[{"taxonomy":"product_brand","embeddable":true,"href":"https:\/\/xoros-home.de\/fr\/wp-json\/wp\/v2\/product_brand?post=16516"},{"taxonomy":"product_cat","embeddable":true,"href":"https:\/\/xoros-home.de\/fr\/wp-json\/wp\/v2\/product_cat?post=16516"},{"taxonomy":"product_tag","embeddable":true,"href":"https:\/\/xoros-home.de\/fr\/wp-json\/wp\/v2\/product_tag?post=16516"}],"curies":[{"name":"wp","href":"https:\/\/api.w.org\/{rel}","templated":true}]}}