{"id":16567,"date":"2025-04-16T15:19:34","date_gmt":"2025-04-16T13:19:34","guid":{"rendered":"https:\/\/xoros-home.de\/?post_type=product&#038;p=16567"},"modified":"2025-04-16T16:44:16","modified_gmt":"2025-04-16T14:44:16","slug":"meetingbox-meet-up-xxl-studiobricks","status":"publish","type":"product","link":"https:\/\/xoros-home.de\/fr\/produkt\/meetingbox-meet-up-xxl-studiobricks\/","title":{"rendered":"Bo\u00eete de r\u00e9union MEET-UP XXL (Studiobricks)"},"content":{"rendered":"<p><strong>mod\u00e8le 3D :<\/strong><\/p>\n<p>(ici dans la variante \"MEET-UP-XXL Video Call\")<\/p>\n<p><iframe src=\"https:\/\/impress.pcon-solutions.com\/?l=de&amp;embed=https%3A%2F%2Fxoroshome-my.sharepoint.com%2F%3Au%3A%2Fg%2Fpersonal%2Ffrank_ehlers_xoros-home_de%2FEfXQOrD15qdDu3T-lVGmvj8Bkhme5ijbyiz10RH6XcF6VA\" width=\"450\" height=\"450\" frameborder=\"1\" allowfullscreen=\"allowfullscreen\"><span data-mce-type=\"bookmark\" style=\"display: inline-block; width: 0px; overflow: hidden; line-height: 0;\" class=\"mce_SELRES_start\"><\/span><span data-mce-type=\"bookmark\" style=\"display: inline-block; width: 0px; overflow: hidden; line-height: 0;\" class=\"mce_SELRES_start\"><\/span><\/iframe><\/p>","protected":false},"excerpt":{"rendered":"<p>Studiobricks est un fabricant espagnol de cabines d'insonorisation qui a grandi avec des produits sp\u00e9ciaux dans le domaine de la musique \/ du studio \/ de l'enregistrement audio. La gamme de produits originale de Studiobricks provient donc d'un domaine o\u00f9 l'acoustique joue un r\u00f4le primordial et o\u00f9 les exigences en mati\u00e8re d'insonorisation et de qualit\u00e9 sonore sont tr\u00e8s diff\u00e9rentes de celles d'un bureau traditionnel. Il n'est donc pas \u00e9tonnant que la gamme Office de Studiobricks puisse \u00e9galement briller par les meilleures valeurs d'insonorisation du march\u00e9 et r\u00e9pondre aux exigences les plus \u00e9lev\u00e9es.<\/p>\n<p>La s\u00e9rie de mod\u00e8les MEET-UP-XXL de Studiobricks offre, sur une surface de 2,28 x 1,98 m\u00e8tres, diff\u00e9rentes options d'\u00e9quipement pour des r\u00e9unions jusqu'\u00e0 six personnes. Les variantes suivantes sont disponibles chez nous :<\/p>\n<ul>\n<li>MEET-UP-XXL Standard : Meetingbox vide (mobilier \u00e0 commander s\u00e9par\u00e9ment)<\/li>\n<li>MEET-UP-XXL Sit : box de r\u00e9union avec deux bancs rembourr\u00e9s sur toute la profondeur et une table de r\u00e9union assortie<\/li>\n<li>MEET-UP-XXL Ergonomic : Meetingbox avec grande table r\u00e9glable en hauteur \u00e9lectriquement<\/li>\n<li>MEET-UP-XXL Video Call : \u00e9quipement avec table et bancs comme dans la variante \"Sit\", mais avec en plus un moniteur \u00e0 \u00e9cran tactile adapt\u00e9 avec cam\u00e9ra int\u00e9gr\u00e9e.<\/li>\n<\/ul>\n<p>Le Meetingbox MEET-UP-XXL peut \u00eatre configur\u00e9 individuellement. Moyennant un suppl\u00e9ment, d'autres couleurs, d'autres mat\u00e9riaux, des panneaux arri\u00e8re vitr\u00e9s, etc. sont entre autres disponibles. Nous vous conseillons volontiers sur les options qui vous int\u00e9ressent !<\/p>","protected":false},"featured_media":16574,"template":"","meta":{"content-type":"","inline_featured_image":false},"product_brand":[],"product_cat":[159],"product_tag":[132,198],"class_list":{"0":"post-16567","1":"product","2":"type-product","3":"status-publish","4":"has-post-thumbnail","6":"product_cat-meetingbox","7":"product_tag-effizienter-schallschutz","8":"product_tag-hersteller-studiobricks","10":"first","11":"instock","12":"taxable","13":"shipping-taxable","14":"purchasable","15":"product-type-simple"},"_links":{"self":[{"href":"https:\/\/xoros-home.de\/fr\/wp-json\/wp\/v2\/product\/16567","targetHints":{"allow":["GET"]}}],"collection":[{"href":"https:\/\/xoros-home.de\/fr\/wp-json\/wp\/v2\/product"}],"about":[{"href":"https:\/\/xoros-home.de\/fr\/wp-json\/wp\/v2\/types\/product"}],"version-history":[{"count":0,"href":"https:\/\/xoros-home.de\/fr\/wp-json\/wp\/v2\/product\/16567\/revisions"}],"wp:featuredmedia":[{"embeddable":true,"href":"https:\/\/xoros-home.de\/fr\/wp-json\/wp\/v2\/media\/16574"}],"wp:attachment":[{"href":"https:\/\/xoros-home.de\/fr\/wp-json\/wp\/v2\/media?parent=16567"}],"wp:term":[{"taxonomy":"product_brand","embeddable":true,"href":"https:\/\/xoros-home.de\/fr\/wp-json\/wp\/v2\/product_brand?post=16567"},{"taxonomy":"product_cat","embeddable":true,"href":"https:\/\/xoros-home.de\/fr\/wp-json\/wp\/v2\/product_cat?post=16567"},{"taxonomy":"product_tag","embeddable":true,"href":"https:\/\/xoros-home.de\/fr\/wp-json\/wp\/v2\/product_tag?post=16567"}],"curies":[{"name":"wp","href":"https:\/\/api.w.org\/{rel}","templated":true}]}}