{"id":16587,"date":"2025-04-24T16:46:42","date_gmt":"2025-04-24T14:46:42","guid":{"rendered":"https:\/\/xoros-home.de\/?post_type=product&#038;p=16587"},"modified":"2025-04-24T16:46:42","modified_gmt":"2025-04-24T14:46:42","slug":"cloison-de-bureau-viteco-assmann-home","status":"publish","type":"product","link":"https:\/\/xoros-home.de\/fr\/produkt\/schreibtischtrennwand-viteco-assmann-home\/","title":{"rendered":"Cloison de bureau VITECO (ASSMANN Home)"},"content":{"rendered":"<p>La cloison de bureau \"VITECO\" est une solution pratique et \u00e9conomique pour s\u00e9parer visuellement les bureaux ou les s\u00e9parer de l'espace libre. La cloison ne fait pas seulement office de protection visuelle, elle est \u00e9galement insonorisante ! Elle est fabriqu\u00e9e en feutre PET avec un minimum de 75% de mati\u00e8re recycl\u00e9e.<\/p>\n<p>Avec la cloison de bureau \"VITECO\", vous avez le choix entre plusieurs variantes :<\/p>\n<ul>\n<li>feutre PET gris clair - couleur \"Harbor\" ou feutre PET gris fonc\u00e9 - couleur \"Sesame<\/li>\n<li>largeur au choix en 140 cm ou 160 cm (56 cm de hauteur dans les deux cas)<\/li>\n<li>pince de table pratique en trois couleurs (noir, blanc, aluminium)<\/li>\n<\/ul>\n<p>&nbsp;<\/p>\n<p><iframe src=\"https:\/\/impress.pcon-solutions.com\/?l=de&amp;embed=https%3A%2F%2Fxoroshome-my.sharepoint.com%2F%3Au%3A%2Fg%2Fpersonal%2Ffrank_ehlers_xoros-home_de%2FEdP7uPTdtyBPpfbGG4UE9TcBs0ERl9ctZcyBEZ2NI1o9Ag\" width=\"450\" height=\"450\" frameborder=\"1\" allowfullscreen=\"allowfullscreen\"><span data-mce-type=\"bookmark\" style=\"display: inline-block; width: 0px; overflow: hidden; line-height: 0;\" class=\"mce_SELRES_start\"><\/span><\/iframe>,<\/p>\n<div style=\"border: 1px solid #444444; border-radius: 10px; padding: 10px; max-width: 400px; margin: 20px auto; background-color: #eeeeee; font-size: 12px;\">\n<p><strong>Donn\u00e9es du fabricant :<\/strong><\/p>\n<p>ASSMANN B\u00fcrom\u00f6bel GmbH &amp; Co. KG<\/p>\n<p>11, rue Heinrich Assmann<br \/>\n49324 Melle \/ Allemagne<\/p>\n<p>T\u00e9l\u00e9phone : +49 (0) 5422 706-0<br \/>\nCourrier \u00e9lectronique : assmann@assmann.de<\/p>\n<\/div>\n<p>&nbsp;<\/p>","protected":false},"excerpt":{"rendered":"<ul>\n<li><strong>Cloison de bureau :<\/strong> Protection visuelle &amp; isolation acoustique en un - pour plus de calme et d'intimit\u00e9 sur le lieu de travail<\/li>\n<li><strong>Compatible avec :<\/strong> <a href=\"https:\/\/xoros-home.de\/fr\/produits-homeoffice\/bureau-electrique-reglable-en-hauteur-y-line-assmann-home\/\">Bureau Y-Line \u00e0 hauteur r\u00e9glable \u00e9lectriquement (ASSMANN Home)<\/a><\/li>\n<li><strong>Dimensions<\/strong>: 140cm de large ou 160cm de large, 56cm de haut, 1,2cm d'\u00e9paisseur.<\/li>\n<\/ul>","protected":false},"featured_media":16590,"template":"","meta":{"content-type":"","inline_featured_image":false},"product_brand":[],"product_cat":[189,64],"product_tag":[203,108,113],"class_list":{"0":"post-16587","1":"product","2":"type-product","3":"status-publish","4":"has-post-thumbnail","6":"product_cat-office-schreibtische","7":"product_cat-zubehoer","8":"product_tag-hersteller-assmann-home","9":"product_tag-made-in-germany","10":"product_tag-schnelle-lieferung","12":"first","13":"instock","14":"taxable","15":"shipping-taxable","16":"purchasable","17":"product-type-simple"},"_links":{"self":[{"href":"https:\/\/xoros-home.de\/fr\/wp-json\/wp\/v2\/product\/16587","targetHints":{"allow":["GET"]}}],"collection":[{"href":"https:\/\/xoros-home.de\/fr\/wp-json\/wp\/v2\/product"}],"about":[{"href":"https:\/\/xoros-home.de\/fr\/wp-json\/wp\/v2\/types\/product"}],"version-history":[{"count":0,"href":"https:\/\/xoros-home.de\/fr\/wp-json\/wp\/v2\/product\/16587\/revisions"}],"wp:featuredmedia":[{"embeddable":true,"href":"https:\/\/xoros-home.de\/fr\/wp-json\/wp\/v2\/media\/16590"}],"wp:attachment":[{"href":"https:\/\/xoros-home.de\/fr\/wp-json\/wp\/v2\/media?parent=16587"}],"wp:term":[{"taxonomy":"product_brand","embeddable":true,"href":"https:\/\/xoros-home.de\/fr\/wp-json\/wp\/v2\/product_brand?post=16587"},{"taxonomy":"product_cat","embeddable":true,"href":"https:\/\/xoros-home.de\/fr\/wp-json\/wp\/v2\/product_cat?post=16587"},{"taxonomy":"product_tag","embeddable":true,"href":"https:\/\/xoros-home.de\/fr\/wp-json\/wp\/v2\/product_tag?post=16587"}],"curies":[{"name":"wp","href":"https:\/\/api.w.org\/{rel}","templated":true}]}}