{"id":4842,"date":"2022-01-19T09:57:56","date_gmt":"2022-01-19T08:57:56","guid":{"rendered":"https:\/\/xoros-home.de\/?post_type=product&#038;p=4842"},"modified":"2024-02-23T12:17:59","modified_gmt":"2024-02-23T11:17:59","slug":"aeris-swopper","status":"publish","type":"product","link":"https:\/\/xoros-home.de\/fr\/produkt\/aeris-swopper\/","title":{"rendered":"Swopper (Aeris)"},"content":{"rendered":"","protected":false},"excerpt":{"rendered":"<p>L'\"Aeris Swopper\" est id\u00e9al lorsque l'espace de travail \u00e0 domicile est limit\u00e9. Une assise saine et dynamique dans un espace minimal. Apr\u00e8s le travail, l'\"Aeris Swopper\" dispara\u00eet sous la table pour gagner de la place.<\/p>","protected":false},"featured_media":5476,"template":"","meta":{"content-type":"","inline_featured_image":false},"product_brand":[],"product_cat":[190,39,192,41],"product_tag":[112,44,48,45],"class_list":{"0":"post-4842","1":"product","2":"type-product","3":"status-publish","4":"has-post-thumbnail","6":"product_cat-homeoffice-specials","7":"product_cat-moebel","8":"product_cat-office-drehstuehle","9":"product_cat-schreibtischstuehle","10":"product_tag-einfache-selbstmontage","11":"product_tag-ergonomisch","12":"product_tag-hersteller-aeris","13":"product_tag-platzsparend","15":"first","16":"instock","17":"taxable","18":"shipping-taxable","19":"purchasable","20":"product-type-simple"},"_links":{"self":[{"href":"https:\/\/xoros-home.de\/fr\/wp-json\/wp\/v2\/product\/4842","targetHints":{"allow":["GET"]}}],"collection":[{"href":"https:\/\/xoros-home.de\/fr\/wp-json\/wp\/v2\/product"}],"about":[{"href":"https:\/\/xoros-home.de\/fr\/wp-json\/wp\/v2\/types\/product"}],"version-history":[{"count":0,"href":"https:\/\/xoros-home.de\/fr\/wp-json\/wp\/v2\/product\/4842\/revisions"}],"wp:featuredmedia":[{"embeddable":true,"href":"https:\/\/xoros-home.de\/fr\/wp-json\/wp\/v2\/media\/5476"}],"wp:attachment":[{"href":"https:\/\/xoros-home.de\/fr\/wp-json\/wp\/v2\/media?parent=4842"}],"wp:term":[{"taxonomy":"product_brand","embeddable":true,"href":"https:\/\/xoros-home.de\/fr\/wp-json\/wp\/v2\/product_brand?post=4842"},{"taxonomy":"product_cat","embeddable":true,"href":"https:\/\/xoros-home.de\/fr\/wp-json\/wp\/v2\/product_cat?post=4842"},{"taxonomy":"product_tag","embeddable":true,"href":"https:\/\/xoros-home.de\/fr\/wp-json\/wp\/v2\/product_tag?post=4842"}],"curies":[{"name":"wp","href":"https:\/\/api.w.org\/{rel}","templated":true}]}}