{"id":4868,"date":"2022-01-19T16:55:17","date_gmt":"2022-01-19T15:55:17","guid":{"rendered":"https:\/\/xoros-home.de\/?post_type=product&#038;p=4868"},"modified":"2024-02-23T10:55:26","modified_gmt":"2024-02-23T09:55:26","slug":"flatmate-secretaire-murale-mueller-small-living","status":"publish","type":"product","link":"https:\/\/xoros-home.de\/fr\/produkt\/flatmate-wandsekretaer-mueller-small-living\/","title":{"rendered":"Flatmate secr\u00e9taire mural (M\u00fcller Small Living)"},"content":{"rendered":"","protected":false},"excerpt":{"rendered":"<p>Avec le secr\u00e9taire mural pliable \"Flatmate\" de M\u00fcller Small Living, chaque pi\u00e8ce devient un bureau \u00e0 domicile ! Il suffit d'un pan de mur libre dans l'entr\u00e9e ou la chambre \u00e0 coucher - le Flatmate pratique fait le reste gr\u00e2ce \u00e0 sa structure bien pens\u00e9e.<\/p>\n<p>Plateau rabattable, espace de rangement dans le panneau arri\u00e8re, prises de courant int\u00e9gr\u00e9es et \u00e9clairage LED... un miracle d'espace styl\u00e9. Apr\u00e8s le travail, le Flatmate fait honneur \u00e0 son nom avec seulement 12,2 cm de profondeur.<\/p>","protected":false},"featured_media":4907,"template":"","meta":{"content-type":"","inline_featured_image":false},"product_brand":[],"product_cat":[191,39,40],"product_tag":[49,51,45],"class_list":{"0":"post-4868","1":"product","2":"type-product","3":"status-publish","4":"has-post-thumbnail","6":"product_cat-homeoffice-design-premium","7":"product_cat-moebel","8":"product_cat-schreibtische","9":"product_tag-hersteller-mueller-small-living","10":"product_tag-klappbar","11":"product_tag-platzsparend","13":"first","14":"instock","15":"taxable","16":"shipping-taxable","17":"purchasable","18":"product-type-simple"},"_links":{"self":[{"href":"https:\/\/xoros-home.de\/fr\/wp-json\/wp\/v2\/product\/4868","targetHints":{"allow":["GET"]}}],"collection":[{"href":"https:\/\/xoros-home.de\/fr\/wp-json\/wp\/v2\/product"}],"about":[{"href":"https:\/\/xoros-home.de\/fr\/wp-json\/wp\/v2\/types\/product"}],"version-history":[{"count":1,"href":"https:\/\/xoros-home.de\/fr\/wp-json\/wp\/v2\/product\/4868\/revisions"}],"predecessor-version":[{"id":5120,"href":"https:\/\/xoros-home.de\/fr\/wp-json\/wp\/v2\/product\/4868\/revisions\/5120"}],"wp:featuredmedia":[{"embeddable":true,"href":"https:\/\/xoros-home.de\/fr\/wp-json\/wp\/v2\/media\/4907"}],"wp:attachment":[{"href":"https:\/\/xoros-home.de\/fr\/wp-json\/wp\/v2\/media?parent=4868"}],"wp:term":[{"taxonomy":"product_brand","embeddable":true,"href":"https:\/\/xoros-home.de\/fr\/wp-json\/wp\/v2\/product_brand?post=4868"},{"taxonomy":"product_cat","embeddable":true,"href":"https:\/\/xoros-home.de\/fr\/wp-json\/wp\/v2\/product_cat?post=4868"},{"taxonomy":"product_tag","embeddable":true,"href":"https:\/\/xoros-home.de\/fr\/wp-json\/wp\/v2\/product_tag?post=4868"}],"curies":[{"name":"wp","href":"https:\/\/api.w.org\/{rel}","templated":true}]}}