{"id":4943,"date":"2022-01-21T13:44:37","date_gmt":"2022-01-21T12:44:37","guid":{"rendered":"https:\/\/xoros-home.de\/?post_type=product&#038;p=4943"},"modified":"2024-02-23T12:17:38","modified_gmt":"2024-02-23T11:17:38","slug":"capisco-8106-hag","status":"publish","type":"product","link":"https:\/\/xoros-home.de\/fr\/produkt\/capisco-8106-hag\/","title":{"rendered":"Capisco 8106 gris clair - argent (H\u00c5G)"},"content":{"rendered":"<p>CHOIX DE TISSU Light grey Cura (Gabriel) CU60110<br \/>\nB\u00c2TIMENT Argent MC012<br \/>\nRESSORT A GAZ Ressort \u00e0 gaz 200 mm LI002<br \/>\nPIEDS Pied en aluminium G3 FB034<br \/>\nROULEAU Roulettes souples pour sols durs CA006<br \/>\nMATI\u00c8RE R\u00c9F\u00c9RENTE Mousse - Standard FC001<\/p>\n<p><strong>Informations sur le choix des tissus :<\/strong><\/p>\n<p>Cura est un tissu bicolore compos\u00e9 \u00e0 98% de polyester recycl\u00e9 post-consommation. Il pr\u00e9sente une texture mate, l\u00e9g\u00e8rement irr\u00e9guli\u00e8re et d'aspect naturel, dans laquelle les fibres grises sombres sous-jacentes cr\u00e9ent un effet de m\u00e9lange discret mais vivant. En raison de sa grande r\u00e9sistance et de son extensibilit\u00e9, ainsi que de son toucher doux et volumineux, Cura convient aussi bien pour les meubles de bureau que pour les meubles de salon.<\/p>\n<p><strong>Composition :<\/strong>\u00a098% polyester recycl\u00e9 post-consommation, 2% polyester<\/p>\n<p>&nbsp;<\/p>\n<figure id=\"attachment_4946\" aria-describedby=\"caption-attachment-4946\" style=\"width: 768px\" class=\"wp-caption alignnone\"><img fetchpriority=\"high\" decoding=\"async\" class=\"wp-image-4946 size-large\" src=\"https:\/\/xoros-home.de\/wp-content\/uploads\/2022\/01\/Capisco-8106_4102_3Newspaper-768x1024.jpg\" alt=\"\" width=\"768\" height=\"1024\" srcset=\"https:\/\/xoros-home.de\/wp-content\/uploads\/2022\/01\/Capisco-8106_4102_3Newspaper-768x1024.jpg 768w, https:\/\/xoros-home.de\/wp-content\/uploads\/2022\/01\/Capisco-8106_4102_3Newspaper-600x801.jpg 600w, https:\/\/xoros-home.de\/wp-content\/uploads\/2022\/01\/Capisco-8106_4102_3Newspaper-225x300.jpg 225w, https:\/\/xoros-home.de\/wp-content\/uploads\/2022\/01\/Capisco-8106_4102_3Newspaper-1152x1536.jpg 1152w, https:\/\/xoros-home.de\/wp-content\/uploads\/2022\/01\/Capisco-8106_4102_3Newspaper.jpg 1200w\" sizes=\"(max-width: 768px) 100vw, 768px\" \/><figcaption id=\"caption-attachment-4946\" class=\"wp-caption-text\">Gr\u00e2ce \u00e0 son \u00e9l\u00e9gant choix de tissus, le Capisco est tr\u00e8s confortable ! (l'illustration montre un autre \u00e9quipement)<\/figcaption><\/figure>","protected":false},"excerpt":{"rendered":"<p>La particularit\u00e9 de la chaise Capisco est qu'elle permet, gr\u00e2ce \u00e0 la forme en selle de l'assise, de s'asseoir de diff\u00e9rentes mani\u00e8res dans les quatre directions. \"Le Capisco n'est pas \u00e0 l'envers ! La forme bien pens\u00e9e du dossier permet une position assise confortable dans toutes les positions.<\/p>\n<p>H\u00c5G Capisco 8106 est \u00e9quip\u00e9 d'une assise et d'un dossier. Le si\u00e8ge-selle est r\u00e9glable en hauteur, de la position de travail basse \u00e0 la position debout en passant par la position sur\u00e9lev\u00e9e. Vous pouvez ainsi bouger librement tout en restant assis confortablement et en \u00e9quilibre. La profondeur d'assise et la hauteur du dossier peuvent \u00eatre ajust\u00e9es individuellement. L'angle d'inclinaison est r\u00e9glable et verrouillable.<\/p>\n<p><strong>Mod\u00e8le \"light grey - argent\" : <\/strong>rev\u00eatement en tissu gris clair, structure et pi\u00e9tement argent\u00e9s.<\/p>\n<p>&nbsp;<\/p>","protected":false},"featured_media":8604,"template":"","meta":{"content-type":"","inline_featured_image":false},"product_brand":[],"product_cat":[191,39,41],"product_tag":[112,44,53],"class_list":{"0":"post-4943","1":"product","2":"type-product","3":"status-publish","4":"has-post-thumbnail","6":"product_cat-homeoffice-design-premium","7":"product_cat-moebel","8":"product_cat-schreibtischstuehle","9":"product_tag-einfache-selbstmontage","10":"product_tag-ergonomisch","11":"product_tag-hersteller-hag","13":"first","14":"instock","15":"taxable","16":"shipping-taxable","17":"purchasable","18":"product-type-simple"},"_links":{"self":[{"href":"https:\/\/xoros-home.de\/fr\/wp-json\/wp\/v2\/product\/4943","targetHints":{"allow":["GET"]}}],"collection":[{"href":"https:\/\/xoros-home.de\/fr\/wp-json\/wp\/v2\/product"}],"about":[{"href":"https:\/\/xoros-home.de\/fr\/wp-json\/wp\/v2\/types\/product"}],"version-history":[{"count":1,"href":"https:\/\/xoros-home.de\/fr\/wp-json\/wp\/v2\/product\/4943\/revisions"}],"predecessor-version":[{"id":5134,"href":"https:\/\/xoros-home.de\/fr\/wp-json\/wp\/v2\/product\/4943\/revisions\/5134"}],"wp:featuredmedia":[{"embeddable":true,"href":"https:\/\/xoros-home.de\/fr\/wp-json\/wp\/v2\/media\/8604"}],"wp:attachment":[{"href":"https:\/\/xoros-home.de\/fr\/wp-json\/wp\/v2\/media?parent=4943"}],"wp:term":[{"taxonomy":"product_brand","embeddable":true,"href":"https:\/\/xoros-home.de\/fr\/wp-json\/wp\/v2\/product_brand?post=4943"},{"taxonomy":"product_cat","embeddable":true,"href":"https:\/\/xoros-home.de\/fr\/wp-json\/wp\/v2\/product_cat?post=4943"},{"taxonomy":"product_tag","embeddable":true,"href":"https:\/\/xoros-home.de\/fr\/wp-json\/wp\/v2\/product_tag?post=4943"}],"curies":[{"name":"wp","href":"https:\/\/api.w.org\/{rel}","templated":true}]}}