{"id":5031,"date":"2022-01-24T16:56:11","date_gmt":"2022-01-24T15:56:11","guid":{"rendered":"https:\/\/xoros-home.de\/?post_type=product&#038;p=5031"},"modified":"2023-11-06T16:20:28","modified_gmt":"2023-11-06T15:20:28","slug":"plato-sekretaer-mueller-small-living","status":"publish","type":"product","link":"https:\/\/xoros-home.de\/fr\/produkt\/plato-sekretaer-mueller-small-living\/","title":{"rendered":"Plato secr\u00e9taire (M\u00fcller Small Living)"},"content":{"rendered":"","protected":false},"excerpt":{"rendered":"<p>Le bureau \"Plato\" est sans doute la \"table pliante\" la plus styl\u00e9e que nous connaissions : Extr\u00eamement \u00e9l\u00e9gant, extr\u00eamement a\u00e9r\u00e9, extr\u00eamement stable. De la maison \"M\u00fcller Small Living\".<\/p>","protected":false},"featured_media":5032,"template":"","meta":{"content-type":"","inline_featured_image":false},"product_brand":[],"product_cat":[40,39],"product_tag":[49,51,45],"class_list":{"0":"post-5031","1":"product","2":"type-product","3":"status-publish","4":"has-post-thumbnail","6":"product_cat-schreibtische","7":"product_cat-moebel","8":"product_tag-hersteller-mueller-small-living","9":"product_tag-klappbar","10":"product_tag-platzsparend","12":"first","13":"instock","14":"taxable","15":"shipping-taxable","16":"purchasable","17":"product-type-simple"},"_links":{"self":[{"href":"https:\/\/xoros-home.de\/fr\/wp-json\/wp\/v2\/product\/5031","targetHints":{"allow":["GET"]}}],"collection":[{"href":"https:\/\/xoros-home.de\/fr\/wp-json\/wp\/v2\/product"}],"about":[{"href":"https:\/\/xoros-home.de\/fr\/wp-json\/wp\/v2\/types\/product"}],"version-history":[{"count":1,"href":"https:\/\/xoros-home.de\/fr\/wp-json\/wp\/v2\/product\/5031\/revisions"}],"predecessor-version":[{"id":5038,"href":"https:\/\/xoros-home.de\/fr\/wp-json\/wp\/v2\/product\/5031\/revisions\/5038"}],"wp:featuredmedia":[{"embeddable":true,"href":"https:\/\/xoros-home.de\/fr\/wp-json\/wp\/v2\/media\/5032"}],"wp:attachment":[{"href":"https:\/\/xoros-home.de\/fr\/wp-json\/wp\/v2\/media?parent=5031"}],"wp:term":[{"taxonomy":"product_brand","embeddable":true,"href":"https:\/\/xoros-home.de\/fr\/wp-json\/wp\/v2\/product_brand?post=5031"},{"taxonomy":"product_cat","embeddable":true,"href":"https:\/\/xoros-home.de\/fr\/wp-json\/wp\/v2\/product_cat?post=5031"},{"taxonomy":"product_tag","embeddable":true,"href":"https:\/\/xoros-home.de\/fr\/wp-json\/wp\/v2\/product_tag?post=5031"}],"curies":[{"name":"wp","href":"https:\/\/api.w.org\/{rel}","templated":true}]}}