{"id":5186,"date":"2022-01-27T15:20:17","date_gmt":"2022-01-27T14:20:17","guid":{"rendered":"https:\/\/xoros-home.de\/?post_type=product&#038;p=5186"},"modified":"2023-11-06T16:20:42","modified_gmt":"2023-11-06T15:20:42","slug":"muvman-aeris","status":"publish","type":"product","link":"https:\/\/xoros-home.de\/fr\/produkt\/muvman-aeris\/","title":{"rendered":"Muvman (Aeris)"},"content":{"rendered":"","protected":false},"excerpt":{"rendered":"<p>Le si\u00e8ge assis-debout r\u00e9glable en hauteur, au nom tr\u00e8s imag\u00e9 de \"Muvman\", est id\u00e9al pour passer de la position assise \u00e0 la position debout. Avec le \"Muvman\", m\u00eame le comptoir de la cuisine devient un plan de travail ergonomique.<\/p>\n<p>Disponible en deux hauteurs diff\u00e9rentes :<\/p>\n<ul>\n<li>51-84 cm Hauteur d'assise (standard)<\/li>\n<li>60-96 cm de hauteur d'assise (recommand\u00e9 \u00e0 partir d'une taille de 185cm)<\/li>\n<\/ul>","protected":false},"featured_media":5187,"template":"","meta":{"content-type":"","inline_featured_image":false},"product_brand":[],"product_cat":[41,39],"product_tag":[48,46,45],"class_list":{"0":"post-5186","1":"product","2":"type-product","3":"status-publish","4":"has-post-thumbnail","6":"product_cat-schreibtischstuehle","7":"product_cat-moebel","8":"product_tag-hersteller-aeris","9":"product_tag-hoehenverstellbar","10":"product_tag-platzsparend","12":"first","13":"instock","14":"taxable","15":"shipping-taxable","16":"purchasable","17":"product-type-simple"},"_links":{"self":[{"href":"https:\/\/xoros-home.de\/fr\/wp-json\/wp\/v2\/product\/5186","targetHints":{"allow":["GET"]}}],"collection":[{"href":"https:\/\/xoros-home.de\/fr\/wp-json\/wp\/v2\/product"}],"about":[{"href":"https:\/\/xoros-home.de\/fr\/wp-json\/wp\/v2\/types\/product"}],"version-history":[{"count":1,"href":"https:\/\/xoros-home.de\/fr\/wp-json\/wp\/v2\/product\/5186\/revisions"}],"predecessor-version":[{"id":5390,"href":"https:\/\/xoros-home.de\/fr\/wp-json\/wp\/v2\/product\/5186\/revisions\/5390"}],"wp:featuredmedia":[{"embeddable":true,"href":"https:\/\/xoros-home.de\/fr\/wp-json\/wp\/v2\/media\/5187"}],"wp:attachment":[{"href":"https:\/\/xoros-home.de\/fr\/wp-json\/wp\/v2\/media?parent=5186"}],"wp:term":[{"taxonomy":"product_brand","embeddable":true,"href":"https:\/\/xoros-home.de\/fr\/wp-json\/wp\/v2\/product_brand?post=5186"},{"taxonomy":"product_cat","embeddable":true,"href":"https:\/\/xoros-home.de\/fr\/wp-json\/wp\/v2\/product_cat?post=5186"},{"taxonomy":"product_tag","embeddable":true,"href":"https:\/\/xoros-home.de\/fr\/wp-json\/wp\/v2\/product_tag?post=5186"}],"curies":[{"name":"wp","href":"https:\/\/api.w.org\/{rel}","templated":true}]}}