{"id":5477,"date":"2022-02-02T17:02:22","date_gmt":"2022-02-02T16:02:22","guid":{"rendered":"https:\/\/xoros-home.de\/?post_type=product&#038;p=5477"},"modified":"2023-11-06T16:18:29","modified_gmt":"2023-11-06T15:18:29","slug":"chaise-de-bureau-indeed-mesh-dauphin","status":"publish","type":"product","link":"https:\/\/xoros-home.de\/fr\/produkt\/buerostuhl-indeed-mesh-dauphin\/","title":{"rendered":"Chaise de bureau Indeed Mesh (Dauphin)"},"content":{"rendered":"","protected":false},"excerpt":{"rendered":"<p>L'Indeed du fabricant allemand haut de gamme \"Dauphin\" a tout pour plaire : presque chaque composant du si\u00e8ge de bureau est r\u00e9glable ou flexible d'une mani\u00e8re ou d'une autre :<\/p>\n<ul>\n<li>Le dossier : r\u00e9glable en hauteur et \u00e9lastique en 3D-Move, contre-pression du dossier r\u00e9glable, soutien lombaire ajustable.<\/li>\n<li>Hauteur d'assise, profondeur d'assise, inclinaison d'assise : r\u00e9glables individuellement.<\/li>\n<li>Accoudoirs : r\u00e9glables en hauteur<\/li>\n<\/ul>\n<p>&nbsp;<\/p>","protected":false},"featured_media":5488,"template":"","meta":{"content-type":"","inline_featured_image":false},"product_brand":[],"product_cat":[41,39],"product_tag":[44,58,46],"class_list":{"0":"post-5477","1":"product","2":"type-product","3":"status-publish","4":"has-post-thumbnail","6":"product_cat-schreibtischstuehle","7":"product_cat-moebel","8":"product_tag-ergonomisch","9":"product_tag-hersteller-dauphin","10":"product_tag-hoehenverstellbar","12":"first","13":"instock","14":"taxable","15":"shipping-taxable","16":"purchasable","17":"product-type-simple"},"_links":{"self":[{"href":"https:\/\/xoros-home.de\/fr\/wp-json\/wp\/v2\/product\/5477","targetHints":{"allow":["GET"]}}],"collection":[{"href":"https:\/\/xoros-home.de\/fr\/wp-json\/wp\/v2\/product"}],"about":[{"href":"https:\/\/xoros-home.de\/fr\/wp-json\/wp\/v2\/types\/product"}],"version-history":[{"count":1,"href":"https:\/\/xoros-home.de\/fr\/wp-json\/wp\/v2\/product\/5477\/revisions"}],"predecessor-version":[{"id":6603,"href":"https:\/\/xoros-home.de\/fr\/wp-json\/wp\/v2\/product\/5477\/revisions\/6603"}],"wp:featuredmedia":[{"embeddable":true,"href":"https:\/\/xoros-home.de\/fr\/wp-json\/wp\/v2\/media\/5488"}],"wp:attachment":[{"href":"https:\/\/xoros-home.de\/fr\/wp-json\/wp\/v2\/media?parent=5477"}],"wp:term":[{"taxonomy":"product_brand","embeddable":true,"href":"https:\/\/xoros-home.de\/fr\/wp-json\/wp\/v2\/product_brand?post=5477"},{"taxonomy":"product_cat","embeddable":true,"href":"https:\/\/xoros-home.de\/fr\/wp-json\/wp\/v2\/product_cat?post=5477"},{"taxonomy":"product_tag","embeddable":true,"href":"https:\/\/xoros-home.de\/fr\/wp-json\/wp\/v2\/product_tag?post=5477"}],"curies":[{"name":"wp","href":"https:\/\/api.w.org\/{rel}","templated":true}]}}