{"id":6665,"date":"2022-03-09T10:19:37","date_gmt":"2022-03-09T09:19:37","guid":{"rendered":"https:\/\/xoros-home.de\/?post_type=product&#038;p=6665"},"modified":"2024-02-23T12:16:57","modified_gmt":"2024-02-23T11:16:57","slug":"capisco-puls-8010-black-black-hag","status":"publish","type":"product","link":"https:\/\/xoros-home.de\/fr\/produkt\/capisco-puls-8010-black-black-hag\/","title":{"rendered":"Capisco Puls 8010 noir\/black (H\u00c5G)"},"content":{"rendered":"","protected":false},"excerpt":{"rendered":"<p>La gamme Capisco est le fleuron de la marque H\u00c5G. S'il fallait choisir le repr\u00e9sentant le plus exemplaire de la cat\u00e9gorie des si\u00e8ges ergonomiques, le choix se porterait probablement sur Capisco. Un design \u00e9l\u00e9gant et une conception ergonomique s'harmonisent ici avec une rare perfection.<\/p>\n<p>Le dossier et l'assise du Capisco Puls 8010 sont en plastique rigide. Un coussin d'assise fixe est int\u00e9gr\u00e9 dans l'assise.<\/p>","protected":false},"featured_media":6667,"template":"","meta":{"content-type":"","inline_featured_image":false},"product_brand":[],"product_cat":[191,39,41],"product_tag":[112,44,53],"class_list":{"0":"post-6665","1":"product","2":"type-product","3":"status-publish","4":"has-post-thumbnail","6":"product_cat-homeoffice-design-premium","7":"product_cat-moebel","8":"product_cat-schreibtischstuehle","9":"product_tag-einfache-selbstmontage","10":"product_tag-ergonomisch","11":"product_tag-hersteller-hag","13":"first","14":"instock","15":"taxable","16":"shipping-taxable","17":"purchasable","18":"product-type-simple"},"_links":{"self":[{"href":"https:\/\/xoros-home.de\/fr\/wp-json\/wp\/v2\/product\/6665","targetHints":{"allow":["GET"]}}],"collection":[{"href":"https:\/\/xoros-home.de\/fr\/wp-json\/wp\/v2\/product"}],"about":[{"href":"https:\/\/xoros-home.de\/fr\/wp-json\/wp\/v2\/types\/product"}],"version-history":[{"count":0,"href":"https:\/\/xoros-home.de\/fr\/wp-json\/wp\/v2\/product\/6665\/revisions"}],"wp:featuredmedia":[{"embeddable":true,"href":"https:\/\/xoros-home.de\/fr\/wp-json\/wp\/v2\/media\/6667"}],"wp:attachment":[{"href":"https:\/\/xoros-home.de\/fr\/wp-json\/wp\/v2\/media?parent=6665"}],"wp:term":[{"taxonomy":"product_brand","embeddable":true,"href":"https:\/\/xoros-home.de\/fr\/wp-json\/wp\/v2\/product_brand?post=6665"},{"taxonomy":"product_cat","embeddable":true,"href":"https:\/\/xoros-home.de\/fr\/wp-json\/wp\/v2\/product_cat?post=6665"},{"taxonomy":"product_tag","embeddable":true,"href":"https:\/\/xoros-home.de\/fr\/wp-json\/wp\/v2\/product_tag?post=6665"}],"curies":[{"name":"wp","href":"https:\/\/api.w.org\/{rel}","templated":true}]}}