{"id":6678,"date":"2022-03-09T11:51:50","date_gmt":"2022-03-09T10:51:50","guid":{"rendered":"https:\/\/xoros-home.de\/?post_type=product&#038;p=6678"},"modified":"2024-02-23T10:55:00","modified_gmt":"2024-02-23T09:55:00","slug":"secreteur-mural-pliable-edition-xoros","status":"publish","type":"product","link":"https:\/\/xoros-home.de\/fr\/produkt\/klappbarer-wandsekretaer-edition-xoros\/","title":{"rendered":"Secr\u00e9taire mural pliable (EDITION XOROS)"},"content":{"rendered":"<p>Le secr\u00e9taire mural pliable de notre EDITION XOROS est plus qu'un bureau - gr\u00e2ce \u00e0 son am\u00e9nagement int\u00e9rieur bien pens\u00e9, il a les fonctions d'un mini-bureau ! Lumi\u00e8re LED, prises de courant et ports USB inclus !<\/p>\n<p>Notre secr\u00e9taire mural est livr\u00e9 \u00e0 monter soi-m\u00eame. Les trois bandes d'emballage, qui peuvent \u00eatre viss\u00e9es ensemble pour former un support de montage, servent d'aide au montage.<strong>\u00a0<\/strong>Un service de montage est disponible moyennant un suppl\u00e9ment.<\/p>\n<p><strong>Dimensions :<\/strong> 120 x 65 cm. Profondeur du plateau de table repli\u00e9 : 26 cm. Dimensions du plateau de table d\u00e9pli\u00e9 : 119 x 63 cm<\/p>\n<p><strong>Am\u00e9nagement int\u00e9rieur :<\/strong><br \/>\n2 serre-livres en m\u00e9tal pour le rangement des classeurs, couleur comme paroi lat\u00e9rale, H = 41 cm, P = 16 cm<br \/>\n1 tablette inclin\u00e9e\/tablette pour ordinateur portable en m\u00e9tal, couleur comme paroi lat\u00e9rale, P = 8 cm<br \/>\n1 tableau magn\u00e9tique (35 x 21 cm), aimants, couleur comme paroi lat\u00e9rale<br \/>\n1 bac de rangement en m\u00e9tal, couleur comme paroi lat\u00e9rale<br \/>\n1 porte-stylo \u00e0 5 compartiments, noir Plastique<br \/>\n1 panneau m\u00e9tallique (51,5 x 6 cm), couleur comme paroi lat\u00e9rale<br \/>\n1 lampe LED (51,5 x 8,5 x 8 cm), 10 W, 4000 K, avec 2x prises de courant, 2x port USB, cache<br \/>\n1 trou de passage de c\u00e2ble \u00d8 6 cm, prise de c\u00e2ble argent\u00e9e<\/p>","protected":false},"excerpt":{"rendered":"<p>Nous sommes fiers de vous pr\u00e9senter le secr\u00e9taire mural &amp; le bureau pliant chic de notre marque maison !<\/p>\n<p><img decoding=\"async\" class=\"alignnone wp-image-6607 size-medium\" src=\"https:\/\/xoros-home.de\/wp-content\/uploads\/2022\/03\/Edition-Xoros-300x57.png\" alt=\"\" width=\"300\" height=\"57\" srcset=\"https:\/\/xoros-home.de\/wp-content\/uploads\/2022\/03\/Edition-Xoros-300x57.png 300w, https:\/\/xoros-home.de\/wp-content\/uploads\/2022\/03\/Edition-Xoros-1024x195.png 1024w, https:\/\/xoros-home.de\/wp-content\/uploads\/2022\/03\/Edition-Xoros-768x146.png 768w, https:\/\/xoros-home.de\/wp-content\/uploads\/2022\/03\/Edition-Xoros-1536x293.png 1536w, https:\/\/xoros-home.de\/wp-content\/uploads\/2022\/03\/Edition-Xoros-2048x390.png 2048w, https:\/\/xoros-home.de\/wp-content\/uploads\/2022\/03\/Edition-Xoros-600x114.png 600w\" sizes=\"(max-width: 300px) 100vw, 300px\" \/><\/p>\n<ul>\n<li>Produit en Europe<\/li>\n<li>Bois issu de for\u00eats g\u00e9r\u00e9es de mani\u00e8re responsable (certifi\u00e9 FSC)<\/li>\n<li>en stock \/ d\u00e9lais de livraison courts<\/li>\n<\/ul>\n<p>&nbsp;<\/p>","protected":false},"featured_media":6936,"template":"","meta":{"content-type":"","inline_featured_image":false},"product_brand":[],"product_cat":[190,39,40],"product_tag":[112,96,51,45,113],"class_list":{"0":"post-6678","1":"product","2":"type-product","3":"status-publish","4":"has-post-thumbnail","6":"product_cat-homeoffice-specials","7":"product_cat-moebel","8":"product_cat-schreibtische","9":"product_tag-einfache-selbstmontage","10":"product_tag-hersteller-edition-xoros","11":"product_tag-klappbar","12":"product_tag-platzsparend","13":"product_tag-schnelle-lieferung","15":"first","16":"instock","17":"taxable","18":"shipping-taxable","19":"purchasable","20":"product-type-simple"},"_links":{"self":[{"href":"https:\/\/xoros-home.de\/fr\/wp-json\/wp\/v2\/product\/6678","targetHints":{"allow":["GET"]}}],"collection":[{"href":"https:\/\/xoros-home.de\/fr\/wp-json\/wp\/v2\/product"}],"about":[{"href":"https:\/\/xoros-home.de\/fr\/wp-json\/wp\/v2\/types\/product"}],"version-history":[{"count":1,"href":"https:\/\/xoros-home.de\/fr\/wp-json\/wp\/v2\/product\/6678\/revisions"}],"predecessor-version":[{"id":6688,"href":"https:\/\/xoros-home.de\/fr\/wp-json\/wp\/v2\/product\/6678\/revisions\/6688"}],"wp:featuredmedia":[{"embeddable":true,"href":"https:\/\/xoros-home.de\/fr\/wp-json\/wp\/v2\/media\/6936"}],"wp:attachment":[{"href":"https:\/\/xoros-home.de\/fr\/wp-json\/wp\/v2\/media?parent=6678"}],"wp:term":[{"taxonomy":"product_brand","embeddable":true,"href":"https:\/\/xoros-home.de\/fr\/wp-json\/wp\/v2\/product_brand?post=6678"},{"taxonomy":"product_cat","embeddable":true,"href":"https:\/\/xoros-home.de\/fr\/wp-json\/wp\/v2\/product_cat?post=6678"},{"taxonomy":"product_tag","embeddable":true,"href":"https:\/\/xoros-home.de\/fr\/wp-json\/wp\/v2\/product_tag?post=6678"}],"curies":[{"name":"wp","href":"https:\/\/api.w.org\/{rel}","templated":true}]}}