{"id":8382,"date":"2022-06-13T18:07:22","date_gmt":"2022-06-13T16:07:22","guid":{"rendered":"https:\/\/xoros-home.de\/?post_type=product&#038;p=8382"},"modified":"2024-02-23T10:54:38","modified_gmt":"2024-02-23T09:54:38","slug":"sedesk-home-sedus","status":"publish","type":"product","link":"https:\/\/xoros-home.de\/fr\/produkt\/sedesk-home-sedus\/","title":{"rendered":"se:desk home (SEDUS)"},"content":{"rendered":"<ul>\n<li>Mod\u00e8le : Bureau 1200x700mm<\/li>\n<li>surface en m\u00e9lamine r\u00e9sistante<\/li>\n<li>Travail en position assise ou debout gr\u00e2ce au r\u00e9glage en hauteur<\/li>\n<li>R\u00e9glage de la hauteur par \u00e9lectromoteur de 650mm \u00e0 1280mm<\/li>\n<li>Pare-vue en feutre PET durable, avec tablette int\u00e9gr\u00e9e<\/li>\n<li>El\u00e9ment de commande intuitif, plac\u00e9 sur le bord de la table<\/li>\n<li>Patins de mise \u00e0 niveau pour \u00e9galiser le sol<\/li>\n<li>Les coins arrondis rendent le design l\u00e9ger et moderne<\/li>\n<li>La surface g\u00e9n\u00e9reuse de la table offre suffisamment de place<\/li>\n<\/ul>\n<p>&nbsp;<\/p>\n<p><img decoding=\"async\" class=\"alignnone size-full wp-image-8678\" src=\"https:\/\/xoros-home.de\/wp-content\/uploads\/2022\/06\/Sedus-Logo200.png\" alt=\"\" width=\"200\" height=\"90\" \/><\/p>","protected":false},"excerpt":{"rendered":"<p>se:desk home est une table de travail moderne et sobre avec r\u00e9glage \u00e9lectrique de la hauteur. Gr\u00e2ce \u00e0 ses dimensions de 120\u00d770 cm adapt\u00e9es au travail \u00e0 domicile, ce bureau compact s'int\u00e8gre \u00e9galement dans les appartements disposant de peu de place. La tablette int\u00e9gr\u00e9e au cadre en feutre PET permet de ranger des stylos, des blocs-notes ou un calendrier. La table \u00e0 hauteur r\u00e9glable \u00e9lectriquement suit la hauteur de travail de l'utilisateur et offre ainsi le meilleur confort ergonomique, que l'on soit assis ou debout. Gr\u00e2ce \u00e0 ses dimensions compactes, la table s'int\u00e8gre dans n'importe quelle pi\u00e8ce tout en offrant suffisamment de place pour un \u00e9quipement technique plus important. La tablette int\u00e9gr\u00e9e comme deuxi\u00e8me niveau est optimale pour placer par exemple un \u00e9cran suppl\u00e9mentaire.<\/p>","protected":false},"featured_media":8392,"template":"","meta":{"content-type":"","inline_featured_image":false},"product_brand":[],"product_cat":[191,39,40],"product_tag":[44,107,46,108,113],"class_list":{"0":"post-8382","1":"product","2":"type-product","3":"status-publish","4":"has-post-thumbnail","6":"product_cat-homeoffice-design-premium","7":"product_cat-moebel","8":"product_cat-schreibtische","9":"product_tag-ergonomisch","10":"product_tag-hersteller-sedus","11":"product_tag-hoehenverstellbar","12":"product_tag-made-in-germany","13":"product_tag-schnelle-lieferung","15":"first","16":"instock","17":"taxable","18":"shipping-taxable","19":"purchasable","20":"product-type-simple"},"_links":{"self":[{"href":"https:\/\/xoros-home.de\/fr\/wp-json\/wp\/v2\/product\/8382","targetHints":{"allow":["GET"]}}],"collection":[{"href":"https:\/\/xoros-home.de\/fr\/wp-json\/wp\/v2\/product"}],"about":[{"href":"https:\/\/xoros-home.de\/fr\/wp-json\/wp\/v2\/types\/product"}],"version-history":[{"count":0,"href":"https:\/\/xoros-home.de\/fr\/wp-json\/wp\/v2\/product\/8382\/revisions"}],"wp:featuredmedia":[{"embeddable":true,"href":"https:\/\/xoros-home.de\/fr\/wp-json\/wp\/v2\/media\/8392"}],"wp:attachment":[{"href":"https:\/\/xoros-home.de\/fr\/wp-json\/wp\/v2\/media?parent=8382"}],"wp:term":[{"taxonomy":"product_brand","embeddable":true,"href":"https:\/\/xoros-home.de\/fr\/wp-json\/wp\/v2\/product_brand?post=8382"},{"taxonomy":"product_cat","embeddable":true,"href":"https:\/\/xoros-home.de\/fr\/wp-json\/wp\/v2\/product_cat?post=8382"},{"taxonomy":"product_tag","embeddable":true,"href":"https:\/\/xoros-home.de\/fr\/wp-json\/wp\/v2\/product_tag?post=8382"}],"curies":[{"name":"wp","href":"https:\/\/api.w.org\/{rel}","templated":true}]}}