{"id":8410,"date":"2022-06-13T18:32:38","date_gmt":"2022-06-13T16:32:38","guid":{"rendered":"https:\/\/xoros-home.de\/?post_type=product&#038;p=8410"},"modified":"2024-02-23T12:16:14","modified_gmt":"2024-02-23T11:16:14","slug":"siege-pivotant-semotion-net-sedus","status":"publish","type":"product","link":"https:\/\/xoros-home.de\/fr\/produkt\/drehstuhl-semotion-net-sedus\/","title":{"rendered":"Si\u00e8ge de travail se:motion net (SEDUS)"},"content":{"rendered":"<ul>\n<li>Le mod\u00e8le avec un rembourrage noir et une membrane de diff\u00e9rentes couleurs est intemporel et chic.<\/li>\n<li>Concept de mouvement cin\u00e9matique unique ne n\u00e9cessitant aucun r\u00e9glage de la pression d'appui<\/li>\n<li>R\u00e9glage en continu de la hauteur et accoudoirs r\u00e9glables en hauteur en option<\/li>\n<li>Rembourrage d'assise confortable et membrane en tricot a\u00e9r\u00e9e sur le dossier pour une assise agr\u00e9able<\/li>\n<li>Angle d'ouverture g\u00e9n\u00e9reux vers l'arri\u00e8re<\/li>\n<li>\u00a0Roulettes universelles pour tous les rev\u00eatements de sol<\/li>\n<\/ul>\n<p>&nbsp;<\/p>\n<p><img decoding=\"async\" class=\"alignnone size-full wp-image-8678\" src=\"https:\/\/xoros-home.de\/wp-content\/uploads\/2022\/06\/Sedus-Logo200.png\" alt=\"\" width=\"200\" height=\"90\" \/><\/p>","protected":false},"excerpt":{"rendered":"<p>Le si\u00e8ge pivotant se:motion net convainc par son langage des formes et sa membrane en tricot perm\u00e9able \u00e0 l'air. Il apporte exactement la l\u00e9g\u00e8ret\u00e9 requise pour un travail spontan\u00e9 et flexible. Le concept de mouvement cin\u00e9matique unique en son genre garantit un confort d'assise \u00e9prouv\u00e9, sans aucun r\u00e9glage. se:motion net s'adapte aux postes de travail de bureau classiques, aux espaces de co-working et m\u00eame au bureau \u00e0 domicile.<\/p>","protected":false},"featured_media":8411,"template":"","meta":{"content-type":"","inline_featured_image":false},"product_brand":[],"product_cat":[192,39,41],"product_tag":[112,44,107,108,113],"class_list":{"0":"post-8410","1":"product","2":"type-product","3":"status-publish","4":"has-post-thumbnail","6":"product_cat-office-drehstuehle","7":"product_cat-moebel","8":"product_cat-schreibtischstuehle","9":"product_tag-einfache-selbstmontage","10":"product_tag-ergonomisch","11":"product_tag-hersteller-sedus","12":"product_tag-made-in-germany","13":"product_tag-schnelle-lieferung","15":"first","16":"instock","17":"taxable","18":"shipping-taxable","19":"purchasable","20":"product-type-simple"},"_links":{"self":[{"href":"https:\/\/xoros-home.de\/fr\/wp-json\/wp\/v2\/product\/8410","targetHints":{"allow":["GET"]}}],"collection":[{"href":"https:\/\/xoros-home.de\/fr\/wp-json\/wp\/v2\/product"}],"about":[{"href":"https:\/\/xoros-home.de\/fr\/wp-json\/wp\/v2\/types\/product"}],"version-history":[{"count":0,"href":"https:\/\/xoros-home.de\/fr\/wp-json\/wp\/v2\/product\/8410\/revisions"}],"wp:featuredmedia":[{"embeddable":true,"href":"https:\/\/xoros-home.de\/fr\/wp-json\/wp\/v2\/media\/8411"}],"wp:attachment":[{"href":"https:\/\/xoros-home.de\/fr\/wp-json\/wp\/v2\/media?parent=8410"}],"wp:term":[{"taxonomy":"product_brand","embeddable":true,"href":"https:\/\/xoros-home.de\/fr\/wp-json\/wp\/v2\/product_brand?post=8410"},{"taxonomy":"product_cat","embeddable":true,"href":"https:\/\/xoros-home.de\/fr\/wp-json\/wp\/v2\/product_cat?post=8410"},{"taxonomy":"product_tag","embeddable":true,"href":"https:\/\/xoros-home.de\/fr\/wp-json\/wp\/v2\/product_tag?post=8410"}],"curies":[{"name":"wp","href":"https:\/\/api.w.org\/{rel}","templated":true}]}}