{"id":8457,"date":"2022-06-16T17:50:34","date_gmt":"2022-06-16T15:50:34","guid":{"rendered":"https:\/\/xoros-home.de\/?post_type=product&#038;p=8457"},"modified":"2024-02-23T12:15:39","modified_gmt":"2024-02-23T11:15:39","slug":"capisco-puls-8020-gris-clair-gris-fonce-hag","status":"publish","type":"product","link":"https:\/\/xoros-home.de\/fr\/produkt\/capisco-puls-8020-hellgrau-dunkelgrau-hag\/","title":{"rendered":"Capisco Puls 8020 gris clair-gris clair (H\u00c5G)"},"content":{"rendered":"<p>H\u00c5G CAPISCO PULS 8020 - COUSSIN SUPPL\u00c9MENTAIRE POUR LE CONFORT<\/p>\n<ul>\n<li>PLASTIQUE Coupe gris clair PL109<\/li>\n<li>B\u00c2TIMENT Argent MC01<\/li>\n<li>RESSORT A GAZ Ressort \u00e0 gaz 200 mm LI002<\/li>\n<li>PIEDS Pied en aluminium G3 FB034<\/li>\n<li>ROULEAU Roulettes souples pour sols durs CA006<\/li>\n<li>MATI\u00c8RE R\u00c9F\u00c9RENTE Mousse - Standard FC001<\/li>\n<li>S\u00c9LECTION DE TISSUS Light grey Capture (Gabriel) CPT4102<\/li>\n<\/ul>\n<p>&nbsp;<\/p>\n<p><strong>Informations sur le choix des tissus :<\/strong><\/p>\n<p>Capture est un tissu en laine l\u00e9g\u00e8rement feutr\u00e9 et multicolore qui allie confort, \u00e9lasticit\u00e9 et durabilit\u00e9. Les couleurs claires et fonc\u00e9es se fondent en un fin motif de m\u00e9lange aux nuances subtiles qui conf\u00e8rent au design un aspect noble et de la profondeur.<\/p>\n<p>&nbsp;<\/p>","protected":false},"excerpt":{"rendered":"<p>La gamme Capisco est le fleuron de la marque H\u00c5G. Le mod\u00e8le CAPISCO PULS 8020 est un si\u00e8ge en plastique avec une assise et un dossier en forme de selle. Une assise suppl\u00e9mentaire <strong>Tapis de si\u00e8ge<\/strong> assure plus<br \/>\nConfort . Le si\u00e8ge-selle est r\u00e9glable en hauteur, de la position de travail basse \u00e0 la position de travail semi-dress\u00e9e en passant par la position sur\u00e9lev\u00e9e. Vous pouvez ainsi vous d\u00e9placer librement tout en \u00e9tant assis confortablement et de mani\u00e8re \u00e9quilibr\u00e9e.<br \/>\nLa profondeur d'assise et la hauteur du dossier sont r\u00e9glables. L'angle d'inclinaison est r\u00e9glable et verrouillable.<\/p>\n<p>La configuration propos\u00e9e ici combine une <strong>gris clair<\/strong> dossier en plastique, <strong>monture argent\u00e9e<\/strong> et pied argent\u00e9 avec un <strong>housse gris clair<\/strong> en 85 % de laine de Nouvelle-Z\u00e9lande et 15 % de polyamide.<\/p>","protected":false},"featured_media":8460,"template":"","meta":{"content-type":"","inline_featured_image":false},"product_brand":[],"product_cat":[191,39,41],"product_tag":[112,44,53],"class_list":{"0":"post-8457","1":"product","2":"type-product","3":"status-publish","4":"has-post-thumbnail","6":"product_cat-homeoffice-design-premium","7":"product_cat-moebel","8":"product_cat-schreibtischstuehle","9":"product_tag-einfache-selbstmontage","10":"product_tag-ergonomisch","11":"product_tag-hersteller-hag","13":"first","14":"instock","15":"taxable","16":"shipping-taxable","17":"purchasable","18":"product-type-simple"},"_links":{"self":[{"href":"https:\/\/xoros-home.de\/fr\/wp-json\/wp\/v2\/product\/8457","targetHints":{"allow":["GET"]}}],"collection":[{"href":"https:\/\/xoros-home.de\/fr\/wp-json\/wp\/v2\/product"}],"about":[{"href":"https:\/\/xoros-home.de\/fr\/wp-json\/wp\/v2\/types\/product"}],"version-history":[{"count":1,"href":"https:\/\/xoros-home.de\/fr\/wp-json\/wp\/v2\/product\/8457\/revisions"}],"predecessor-version":[{"id":8889,"href":"https:\/\/xoros-home.de\/fr\/wp-json\/wp\/v2\/product\/8457\/revisions\/8889"}],"wp:featuredmedia":[{"embeddable":true,"href":"https:\/\/xoros-home.de\/fr\/wp-json\/wp\/v2\/media\/8460"}],"wp:attachment":[{"href":"https:\/\/xoros-home.de\/fr\/wp-json\/wp\/v2\/media?parent=8457"}],"wp:term":[{"taxonomy":"product_brand","embeddable":true,"href":"https:\/\/xoros-home.de\/fr\/wp-json\/wp\/v2\/product_brand?post=8457"},{"taxonomy":"product_cat","embeddable":true,"href":"https:\/\/xoros-home.de\/fr\/wp-json\/wp\/v2\/product_cat?post=8457"},{"taxonomy":"product_tag","embeddable":true,"href":"https:\/\/xoros-home.de\/fr\/wp-json\/wp\/v2\/product_tag?post=8457"}],"curies":[{"name":"wp","href":"https:\/\/api.w.org\/{rel}","templated":true}]}}