{"id":8469,"date":"2022-06-17T14:53:50","date_gmt":"2022-06-17T12:53:50","guid":{"rendered":"https:\/\/xoros-home.de\/?post_type=product&#038;p=8469"},"modified":"2024-02-23T10:53:32","modified_gmt":"2024-02-23T09:53:32","slug":"eliot-original-avec-plateau-design-white-eliot","status":"publish","type":"product","link":"https:\/\/xoros-home.de\/fr\/produkt\/eliot-original-mit-tischplatte-design-white-eliot\/","title":{"rendered":"Eliot Original - avec plateau Design White (ELIOT)"},"content":{"rendered":"<p>La table \"Eliot Original\" est livr\u00e9e enti\u00e8rement blanche : structure blanche + plateau blanc. Le plateau de table Eliot a la\u00a0<strong>\u00c9paisseur de 19 mm\u00a0<\/strong>et est un panneau d'agglom\u00e9r\u00e9. Le\u00a0<strong>la surface est mate<\/strong>\u00a0avec un haut niveau de\u00a0<strong>Rev\u00eatement en m\u00e9lamine.<\/strong><br \/>\nLa bande p\u00e9riph\u00e9rique<strong>\u00a0Chant ABS en aspect multiplex\u00a0<\/strong>prot\u00e8ge la plaque, forme<strong>\u00a0pas de joint de salet\u00e9\u00a0<\/strong>et cr\u00e9e un look Home &amp; Living.<\/p>\n<p>Ce mod\u00e8le est livr\u00e9 sans gestion des c\u00e2bles.<\/p>\n<p><strong>Remarque : <\/strong>Tous les bureaux Eliot sont <strong>\u00e0 monter soi-m\u00eame<\/strong> est livr\u00e9. Une vid\u00e9o avec les instructions de montage se trouve ici : <a href=\"https:\/\/www.youtube.com\/watch?v=gvgcowEKFAw\" target=\"_blank\" rel=\"noopener\">https:\/\/www.youtube.com\/watch?v=gvgcowEKFAw<\/a>.<\/p>","protected":false},"excerpt":{"rendered":"<p>Eliot est unique en son genre ! Il s\u00e9duit par son design embl\u00e9matique et convainc par sa technologie intelligente et sa personnalit\u00e9 intelligente.<\/p>\n<p>Le bureau Eliot r\u00e9glable en hauteur est disponible chez nous en<strong> 2 tailles <\/strong>disponibles - 120\u00d770 et 140x70cm. La colonne ronde \u00e0 3 segments contient <strong>deux<\/strong>\u00a0<b>puissant Moto<\/b><strong>ren<\/strong>ce qui porte la hauteur de la table de\u00a0<b>min. 65 cm<\/b>\u00a0<b>et max. 130 cm<\/b>\u00a0peut \u00eatre vari\u00e9. Le tout en continu, sans \u00e0-coups, rapidement et silencieusement et avec une s\u00e9curit\u00e9\u00a0<strong>Protection contre les collisions<\/strong>.<\/p>\n<p>Le Smartcontroller est \u00e9galement de la partie : l'\u00e9cran t'indique la hauteur de la table, se souvient de tes hauteurs debout et assise et t'aide \u00e0 te tenir davantage debout si tu le souhaites. Le r\u00e9glage de la hauteur peut \u00eatre bloqu\u00e9 par la fonction Safety-Lock.<\/p>\n<p>&nbsp;<\/p>","protected":false},"featured_media":8472,"template":"","meta":{"content-type":"","inline_featured_image":false},"product_brand":[],"product_cat":[190,39,40],"product_tag":[112,44,111,46,113],"class_list":{"0":"post-8469","1":"product","2":"type-product","3":"status-publish","4":"has-post-thumbnail","6":"product_cat-homeoffice-specials","7":"product_cat-moebel","8":"product_cat-schreibtische","9":"product_tag-einfache-selbstmontage","10":"product_tag-ergonomisch","11":"product_tag-hersteller-eliot","12":"product_tag-hoehenverstellbar","13":"product_tag-schnelle-lieferung","15":"first","16":"instock","17":"taxable","18":"shipping-taxable","19":"purchasable","20":"product-type-simple"},"_links":{"self":[{"href":"https:\/\/xoros-home.de\/fr\/wp-json\/wp\/v2\/product\/8469","targetHints":{"allow":["GET"]}}],"collection":[{"href":"https:\/\/xoros-home.de\/fr\/wp-json\/wp\/v2\/product"}],"about":[{"href":"https:\/\/xoros-home.de\/fr\/wp-json\/wp\/v2\/types\/product"}],"version-history":[{"count":0,"href":"https:\/\/xoros-home.de\/fr\/wp-json\/wp\/v2\/product\/8469\/revisions"}],"wp:featuredmedia":[{"embeddable":true,"href":"https:\/\/xoros-home.de\/fr\/wp-json\/wp\/v2\/media\/8472"}],"wp:attachment":[{"href":"https:\/\/xoros-home.de\/fr\/wp-json\/wp\/v2\/media?parent=8469"}],"wp:term":[{"taxonomy":"product_brand","embeddable":true,"href":"https:\/\/xoros-home.de\/fr\/wp-json\/wp\/v2\/product_brand?post=8469"},{"taxonomy":"product_cat","embeddable":true,"href":"https:\/\/xoros-home.de\/fr\/wp-json\/wp\/v2\/product_cat?post=8469"},{"taxonomy":"product_tag","embeddable":true,"href":"https:\/\/xoros-home.de\/fr\/wp-json\/wp\/v2\/product_tag?post=8469"}],"curies":[{"name":"wp","href":"https:\/\/api.w.org\/{rel}","templated":true}]}}