{"id":8484,"date":"2022-06-17T15:45:53","date_gmt":"2022-06-17T13:45:53","guid":{"rendered":"https:\/\/xoros-home.de\/?post_type=product&#038;p=8484"},"modified":"2024-02-23T11:48:59","modified_gmt":"2024-02-23T10:48:59","slug":"chaise-de-bureau-indeed-mesh-en-noir-dauphin","status":"publish","type":"product","link":"https:\/\/xoros-home.de\/fr\/produkt\/buerostuhl-indeed-mesh-in-schwarz-dauphin\/","title":{"rendered":"Chaise de bureau Indeed Mesh en noir (Dauphin)"},"content":{"rendered":"<p><strong>Caract\u00e9ristiques du produit :<\/strong><\/p>\n<p>Technique : Syncro-Evolution\u00ae<\/p>\n<p>Inclinaison du si\u00e8ge : pr\u00e9s\u00e9lectionnable<\/p>\n<p>Profondeur d'assise : r\u00e9glage de la profondeur d'assise (8 cm) par assise coulissante<\/p>\n<p>Couleur du mod\u00e8le\/\u00e9l\u00e9ments en plastique : noir graphite (RAL 9011)<\/p>\n<p>Accoudoirs : 2F, rev\u00eatement PU soft, support en plastique noir<\/p>\n<p>Pi\u00e9tement : type H, plastique noir graphite (RAL 9011)<\/p>\n<p>Hauteur d'assise\/ressort \u00e0 gaz : ~40-52 cm ; noir<\/p>\n<p>Roulettes\/patins : roulettes souples (\u00d8 60 mm) pour sols durs, noires<\/p>\n<p>Si\u00e8ge : 077.033 (P) Polo noir<\/p>\n<p>Dos : 180.033 Drive noir<\/p>\n<p>Mode de livraison : partiellement d\u00e9mont\u00e9 dans un carton<\/p>\n<p>Un auto-assemblage facile pour tous : le design de la chaise est r\u00e9duit au minimum de composants individuels et permet un montage sans outil en 2 minutes.<\/p>\n<div style=\"width: 548px;\" class=\"wp-video\"><video class=\"wp-video-shortcode\" id=\"video-8484-1\" width=\"548\" height=\"778\" poster=\"https:\/\/xoros-home.de\/wp-content\/uploads\/2022\/06\/Vorschaubild-Aufbauvideo-Indeed.jpg\" preload=\"metadata\" controls=\"controls\"><source type=\"video\/mp4\" src=\"https:\/\/xoros-home.de\/wp-content\/uploads\/2022\/06\/Indeed.-Die-Aufbauanleitung.mp4?_=1\" \/><a href=\"https:\/\/xoros-home.de\/wp-content\/uploads\/2022\/06\/Indeed.-Die-Aufbauanleitung.mp4\">https:\/\/xoros-home.de\/wp-content\/uploads\/2022\/06\/Indeed.-Die-Aufbauanleitung.mp4<\/a><\/video><\/div>\n<p>&nbsp;<\/p>","protected":false},"excerpt":{"rendered":"<p>Chaise pivotante Indeed mesh avec dossier r\u00e9sille r\u00e9glable en hauteur (syst\u00e8me Easy-Touch) du fabricant allemand haut de gamme \"Dauphin\".<\/p>","protected":false},"featured_media":13016,"template":"","meta":{"content-type":"","inline_featured_image":false},"product_brand":[],"product_cat":[192,190,39,41],"product_tag":[112,44,58,46,113],"class_list":{"0":"post-8484","1":"product","2":"type-product","3":"status-publish","4":"has-post-thumbnail","6":"product_cat-office-drehstuehle","7":"product_cat-homeoffice-specials","8":"product_cat-moebel","9":"product_cat-schreibtischstuehle","10":"product_tag-einfache-selbstmontage","11":"product_tag-ergonomisch","12":"product_tag-hersteller-dauphin","13":"product_tag-hoehenverstellbar","14":"product_tag-schnelle-lieferung","16":"first","17":"instock","18":"taxable","19":"shipping-taxable","20":"purchasable","21":"product-type-simple"},"_links":{"self":[{"href":"https:\/\/xoros-home.de\/fr\/wp-json\/wp\/v2\/product\/8484","targetHints":{"allow":["GET"]}}],"collection":[{"href":"https:\/\/xoros-home.de\/fr\/wp-json\/wp\/v2\/product"}],"about":[{"href":"https:\/\/xoros-home.de\/fr\/wp-json\/wp\/v2\/types\/product"}],"version-history":[{"count":1,"href":"https:\/\/xoros-home.de\/fr\/wp-json\/wp\/v2\/product\/8484\/revisions"}],"predecessor-version":[{"id":8488,"href":"https:\/\/xoros-home.de\/fr\/wp-json\/wp\/v2\/product\/8484\/revisions\/8488"}],"wp:featuredmedia":[{"embeddable":true,"href":"https:\/\/xoros-home.de\/fr\/wp-json\/wp\/v2\/media\/13016"}],"wp:attachment":[{"href":"https:\/\/xoros-home.de\/fr\/wp-json\/wp\/v2\/media?parent=8484"}],"wp:term":[{"taxonomy":"product_brand","embeddable":true,"href":"https:\/\/xoros-home.de\/fr\/wp-json\/wp\/v2\/product_brand?post=8484"},{"taxonomy":"product_cat","embeddable":true,"href":"https:\/\/xoros-home.de\/fr\/wp-json\/wp\/v2\/product_cat?post=8484"},{"taxonomy":"product_tag","embeddable":true,"href":"https:\/\/xoros-home.de\/fr\/wp-json\/wp\/v2\/product_tag?post=8484"}],"curies":[{"name":"wp","href":"https:\/\/api.w.org\/{rel}","templated":true}]}}