{"id":8489,"date":"2022-06-17T17:25:40","date_gmt":"2022-06-17T15:25:40","guid":{"rendered":"https:\/\/xoros-home.de\/?post_type=product&#038;p=8489"},"modified":"2024-02-23T11:48:15","modified_gmt":"2024-02-23T10:48:15","slug":"chaise-pivotante-sejoy-sedus","status":"publish","type":"product","link":"https:\/\/xoros-home.de\/fr\/produkt\/drehstuhl-sejoy-sedus\/","title":{"rendered":"Chaise pivotante se:joy (SEDUS)"},"content":{"rendered":"<ul>\n<li>Mod\u00e8le : Chaise pivotante avec roulettes<\/li>\n<li>r\u00e9glage de la hauteur d'assise par v\u00e9rin \u00e0 gaz avec ressort de profondeur m\u00e9canique (390 - 510 mm)<\/li>\n<li>M\u00e9canisme de bascule : 4\u00b0 \u00e0 7\u00b0 (verrouillable)<\/li>\n<li>Housse innovante en tricot \u00e0 deux zones<\/li>\n<li>Accoudoirs ergonomiques<\/li>\n<li>Roulettes universelles pour tous les rev\u00eatements de sol<\/li>\n<li>Poids d'utilisateur recommand\u00e9 jusqu'\u00e0 130 kg max.<\/li>\n<\/ul>\n<p>&nbsp;<\/p>\n<p><img decoding=\"async\" class=\"alignnone size-full wp-image-8678\" src=\"https:\/\/xoros-home.de\/wp-content\/uploads\/2022\/06\/Sedus-Logo200.png\" alt=\"\" width=\"200\" height=\"90\" \/><\/p>","protected":false},"excerpt":{"rendered":"<p>se:joy est un si\u00e8ge de bureau au caract\u00e8re bien tremp\u00e9 pour le bureau \u00e0 domicile. On remarque imm\u00e9diatement ses lignes harmonieuses et son langage formel qui s'inspire de la nature. Le rev\u00eatement en tricot unique se divise en deux zones sans transition : Le rev\u00eatement du dossier s'adapte activement au dos. L'assise, en revanche, est dot\u00e9e d'une structure portante qui la soutient, ce qui \u00e9vite tout affaissement, m\u00eame en cas d'utilisation prolong\u00e9e.<\/p>","protected":false},"featured_media":8493,"template":"","meta":{"content-type":"","inline_featured_image":false},"product_brand":[],"product_cat":[41,39,192],"product_tag":[112,44,107,108,113],"class_list":{"0":"post-8489","1":"product","2":"type-product","3":"status-publish","4":"has-post-thumbnail","6":"product_cat-schreibtischstuehle","7":"product_cat-moebel","8":"product_cat-office-drehstuehle","9":"product_tag-einfache-selbstmontage","10":"product_tag-ergonomisch","11":"product_tag-hersteller-sedus","12":"product_tag-made-in-germany","13":"product_tag-schnelle-lieferung","15":"first","16":"instock","17":"taxable","18":"shipping-taxable","19":"purchasable","20":"product-type-simple"},"_links":{"self":[{"href":"https:\/\/xoros-home.de\/fr\/wp-json\/wp\/v2\/product\/8489","targetHints":{"allow":["GET"]}}],"collection":[{"href":"https:\/\/xoros-home.de\/fr\/wp-json\/wp\/v2\/product"}],"about":[{"href":"https:\/\/xoros-home.de\/fr\/wp-json\/wp\/v2\/types\/product"}],"version-history":[{"count":0,"href":"https:\/\/xoros-home.de\/fr\/wp-json\/wp\/v2\/product\/8489\/revisions"}],"wp:featuredmedia":[{"embeddable":true,"href":"https:\/\/xoros-home.de\/fr\/wp-json\/wp\/v2\/media\/8493"}],"wp:attachment":[{"href":"https:\/\/xoros-home.de\/fr\/wp-json\/wp\/v2\/media?parent=8489"}],"wp:term":[{"taxonomy":"product_brand","embeddable":true,"href":"https:\/\/xoros-home.de\/fr\/wp-json\/wp\/v2\/product_brand?post=8489"},{"taxonomy":"product_cat","embeddable":true,"href":"https:\/\/xoros-home.de\/fr\/wp-json\/wp\/v2\/product_cat?post=8489"},{"taxonomy":"product_tag","embeddable":true,"href":"https:\/\/xoros-home.de\/fr\/wp-json\/wp\/v2\/product_tag?post=8489"}],"curies":[{"name":"wp","href":"https:\/\/api.w.org\/{rel}","templated":true}]}}