{"id":8620,"date":"2022-06-21T09:51:35","date_gmt":"2022-06-21T07:51:35","guid":{"rendered":"https:\/\/xoros-home.de\/?post_type=product&#038;p=8620"},"modified":"2024-02-23T12:18:27","modified_gmt":"2024-02-23T11:18:27","slug":"lampadaire-lens-single-f-molto-luce","status":"publish","type":"product","link":"https:\/\/xoros-home.de\/fr\/produkt\/stehleuchte-lens-single-f-molto-luce\/","title":{"rendered":"Lampadaire Lens Single F (Molto Luce)"},"content":{"rendered":"<p>LENS SINGLE F Lampadaire en profil\u00e9 d'aluminium extrud\u00e9, optique \u00e0 lentille avec grille anti-\u00e9blouissement, couleur de lumi\u00e8re 3000K (blanc chaud), angle de rayonnement pour poste de travail individuel, \u00e9mission de lumi\u00e8re directe\/indirecte, UGR &lt;16, avec appareillage, max. 250mA, c\u00e2ble noir, IP20, possibilit\u00e9 de gradation : Push Dim, bouton-poussoir \u00e0 bascule<\/p>\n<p>Trois versions de couleurs diff\u00e9rentes :<\/p>\n<ul>\n<li>noir, similaire \u00e0 RAL 9005<\/li>\n<li>blanc, similaire \u00e0 RAL 9016<\/li>\n<li>anodis\u00e9 naturel, similaire \u00e0 RAL 9006<\/li>\n<\/ul>","protected":false},"excerpt":{"rendered":"<p>Le lampadaire Lens Single F est un luminaire minimaliste qui offre un excellent \u00e9clairage du poste de travail gr\u00e2ce \u00e0 une r\u00e9partition directe\/indirecte de la lumi\u00e8re dans un rapport de 40:60. Le luminaire \"Lens\" obtient un d\u00e9filement parfait de UGR&lt;16 au moyen d&#039;une grille noire brillante combin\u00e9e \u00e0 des lentilles en retrait et sp\u00e9cialement adapt\u00e9es.<\/p>\n<p><img decoding=\"async\" class=\"alignnone size-medium wp-image-8624\" src=\"https:\/\/xoros-home.de\/wp-content\/uploads\/2022\/06\/Molto-Luce-300x63.jpg\" alt=\"\" width=\"300\" height=\"63\" srcset=\"https:\/\/xoros-home.de\/wp-content\/uploads\/2022\/06\/Molto-Luce-300x63.jpg 300w, https:\/\/xoros-home.de\/wp-content\/uploads\/2022\/06\/Molto-Luce-768x161.jpg 768w, https:\/\/xoros-home.de\/wp-content\/uploads\/2022\/06\/Molto-Luce-600x126.jpg 600w, https:\/\/xoros-home.de\/wp-content\/uploads\/2022\/06\/Molto-Luce.jpg 817w\" sizes=\"(max-width: 300px) 100vw, 300px\" \/><\/p>","protected":false},"featured_media":8621,"template":"","meta":{"content-type":"","inline_featured_image":false},"product_brand":[],"product_cat":[110,39,193],"product_tag":[112,44,116],"class_list":{"0":"post-8620","1":"product","2":"type-product","3":"status-publish","4":"has-post-thumbnail","6":"product_cat-leuchten","7":"product_cat-moebel","8":"product_cat-office-leuchten","9":"product_tag-einfache-selbstmontage","10":"product_tag-ergonomisch","11":"product_tag-hersteller-molto-luce","13":"first","14":"instock","15":"taxable","16":"shipping-taxable","17":"purchasable","18":"product-type-simple"},"_links":{"self":[{"href":"https:\/\/xoros-home.de\/fr\/wp-json\/wp\/v2\/product\/8620","targetHints":{"allow":["GET"]}}],"collection":[{"href":"https:\/\/xoros-home.de\/fr\/wp-json\/wp\/v2\/product"}],"about":[{"href":"https:\/\/xoros-home.de\/fr\/wp-json\/wp\/v2\/types\/product"}],"version-history":[{"count":1,"href":"https:\/\/xoros-home.de\/fr\/wp-json\/wp\/v2\/product\/8620\/revisions"}],"predecessor-version":[{"id":8628,"href":"https:\/\/xoros-home.de\/fr\/wp-json\/wp\/v2\/product\/8620\/revisions\/8628"}],"wp:featuredmedia":[{"embeddable":true,"href":"https:\/\/xoros-home.de\/fr\/wp-json\/wp\/v2\/media\/8621"}],"wp:attachment":[{"href":"https:\/\/xoros-home.de\/fr\/wp-json\/wp\/v2\/media?parent=8620"}],"wp:term":[{"taxonomy":"product_brand","embeddable":true,"href":"https:\/\/xoros-home.de\/fr\/wp-json\/wp\/v2\/product_brand?post=8620"},{"taxonomy":"product_cat","embeddable":true,"href":"https:\/\/xoros-home.de\/fr\/wp-json\/wp\/v2\/product_cat?post=8620"},{"taxonomy":"product_tag","embeddable":true,"href":"https:\/\/xoros-home.de\/fr\/wp-json\/wp\/v2\/product_tag?post=8620"}],"curies":[{"name":"wp","href":"https:\/\/api.w.org\/{rel}","templated":true}]}}