{"id":8680,"date":"2022-06-22T10:56:37","date_gmt":"2022-06-22T08:56:37","guid":{"rendered":"https:\/\/xoros-home.de\/?post_type=product&#038;p=8680"},"modified":"2024-02-23T11:48:22","modified_gmt":"2024-02-23T10:48:22","slug":"chaise-pivotante-seflex-sedus","status":"publish","type":"product","link":"https:\/\/xoros-home.de\/fr\/produkt\/drehstuhl-seflex-sedus\/","title":{"rendered":"Si\u00e8ge de travail se:flex (SEDUS)"},"content":{"rendered":"<ul>\n<li>Dossier : membrane en filet<\/li>\n<li>Assise ergonomique (aide \u00e0 adopter intuitivement une position assise correcte)<\/li>\n<li>R\u00e9glage de la hauteur d'assise par ressort \u00e0 gaz avec ressort de profondeur m\u00e9canique<\/li>\n<li>M\u00e9canisme Similar avec automatisme de poids<\/li>\n<li>R\u00e9glage de la profondeur d'assise (plage de r\u00e9glage 70 mm)<\/li>\n<li>\u00e9l\u00e9ment flexible sur le dossier (soutient \u00e9galement les mouvements lat\u00e9raux)<\/li>\n<li>Angle d'ouverture du dossier 0\u00b0, 8\u00b0, 16\u00b0, 26\u00b0 (verrouillable)<\/li>\n<li>Supports de bras 3D (hauteur, profondeur, largeur)<\/li>\n<li>Roulettes souples pour sols durs<\/li>\n<li>Poids d'utilisateur recommand\u00e9 jusqu'\u00e0 130 kg max.<\/li>\n<\/ul>\n<p>&nbsp;<\/p>\n<p><img decoding=\"async\" class=\"alignnone size-full wp-image-8678\" src=\"https:\/\/xoros-home.de\/wp-content\/uploads\/2022\/06\/Sedus-Logo200.png\" alt=\"\" width=\"200\" height=\"90\" \/><\/p>","protected":false},"excerpt":{"rendered":"<p>se:flex est un si\u00e8ge pivotant confortable qui s'adapte automatiquement aux besoins des utilisateurs les plus divers, quelle que soit leur taille ou leur poids, sans aucun r\u00e9glage pr\u00e9alable. Le poids du corps et les proportions r\u00e8glent la force de rappel du dossier, qui est toujours ressentie comme agr\u00e9able. En m\u00eame temps, le dossier flexible peut suivre tous les mouvements de l'utilisateur et permet ainsi une assise saine dans toutes les positions.<\/p>\n<p>&nbsp;<\/p>","protected":false},"featured_media":8687,"template":"","meta":{"content-type":"","inline_featured_image":false},"product_brand":[],"product_cat":[41,39,192],"product_tag":[112,44,107,108],"class_list":{"0":"post-8680","1":"product","2":"type-product","3":"status-publish","4":"has-post-thumbnail","6":"product_cat-schreibtischstuehle","7":"product_cat-moebel","8":"product_cat-office-drehstuehle","9":"product_tag-einfache-selbstmontage","10":"product_tag-ergonomisch","11":"product_tag-hersteller-sedus","12":"product_tag-made-in-germany","14":"first","15":"instock","16":"taxable","17":"shipping-taxable","18":"purchasable","19":"product-type-simple"},"_links":{"self":[{"href":"https:\/\/xoros-home.de\/fr\/wp-json\/wp\/v2\/product\/8680","targetHints":{"allow":["GET"]}}],"collection":[{"href":"https:\/\/xoros-home.de\/fr\/wp-json\/wp\/v2\/product"}],"about":[{"href":"https:\/\/xoros-home.de\/fr\/wp-json\/wp\/v2\/types\/product"}],"version-history":[{"count":1,"href":"https:\/\/xoros-home.de\/fr\/wp-json\/wp\/v2\/product\/8680\/revisions"}],"predecessor-version":[{"id":8694,"href":"https:\/\/xoros-home.de\/fr\/wp-json\/wp\/v2\/product\/8680\/revisions\/8694"}],"wp:featuredmedia":[{"embeddable":true,"href":"https:\/\/xoros-home.de\/fr\/wp-json\/wp\/v2\/media\/8687"}],"wp:attachment":[{"href":"https:\/\/xoros-home.de\/fr\/wp-json\/wp\/v2\/media?parent=8680"}],"wp:term":[{"taxonomy":"product_brand","embeddable":true,"href":"https:\/\/xoros-home.de\/fr\/wp-json\/wp\/v2\/product_brand?post=8680"},{"taxonomy":"product_cat","embeddable":true,"href":"https:\/\/xoros-home.de\/fr\/wp-json\/wp\/v2\/product_cat?post=8680"},{"taxonomy":"product_tag","embeddable":true,"href":"https:\/\/xoros-home.de\/fr\/wp-json\/wp\/v2\/product_tag?post=8680"}],"curies":[{"name":"wp","href":"https:\/\/api.w.org\/{rel}","templated":true}]}}