{"id":8761,"date":"2022-07-01T17:47:32","date_gmt":"2022-07-01T15:47:32","guid":{"rendered":"https:\/\/xoros-home.de\/?post_type=product&#038;p=8761"},"modified":"2024-02-23T11:47:11","modified_gmt":"2024-02-23T10:47:11","slug":"chaise-pivotante-to-sync-work-mesh-pro-white-trendoffice","status":"publish","type":"product","link":"https:\/\/xoros-home.de\/fr\/produkt\/drehstuhl-to-sync-work-mesh-pro-white-trendoffice\/","title":{"rendered":"Chaise pivotante to-sync work mesh pro white (Trendoffice)"},"content":{"rendered":"<p><strong>Dossier :\u00a0<\/strong>Dossier haut en maille filet respirante (57 cm) en blanc, avec support lombaire r\u00e9glable en hauteur (6 cm)<\/p>\n<p><strong>Assise :\u00a0<\/strong>Assise ergonomique rembourr\u00e9e, tissu Focus (noir), 80.000 cycles d'abrasion<\/p>\n<p><strong>Hauteur d'assise :\u00a0<\/strong>R\u00e9glage en continu de la hauteur d'assise pour une hauteur d'assise d'environ 41 - 52 cm<\/p>\n<p><strong>Possession coulissante :\u00a0<\/strong>R\u00e9glage de la profondeur d'assise par assise coulissante (5 cm)<\/p>\n<p><strong>Accoudoir :\u00a0<\/strong>Accoudoirs r\u00e9glables en hauteur (10 cm), en largeur (6 cm), en profondeur (5 cm) et pivotants des deux c\u00f4t\u00e9s avec manchettes souples en PU (A439KGS)<\/p>\n<p><strong>M\u00e9canique :\u00a0<\/strong>M\u00e9canisme synchrone, verrouillable en 3 positions avec contre-pression du dossier r\u00e9glable en continu (lat\u00e9ralement) pour un poids corporel de 45 \u00e0 125 kg<\/p>\n<p><strong>R\u00f4les :\u00a0<\/strong>Roulettes frein\u00e9es en fonction de la charge pour sols durs et souples<\/p>\n<p>&nbsp;<\/p>","protected":false},"excerpt":{"rendered":"<p>Prendre place dans la zone de confort. Pendant que tu t'occupes de ton travail, ton to-sync work fait son travail de mani\u00e8re fiable et se tient \u00e0 tes c\u00f4t\u00e9s avec ses caract\u00e9ristiques ergonomiques de s\u00e9rie : mets-toi \u00e0 l'aise au maximum gr\u00e2ce \u00e0 un mouvement harmonieux, une profondeur d'assise et des accoudoirs r\u00e9glables, un dossier ergonomique et un soutien lombaire.<\/p>\n<p>&nbsp;<\/p>","protected":false},"featured_media":8770,"template":"","meta":{"content-type":"","inline_featured_image":false},"product_brand":[],"product_cat":[190,39,192,41],"product_tag":[112,44,106,113],"class_list":{"0":"post-8761","1":"product","2":"type-product","3":"status-publish","4":"has-post-thumbnail","6":"product_cat-homeoffice-specials","7":"product_cat-moebel","8":"product_cat-office-drehstuehle","9":"product_cat-schreibtischstuehle","10":"product_tag-einfache-selbstmontage","11":"product_tag-ergonomisch","12":"product_tag-hersteller-trendoffice","13":"product_tag-schnelle-lieferung","15":"first","16":"instock","17":"taxable","18":"shipping-taxable","19":"purchasable","20":"product-type-simple"},"_links":{"self":[{"href":"https:\/\/xoros-home.de\/fr\/wp-json\/wp\/v2\/product\/8761","targetHints":{"allow":["GET"]}}],"collection":[{"href":"https:\/\/xoros-home.de\/fr\/wp-json\/wp\/v2\/product"}],"about":[{"href":"https:\/\/xoros-home.de\/fr\/wp-json\/wp\/v2\/types\/product"}],"version-history":[{"count":1,"href":"https:\/\/xoros-home.de\/fr\/wp-json\/wp\/v2\/product\/8761\/revisions"}],"predecessor-version":[{"id":12892,"href":"https:\/\/xoros-home.de\/fr\/wp-json\/wp\/v2\/product\/8761\/revisions\/12892"}],"wp:featuredmedia":[{"embeddable":true,"href":"https:\/\/xoros-home.de\/fr\/wp-json\/wp\/v2\/media\/8770"}],"wp:attachment":[{"href":"https:\/\/xoros-home.de\/fr\/wp-json\/wp\/v2\/media?parent=8761"}],"wp:term":[{"taxonomy":"product_brand","embeddable":true,"href":"https:\/\/xoros-home.de\/fr\/wp-json\/wp\/v2\/product_brand?post=8761"},{"taxonomy":"product_cat","embeddable":true,"href":"https:\/\/xoros-home.de\/fr\/wp-json\/wp\/v2\/product_cat?post=8761"},{"taxonomy":"product_tag","embeddable":true,"href":"https:\/\/xoros-home.de\/fr\/wp-json\/wp\/v2\/product_tag?post=8761"}],"curies":[{"name":"wp","href":"https:\/\/api.w.org\/{rel}","templated":true}]}}