{"id":8776,"date":"2022-07-01T17:55:21","date_gmt":"2022-07-01T15:55:21","guid":{"rendered":"https:\/\/xoros-home.de\/?post_type=product&#038;p=8776"},"modified":"2024-02-23T11:47:15","modified_gmt":"2024-02-23T10:47:15","slug":"chaise-pivotante-to-sync-work-mesh-easy-trendoffice","status":"publish","type":"product","link":"https:\/\/xoros-home.de\/fr\/produkt\/drehstuhl-to-sync-work-mesh-easy-trendoffice\/","title":{"rendered":"Si\u00e8ge pivotant to-sync work mesh easy (Trendoffice)"},"content":{"rendered":"<p><strong>Dossier : <\/strong>Si\u00e8ge pivotant ergonomique avec dossier en r\u00e9sille noire caract\u00e9ristique et esth\u00e9tique, <strong>sans soutien lombaire.<\/strong><\/p>\n<p><strong>Assise :\u00a0<\/strong>Assise ergonomique rembourr\u00e9e, tissu Focus (noir), 80.000 cycles d'abrasion<\/p>\n<p><strong>Hauteur d'assise : <\/strong>R\u00e9glage en continu de la hauteur d'assise pour une hauteur d'assise d'environ 42 \u00e0 53 cm.<\/p>\n<p><strong>M\u00e9canique : <\/strong>M\u00e9canisme synchrone, verrouillable en position avant<\/p>\n<p><strong>Accoudoir :\u00a0<\/strong>Accoudoirs r\u00e9glables en hauteur (10 cm) et en largeur (3 cm) \u00e0 l'aide d'outils, avec manchettes souples en PU<\/p>\n<p><strong>Force du ressort :\u00a0<\/strong>R\u00e9glage en continu de la force du ressort (frontal) pour un poids corporel d'environ 45 - 125 kg<\/p>\n<p><strong>R\u00f4les : <\/strong>Roulettes frein\u00e9es en fonction de la charge pour sols durs et souples<\/p>\n<p>&nbsp;<\/p>","protected":false},"excerpt":{"rendered":"<p>Le si\u00e8ge Trendoffice to-sync easy est un si\u00e8ge \u00e0 prix attractif avec un beau dossier en maille noire et une assise ergonomique rembourr\u00e9e. Il poss\u00e8de en outre un r\u00e9glage de la hauteur d'assise et un m\u00e9canisme synchrone qui peut \u00eatre bloqu\u00e9 dans la position la plus avanc\u00e9e. Les accoudoirs sont r\u00e9glables en hauteur et en largeur et sont dot\u00e9s de manchettes souples en PU. Le r\u00e9glage en continu de la force du ressort te permet d'ajuster parfaitement la chaise \u00e0 tes besoins. Les roulettes avec frein d\u00e9pendant de la charge assurent une adh\u00e9rence optimale sur les sols durs et mous.<\/p>\n<p>Un soutien lombaire est disponible sur le mod\u00e8le \"easy <strong>non inclus<\/strong>. Cet \u00e9quipement de qualit\u00e9 sup\u00e9rieure existe par exemple sur le mod\u00e8le <a href=\"https:\/\/xoros-home.de\/fr\/produits-homeoffice\/chaise-pivotante-to-sync-work-mesh-pro-white-trendoffice\/\">pro white<\/a>.<\/p>\n<p>&nbsp;<\/p>","protected":false},"featured_media":8777,"template":"","meta":{"content-type":"","inline_featured_image":false},"product_brand":[],"product_cat":[190,39,192,41],"product_tag":[112,44,106,113],"class_list":{"0":"post-8776","1":"product","2":"type-product","3":"status-publish","4":"has-post-thumbnail","6":"product_cat-homeoffice-specials","7":"product_cat-moebel","8":"product_cat-office-drehstuehle","9":"product_cat-schreibtischstuehle","10":"product_tag-einfache-selbstmontage","11":"product_tag-ergonomisch","12":"product_tag-hersteller-trendoffice","13":"product_tag-schnelle-lieferung","15":"first","16":"instock","17":"taxable","18":"shipping-taxable","19":"purchasable","20":"product-type-simple"},"_links":{"self":[{"href":"https:\/\/xoros-home.de\/fr\/wp-json\/wp\/v2\/product\/8776","targetHints":{"allow":["GET"]}}],"collection":[{"href":"https:\/\/xoros-home.de\/fr\/wp-json\/wp\/v2\/product"}],"about":[{"href":"https:\/\/xoros-home.de\/fr\/wp-json\/wp\/v2\/types\/product"}],"version-history":[{"count":1,"href":"https:\/\/xoros-home.de\/fr\/wp-json\/wp\/v2\/product\/8776\/revisions"}],"predecessor-version":[{"id":8785,"href":"https:\/\/xoros-home.de\/fr\/wp-json\/wp\/v2\/product\/8776\/revisions\/8785"}],"wp:featuredmedia":[{"embeddable":true,"href":"https:\/\/xoros-home.de\/fr\/wp-json\/wp\/v2\/media\/8777"}],"wp:attachment":[{"href":"https:\/\/xoros-home.de\/fr\/wp-json\/wp\/v2\/media?parent=8776"}],"wp:term":[{"taxonomy":"product_brand","embeddable":true,"href":"https:\/\/xoros-home.de\/fr\/wp-json\/wp\/v2\/product_brand?post=8776"},{"taxonomy":"product_cat","embeddable":true,"href":"https:\/\/xoros-home.de\/fr\/wp-json\/wp\/v2\/product_cat?post=8776"},{"taxonomy":"product_tag","embeddable":true,"href":"https:\/\/xoros-home.de\/fr\/wp-json\/wp\/v2\/product_tag?post=8776"}],"curies":[{"name":"wp","href":"https:\/\/api.w.org\/{rel}","templated":true}]}}