{"id":8830,"date":"2022-07-04T17:46:09","date_gmt":"2022-07-04T15:46:09","guid":{"rendered":"https:\/\/xoros-home.de\/?post_type=product&#038;p=8830"},"modified":"2024-02-23T10:52:30","modified_gmt":"2024-02-23T09:52:30","slug":"reglage-electrique-de-la-hauteur-plateau-de-table-ast-chene-edition-xoros","status":"publish","type":"product","link":"https:\/\/xoros-home.de\/fr\/produkt\/elektrisch-hoehenverstellbar-tischplatte-ast-eiche-edition-xoros\/","title":{"rendered":"r\u00e9glable en hauteur \u00e9lectriquement, plateau de table \"ch\u00eane \u00e0 n\u0153uds\" (EDITION XOROS)"},"content":{"rendered":"<p><strong>Caract\u00e9ristiques du bureau :<\/strong><\/p>\n<ul>\n<li>plateau de table en panneau de particules m\u00e9lamin\u00e9 de 2,5 cm d'\u00e9paisseur, robuste et r\u00e9sistant aux rayures<\/li>\n<li>D\u00e9cor de plateau de table \"Ch\u00eane \u00e0 n\u0153uds<\/li>\n<li>hauteur de travail 70-120 cm r\u00e9glable \u00e9lectriquement en hauteur<\/li>\n<li>2 moteurs int\u00e9gr\u00e9s dans les colonnes<\/li>\n<li>1 prise Schuko<\/li>\n<li>charge utile de la table : 60 kg en dynamique, 100 kg en statique<\/li>\n<\/ul>\n<p>&nbsp;<\/p>\n<p><strong>Interrupteur \u00e0 touche :<\/strong><\/p>\n<ul>\n<li>D\u00e9marrage\/arr\u00eat en douceur avec protection anti-collision<\/li>\n<li>interrupteur \u00e0 gauche ou \u00e0 droite pouvant \u00eatre mont\u00e9 sous le plateau de table<\/li>\n<li>Consommation en veille \u2264 0,1 W<\/li>\n<\/ul>","protected":false},"excerpt":{"rendered":"<p>Nous sommes fiers de pr\u00e9senter le premier bureau \u00e0 hauteur r\u00e9glable \u00e9lectriquement de notre marque maison !<\/p>\n<p><img decoding=\"async\" class=\"alignnone wp-image-6607 size-medium\" src=\"https:\/\/xoros-home.de\/wp-content\/uploads\/2022\/03\/Edition-Xoros-300x57.png\" alt=\"\" width=\"300\" height=\"57\" srcset=\"https:\/\/xoros-home.de\/wp-content\/uploads\/2022\/03\/Edition-Xoros-300x57.png 300w, https:\/\/xoros-home.de\/wp-content\/uploads\/2022\/03\/Edition-Xoros-1024x195.png 1024w, https:\/\/xoros-home.de\/wp-content\/uploads\/2022\/03\/Edition-Xoros-768x146.png 768w, https:\/\/xoros-home.de\/wp-content\/uploads\/2022\/03\/Edition-Xoros-1536x293.png 1536w, https:\/\/xoros-home.de\/wp-content\/uploads\/2022\/03\/Edition-Xoros-2048x390.png 2048w, https:\/\/xoros-home.de\/wp-content\/uploads\/2022\/03\/Edition-Xoros-600x114.png 600w\" sizes=\"(max-width: 300px) 100vw, 300px\" \/><\/p>\n<ul>\n<li>Certifi\u00e9 par T\u00dcV-S\u00fcd et GS<\/li>\n<li>Bois issu de for\u00eats g\u00e9r\u00e9es de mani\u00e8re responsable (certifi\u00e9 FSC)<\/li>\n<\/ul>\n<p>&nbsp;<\/p>","protected":false},"featured_media":12408,"template":"","meta":{"content-type":"","inline_featured_image":false},"product_brand":[],"product_cat":[40,190,39,189],"product_tag":[44,96,46,113],"class_list":{"0":"post-8830","1":"product","2":"type-product","3":"status-publish","4":"has-post-thumbnail","6":"product_cat-schreibtische","7":"product_cat-homeoffice-specials","8":"product_cat-moebel","9":"product_cat-office-schreibtische","10":"product_tag-ergonomisch","11":"product_tag-hersteller-edition-xoros","12":"product_tag-hoehenverstellbar","13":"product_tag-schnelle-lieferung","15":"first","16":"instock","17":"taxable","18":"shipping-taxable","19":"purchasable","20":"product-type-simple"},"_links":{"self":[{"href":"https:\/\/xoros-home.de\/fr\/wp-json\/wp\/v2\/product\/8830","targetHints":{"allow":["GET"]}}],"collection":[{"href":"https:\/\/xoros-home.de\/fr\/wp-json\/wp\/v2\/product"}],"about":[{"href":"https:\/\/xoros-home.de\/fr\/wp-json\/wp\/v2\/types\/product"}],"version-history":[{"count":0,"href":"https:\/\/xoros-home.de\/fr\/wp-json\/wp\/v2\/product\/8830\/revisions"}],"wp:featuredmedia":[{"embeddable":true,"href":"https:\/\/xoros-home.de\/fr\/wp-json\/wp\/v2\/media\/12408"}],"wp:attachment":[{"href":"https:\/\/xoros-home.de\/fr\/wp-json\/wp\/v2\/media?parent=8830"}],"wp:term":[{"taxonomy":"product_brand","embeddable":true,"href":"https:\/\/xoros-home.de\/fr\/wp-json\/wp\/v2\/product_brand?post=8830"},{"taxonomy":"product_cat","embeddable":true,"href":"https:\/\/xoros-home.de\/fr\/wp-json\/wp\/v2\/product_cat?post=8830"},{"taxonomy":"product_tag","embeddable":true,"href":"https:\/\/xoros-home.de\/fr\/wp-json\/wp\/v2\/product_tag?post=8830"}],"curies":[{"name":"wp","href":"https:\/\/api.w.org\/{rel}","templated":true}]}}