{"id":8874,"date":"2022-07-04T18:45:43","date_gmt":"2022-07-04T16:45:43","guid":{"rendered":"https:\/\/xoros-home.de\/?post_type=product&#038;p=8874"},"modified":"2023-11-06T15:14:02","modified_gmt":"2023-11-06T14:14:02","slug":"steh-sitz-sefit-sedus","status":"publish","type":"product","link":"https:\/\/xoros-home.de\/fr\/produkt\/steh-sitz-sefit-sedus\/","title":{"rendered":"Assis-debout se:fit (SEDUS)"},"content":{"rendered":"<ul>\n<li>Mod\u00e8le : Assis-debout avec pied \u00e0 disque<\/li>\n<li>Membrane Web-Stick en polyamide avec structure 3D, bicolore avec effet optique de profondeur<\/li>\n<li>Coussin d'assise ergonomique<\/li>\n<li>R\u00e9glage en continu de la hauteur : 53 - 80 cm (assis - debout)<\/li>\n<li>pied convexe en forme d'assiette en mat\u00e9riau antid\u00e9rapant<\/li>\n<li>Compact et facile \u00e0 transporter<\/li>\n<\/ul>\n<p>&nbsp;<\/p>\n<p><img decoding=\"async\" class=\"alignnone size-full wp-image-8678\" src=\"https:\/\/xoros-home.de\/wp-content\/uploads\/2022\/06\/Sedus-Logo200.png\" alt=\"\" width=\"200\" height=\"90\" \/><\/p>","protected":false},"excerpt":{"rendered":"<p>se:fit est un si\u00e8ge assis-debout polyvalent qui incite au mouvement et favorise activement un changement sain de mouvement et de posture. C'est un hybride entre un tabouret et une aide \u00e0 la station debout avec un r\u00e9glage en hauteur en continu. Le pied \u00e0 disque inclinable de tous les c\u00f4t\u00e9s favorise les mouvements intuitifs. Le fond de l'assiette antid\u00e9rapant offre \u00e0 tout moment un appui s\u00fbr.<\/p>\n<p>&nbsp;<\/p>","protected":false},"featured_media":8880,"template":"","meta":{"content-type":"","inline_featured_image":false},"product_brand":[],"product_cat":[41,39],"product_tag":[44,107,108],"class_list":{"0":"post-8874","1":"product","2":"type-product","3":"status-publish","4":"has-post-thumbnail","6":"product_cat-schreibtischstuehle","7":"product_cat-moebel","8":"product_tag-ergonomisch","9":"product_tag-hersteller-sedus","10":"product_tag-made-in-germany","12":"first","13":"instock","14":"taxable","15":"shipping-taxable","16":"purchasable","17":"product-type-simple"},"_links":{"self":[{"href":"https:\/\/xoros-home.de\/fr\/wp-json\/wp\/v2\/product\/8874","targetHints":{"allow":["GET"]}}],"collection":[{"href":"https:\/\/xoros-home.de\/fr\/wp-json\/wp\/v2\/product"}],"about":[{"href":"https:\/\/xoros-home.de\/fr\/wp-json\/wp\/v2\/types\/product"}],"version-history":[{"count":1,"href":"https:\/\/xoros-home.de\/fr\/wp-json\/wp\/v2\/product\/8874\/revisions"}],"predecessor-version":[{"id":9063,"href":"https:\/\/xoros-home.de\/fr\/wp-json\/wp\/v2\/product\/8874\/revisions\/9063"}],"wp:featuredmedia":[{"embeddable":true,"href":"https:\/\/xoros-home.de\/fr\/wp-json\/wp\/v2\/media\/8880"}],"wp:attachment":[{"href":"https:\/\/xoros-home.de\/fr\/wp-json\/wp\/v2\/media?parent=8874"}],"wp:term":[{"taxonomy":"product_brand","embeddable":true,"href":"https:\/\/xoros-home.de\/fr\/wp-json\/wp\/v2\/product_brand?post=8874"},{"taxonomy":"product_cat","embeddable":true,"href":"https:\/\/xoros-home.de\/fr\/wp-json\/wp\/v2\/product_cat?post=8874"},{"taxonomy":"product_tag","embeddable":true,"href":"https:\/\/xoros-home.de\/fr\/wp-json\/wp\/v2\/product_tag?post=8874"}],"curies":[{"name":"wp","href":"https:\/\/api.w.org\/{rel}","templated":true}]}}