{"id":9064,"date":"2022-07-29T11:14:13","date_gmt":"2022-07-29T09:14:13","guid":{"rendered":"https:\/\/xoros-home.de\/?post_type=product&#038;p=9064"},"modified":"2023-11-06T15:12:57","modified_gmt":"2023-11-06T14:12:57","slug":"flaepps-etagere-1ere-ambivalence","status":"publish","type":"product","link":"https:\/\/xoros-home.de\/fr\/produkt\/fla%cc%88pps-regal-1er-ambivalenz\/","title":{"rendered":"\u00c9tag\u00e8re Fl\u00e4pps - 1 (Ambivalence)"},"content":{"rendered":"<ul>\n<li>2 couleurs diff\u00e9rentes (blanc ou noir)<\/li>\n<li>3 dimensions diff\u00e9rentes (60cm \/ 80 cm \/ 100 cm de largeur)<\/li>\n<li>contreplaqu\u00e9 bouleau rev\u00eatu de HPL teint\u00e9 dans la masse, acier inoxydable<\/li>\n<\/ul>\n<p>&nbsp;<\/p>\n<p><img decoding=\"async\" class=\"alignnone size-medium wp-image-9085\" src=\"https:\/\/xoros-home.de\/wp-content\/uploads\/2022\/07\/AMBIVALENZ_Logo_transparent-300x42.png\" alt=\"\" width=\"300\" height=\"42\" srcset=\"https:\/\/xoros-home.de\/wp-content\/uploads\/2022\/07\/AMBIVALENZ_Logo_transparent-300x42.png 300w, https:\/\/xoros-home.de\/wp-content\/uploads\/2022\/07\/AMBIVALENZ_Logo_transparent-1024x144.png 1024w, https:\/\/xoros-home.de\/wp-content\/uploads\/2022\/07\/AMBIVALENZ_Logo_transparent-768x108.png 768w, https:\/\/xoros-home.de\/wp-content\/uploads\/2022\/07\/AMBIVALENZ_Logo_transparent-1536x215.png 1536w, https:\/\/xoros-home.de\/wp-content\/uploads\/2022\/07\/AMBIVALENZ_Logo_transparent-2048x287.png 2048w, https:\/\/xoros-home.de\/wp-content\/uploads\/2022\/07\/AMBIVALENZ_Logo_transparent-600x84.png 600w\" sizes=\"(max-width: 300px) 100vw, 300px\" \/><\/p>\n<p>AMBIVALENZ a \u00e9t\u00e9 fond\u00e9e en 2012 \u00e0 Berlin par l'ancien strat\u00e8ge en communication Malte Grieb. Depuis, le label d\u00e9veloppe des id\u00e9es pour des espaces modernes, mobiles et flexibles. Des tendances comme le \"Compact Living\", qui incarnent le d\u00e9sir de vivre de mani\u00e8re flexible et mobile, sont reprises et mises en \u0153uvre avec des objets modulaires et transformables. La devise est la suivante : une fonction maximale et un design maximal dans un espace minimal.<\/p>\n<p>L'assortiment se compose de la ligne principale FL\u00c4PPS, qui comprend, outre diverses \u00e9tag\u00e8res murales et un secr\u00e9taire d\u00e9pliant, une armoire de maquillage, des penderies et la chaise pliante la moins encombrante du monde.<\/p>","protected":false},"excerpt":{"rendered":"<p>Fl\u00e4pps g\u00e8re \u00e7a pour toi !<\/p>\n<p>Il est vrai que lorsqu'on a besoin d'une \u00e9tag\u00e8re, on ne la rabat g\u00e9n\u00e9ralement pas. Mais qu'y a-t-il de plus agr\u00e9able que de savoir que l'on pourrait si on le voulait. Et plus on y r\u00e9fl\u00e9chit, plus on trouve des id\u00e9es qui valent la peine d'\u00eatre rabattus.<\/p>\n<p>M\u00eame sans \u00eatre pliantes, les \u00e9tag\u00e8res Fl\u00e4pps sont un atout pour chaque mur. Elles donnent un cadre aux objets, que ce soit dans le salon, le bureau, la chambre \u00e0 coucher, la cuisine ou la salle de bains ; qu'il s'agisse de dossiers, de grands livres, de petits livres, de v\u00eatements, de serviettes, de vaisselle ou tout simplement de bric-\u00e0-brac. En tant qu'\u00e9tag\u00e8re individuelle ou en tant que syst\u00e8me d'\u00e9tag\u00e8res couvrant tout un mur.<\/p>\n<p>Et si l'on n'a pas besoin d'\u00e9tag\u00e8re, il suffit de la rabattre.<\/p>","protected":false},"featured_media":9065,"template":"","meta":{"content-type":"","inline_featured_image":false},"product_brand":[],"product_cat":[39,118,64],"product_tag":[112,119,51,45,113],"class_list":{"0":"post-9064","1":"product","2":"type-product","3":"status-publish","4":"has-post-thumbnail","6":"product_cat-moebel","7":"product_cat-regale","8":"product_cat-zubehoer","9":"product_tag-einfache-selbstmontage","10":"product_tag-hersteller-ambivalenz","11":"product_tag-klappbar","12":"product_tag-platzsparend","13":"product_tag-schnelle-lieferung","15":"first","16":"instock","17":"taxable","18":"shipping-taxable","19":"purchasable","20":"product-type-simple"},"_links":{"self":[{"href":"https:\/\/xoros-home.de\/fr\/wp-json\/wp\/v2\/product\/9064","targetHints":{"allow":["GET"]}}],"collection":[{"href":"https:\/\/xoros-home.de\/fr\/wp-json\/wp\/v2\/product"}],"about":[{"href":"https:\/\/xoros-home.de\/fr\/wp-json\/wp\/v2\/types\/product"}],"version-history":[{"count":1,"href":"https:\/\/xoros-home.de\/fr\/wp-json\/wp\/v2\/product\/9064\/revisions"}],"predecessor-version":[{"id":12891,"href":"https:\/\/xoros-home.de\/fr\/wp-json\/wp\/v2\/product\/9064\/revisions\/12891"}],"wp:featuredmedia":[{"embeddable":true,"href":"https:\/\/xoros-home.de\/fr\/wp-json\/wp\/v2\/media\/9065"}],"wp:attachment":[{"href":"https:\/\/xoros-home.de\/fr\/wp-json\/wp\/v2\/media?parent=9064"}],"wp:term":[{"taxonomy":"product_brand","embeddable":true,"href":"https:\/\/xoros-home.de\/fr\/wp-json\/wp\/v2\/product_brand?post=9064"},{"taxonomy":"product_cat","embeddable":true,"href":"https:\/\/xoros-home.de\/fr\/wp-json\/wp\/v2\/product_cat?post=9064"},{"taxonomy":"product_tag","embeddable":true,"href":"https:\/\/xoros-home.de\/fr\/wp-json\/wp\/v2\/product_tag?post=9064"}],"curies":[{"name":"wp","href":"https:\/\/api.w.org\/{rel}","templated":true}]}}