{"id":9089,"date":"2022-07-29T14:05:29","date_gmt":"2022-07-29T12:05:29","guid":{"rendered":"https:\/\/xoros-home.de\/?post_type=product&#038;p=9089"},"modified":"2024-02-23T10:52:06","modified_gmt":"2024-02-23T09:52:06","slug":"le-secretaire-de-flaepp-en-ambivalence","status":"publish","type":"product","link":"https:\/\/xoros-home.de\/fr\/produkt\/flaepps-sekretaer-in-ambivalenz\/","title":{"rendered":"Le\/la secr\u00e9taire de Fl\u00e4pp (ambivalence)"},"content":{"rendered":"<p>Dimensions :<br \/>\nRepli\u00e9 80 x 80 x 2 cm + 1 cm de support mural<br \/>\nsurface de travail d\u00e9pli\u00e9e 70 x 45 cm<\/p>\n<p>Mat\u00e9riaux : contreplaqu\u00e9 bouleau rev\u00eatu de HPL teint\u00e9 dans la masse, acier inoxydable<\/p>\n<p>capacit\u00e9 de charge : 25 kg<\/p>\n<p>&nbsp;<\/p>\n<p><img decoding=\"async\" class=\"alignnone size-medium wp-image-9085\" src=\"https:\/\/xoros-home.de\/wp-content\/uploads\/2022\/07\/AMBIVALENZ_Logo_transparent-300x42.png\" alt=\"\" width=\"300\" height=\"42\" srcset=\"https:\/\/xoros-home.de\/wp-content\/uploads\/2022\/07\/AMBIVALENZ_Logo_transparent-300x42.png 300w, https:\/\/xoros-home.de\/wp-content\/uploads\/2022\/07\/AMBIVALENZ_Logo_transparent-1024x144.png 1024w, https:\/\/xoros-home.de\/wp-content\/uploads\/2022\/07\/AMBIVALENZ_Logo_transparent-768x108.png 768w, https:\/\/xoros-home.de\/wp-content\/uploads\/2022\/07\/AMBIVALENZ_Logo_transparent-1536x215.png 1536w, https:\/\/xoros-home.de\/wp-content\/uploads\/2022\/07\/AMBIVALENZ_Logo_transparent-2048x287.png 2048w, https:\/\/xoros-home.de\/wp-content\/uploads\/2022\/07\/AMBIVALENZ_Logo_transparent-600x84.png 600w\" sizes=\"(max-width: 300px) 100vw, 300px\" \/><\/p>\n<p>AMBIVALENZ a \u00e9t\u00e9 fond\u00e9e en 2012 \u00e0 Berlin par l'ancien strat\u00e8ge en communication Malte Grieb. Depuis, le label d\u00e9veloppe des id\u00e9es pour des espaces modernes, mobiles et flexibles. Des tendances comme le \"Compact Living\", qui incarnent le d\u00e9sir d'une vie flexible et mobile, sont reprises et mises en \u0153uvre avec des objets modulaires et transformables. La devise est la suivante : une fonction maximale et un design maximal dans un espace minimal.<\/p>\n<p>L'assortiment se compose de la ligne principale FL\u00c4PPS, qui comprend, outre diverses \u00e9tag\u00e8res murales et un secr\u00e9taire d\u00e9pliant, une armoire de maquillage, des penderies et la chaise pliante la moins encombrante du monde.<\/p>","protected":false},"excerpt":{"rendered":"<p>Peu de place dans ton bureau \u00e0 domicile ? Alors essaie le secr\u00e9taire Fl\u00e4pps avec \u00e9tag\u00e8re pliante int\u00e9gr\u00e9e ! Une fois le travail termin\u00e9, l'\u00e9tag\u00e8re reste en place, mais la surface de travail dispara\u00eet une fois repli\u00e9e contre le mur.<\/p>\n<p>Disponible en noir ou en blanc.<\/p>","protected":false},"featured_media":9090,"template":"","meta":{"content-type":"","inline_featured_image":false},"product_brand":[],"product_cat":[39,40],"product_tag":[119,51,45],"class_list":{"0":"post-9089","1":"product","2":"type-product","3":"status-publish","4":"has-post-thumbnail","6":"product_cat-moebel","7":"product_cat-schreibtische","8":"product_tag-hersteller-ambivalenz","9":"product_tag-klappbar","10":"product_tag-platzsparend","12":"first","13":"instock","14":"taxable","15":"shipping-taxable","16":"purchasable","17":"product-type-simple"},"_links":{"self":[{"href":"https:\/\/xoros-home.de\/fr\/wp-json\/wp\/v2\/product\/9089","targetHints":{"allow":["GET"]}}],"collection":[{"href":"https:\/\/xoros-home.de\/fr\/wp-json\/wp\/v2\/product"}],"about":[{"href":"https:\/\/xoros-home.de\/fr\/wp-json\/wp\/v2\/types\/product"}],"version-history":[{"count":0,"href":"https:\/\/xoros-home.de\/fr\/wp-json\/wp\/v2\/product\/9089\/revisions"}],"wp:featuredmedia":[{"embeddable":true,"href":"https:\/\/xoros-home.de\/fr\/wp-json\/wp\/v2\/media\/9090"}],"wp:attachment":[{"href":"https:\/\/xoros-home.de\/fr\/wp-json\/wp\/v2\/media?parent=9089"}],"wp:term":[{"taxonomy":"product_brand","embeddable":true,"href":"https:\/\/xoros-home.de\/fr\/wp-json\/wp\/v2\/product_brand?post=9089"},{"taxonomy":"product_cat","embeddable":true,"href":"https:\/\/xoros-home.de\/fr\/wp-json\/wp\/v2\/product_cat?post=9089"},{"taxonomy":"product_tag","embeddable":true,"href":"https:\/\/xoros-home.de\/fr\/wp-json\/wp\/v2\/product_tag?post=9089"}],"curies":[{"name":"wp","href":"https:\/\/api.w.org\/{rel}","templated":true}]}}