{"id":9100,"date":"2022-07-29T14:35:05","date_gmt":"2022-07-29T12:35:05","guid":{"rendered":"https:\/\/xoros-home.de\/?post_type=product&#038;p=9100"},"modified":"2023-11-06T15:12:31","modified_gmt":"2023-11-06T14:12:31","slug":"flaepps-etagere-2-ambivalence","status":"publish","type":"product","link":"https:\/\/xoros-home.de\/fr\/produkt\/fla%cc%88pps-regal-2er-ambivalenz\/","title":{"rendered":"\u00c9tag\u00e8re Fl\u00e4pps - 2er (Ambivalence)"},"content":{"rendered":"<ul>\n<li>2 couleurs diff\u00e9rentes (blanc ou noir)<\/li>\n<li>2 \u00e9tag\u00e8res pliables<\/li>\n<li>2 dimensions diff\u00e9rentes (40cm \/ 80 cm de hauteur)<\/li>\n<li>contreplaqu\u00e9 bouleau rev\u00eatu de HPL teint\u00e9 dans la masse, acier inoxydable<\/li>\n<\/ul>\n<p>&nbsp;<\/p>\n<p><img decoding=\"async\" class=\"alignnone size-medium wp-image-9085\" src=\"https:\/\/xoros-home.de\/wp-content\/uploads\/2022\/07\/AMBIVALENZ_Logo_transparent-300x42.png\" alt=\"\" width=\"300\" height=\"42\" srcset=\"https:\/\/xoros-home.de\/wp-content\/uploads\/2022\/07\/AMBIVALENZ_Logo_transparent-300x42.png 300w, https:\/\/xoros-home.de\/wp-content\/uploads\/2022\/07\/AMBIVALENZ_Logo_transparent-1024x144.png 1024w, https:\/\/xoros-home.de\/wp-content\/uploads\/2022\/07\/AMBIVALENZ_Logo_transparent-768x108.png 768w, https:\/\/xoros-home.de\/wp-content\/uploads\/2022\/07\/AMBIVALENZ_Logo_transparent-1536x215.png 1536w, https:\/\/xoros-home.de\/wp-content\/uploads\/2022\/07\/AMBIVALENZ_Logo_transparent-2048x287.png 2048w, https:\/\/xoros-home.de\/wp-content\/uploads\/2022\/07\/AMBIVALENZ_Logo_transparent-600x84.png 600w\" sizes=\"(max-width: 300px) 100vw, 300px\" \/><\/p>\n<p>AMBIVALENZ a \u00e9t\u00e9 fond\u00e9e en 2012 \u00e0 Berlin par l'ancien strat\u00e8ge en communication Malte Grieb. Depuis, le label d\u00e9veloppe des id\u00e9es pour des espaces modernes, mobiles et flexibles. Des tendances comme le \"Compact Living\", qui incarnent le d\u00e9sir de vivre de mani\u00e8re flexible et mobile, sont reprises et mises en \u0153uvre avec des objets modulaires et transformables. La devise est la suivante : une fonction maximale et un design maximal dans un espace minimal.<\/p>\n<p>L'assortiment se compose de la ligne principale FL\u00c4PPS, qui comprend, outre diverses \u00e9tag\u00e8res murales et un secr\u00e9taire d\u00e9pliant, une armoire de maquillage, des penderies et la chaise pliante la moins encombrante du monde.<\/p>","protected":false},"excerpt":{"rendered":"<p><strong>La double minceur<\/strong><\/p>\n<p>Pour ainsi dire, le haut de deux fromages parmi les \u00e9tag\u00e8res murales Fl\u00e4pps. Elle s'entend bien avec les livres pr\u00e9f\u00e9r\u00e9s, mais sans d\u00e9limiter de cadre \u00e9troit. Ouvert en haut pour l'arrimage. Mais aussi doublement beau seul. Et si l'on n'a pas besoin d'\u00e9tag\u00e8re, il suffit de la rabattre.<\/p>\n<p>P.S. : Ce qui n'\u00e9tait pas pr\u00e9vu du tout : l'\u00e9tag\u00e8re Fl\u00e4pps 80\u00d780 est aussi un double secr\u00e9taire. Si l'on suspend l'\u00e9tag\u00e8re inf\u00e9rieure \u00e0 une hauteur permettant de travailler assis, l'\u00e9tag\u00e8re sup\u00e9rieure devient un poste de travail debout. C'est ainsi avec les modules Fl\u00e4pps : \u00e0 peine a-t-on trouv\u00e9 la 100e multifonction que l'on tombe sur la 101e fonction.<\/p>","protected":false},"featured_media":9115,"template":"","meta":{"content-type":"","inline_featured_image":false},"product_brand":[],"product_cat":[39,118,64],"product_tag":[112,119,51,45,113],"class_list":{"0":"post-9100","1":"product","2":"type-product","3":"status-publish","4":"has-post-thumbnail","6":"product_cat-moebel","7":"product_cat-regale","8":"product_cat-zubehoer","9":"product_tag-einfache-selbstmontage","10":"product_tag-hersteller-ambivalenz","11":"product_tag-klappbar","12":"product_tag-platzsparend","13":"product_tag-schnelle-lieferung","15":"first","16":"instock","17":"taxable","18":"shipping-taxable","19":"purchasable","20":"product-type-simple"},"_links":{"self":[{"href":"https:\/\/xoros-home.de\/fr\/wp-json\/wp\/v2\/product\/9100","targetHints":{"allow":["GET"]}}],"collection":[{"href":"https:\/\/xoros-home.de\/fr\/wp-json\/wp\/v2\/product"}],"about":[{"href":"https:\/\/xoros-home.de\/fr\/wp-json\/wp\/v2\/types\/product"}],"version-history":[{"count":0,"href":"https:\/\/xoros-home.de\/fr\/wp-json\/wp\/v2\/product\/9100\/revisions"}],"wp:featuredmedia":[{"embeddable":true,"href":"https:\/\/xoros-home.de\/fr\/wp-json\/wp\/v2\/media\/9115"}],"wp:attachment":[{"href":"https:\/\/xoros-home.de\/fr\/wp-json\/wp\/v2\/media?parent=9100"}],"wp:term":[{"taxonomy":"product_brand","embeddable":true,"href":"https:\/\/xoros-home.de\/fr\/wp-json\/wp\/v2\/product_brand?post=9100"},{"taxonomy":"product_cat","embeddable":true,"href":"https:\/\/xoros-home.de\/fr\/wp-json\/wp\/v2\/product_cat?post=9100"},{"taxonomy":"product_tag","embeddable":true,"href":"https:\/\/xoros-home.de\/fr\/wp-json\/wp\/v2\/product_tag?post=9100"}],"curies":[{"name":"wp","href":"https:\/\/api.w.org\/{rel}","templated":true}]}}