{"id":9122,"date":"2022-08-01T10:22:31","date_gmt":"2022-08-01T08:22:31","guid":{"rendered":"https:\/\/xoros-home.de\/?post_type=product&#038;p=9122"},"modified":"2024-02-23T11:44:14","modified_gmt":"2024-02-23T10:44:14","slug":"chaise-pivotante-everyis1-ev156-rembourree-noir-moyennement-haut-interchaise","status":"publish","type":"product","link":"https:\/\/xoros-home.de\/fr\/produkt\/drehstuhl-everyis1-ev156-gepolstert-schwarz-mittelhoch-interstuhl\/","title":{"rendered":"Si\u00e8ge de travail EVERYis1 - EV156 rembourr\u00e9, noir, hauteur moyenne (Interstuhl)"},"content":{"rendered":"<ul>\n<li>Dossier : Rembourrage<\/li>\n<li>Couleur du dossier : Manhattan noir graphite (MH01 \/ YI009)<\/li>\n<li>Couleur du couvercle, du cadre : plastique, noir<\/li>\n<li>Lordose : soutien lombaire r\u00e9glable<\/li>\n<li>Couleur lordose : plastique anthracite<\/li>\n<li>Accoudoirs : 2D accoudoir en T, r\u00e9glables en largeur et en hauteur, souples<\/li>\n<li>Couleur des accoudoirs : noir<\/li>\n<li>Assise : Rembourrage<\/li>\n<li>Couleur de l'assise \/ du rev\u00eatement : Manhattan noir graphite (MH01 \/ YI009)<\/li>\n<li>Couleur du couvercle : plastique noir<\/li>\n<li>\u00c9tag\u00e8res lat\u00e9rales : Manhattan gris fer (YI363)<\/li>\n<li>Profondeur d'assise : R\u00e9glage de la profondeur d'assise<\/li>\n<li>M\u00e9canisme de la machine : M\u00e9canisme Autolift<\/li>\n<li>Couleur du m\u00e9canisme : noir<\/li>\n<li>Couleur du couvercle : noir<\/li>\n<li>Pi\u00e9tement : Pi\u00e9tement en plastique<\/li>\n<li>Couleur du pi\u00e8tement : noir<\/li>\n<li>Roulettes : Roulettes doubles souples<\/li>\n<li>Couleur des roulettes : noir<\/li>\n<li>Type de montage : d\u00e9mont\u00e9 dans le carton<\/li>\n<\/ul>","protected":false},"excerpt":{"rendered":"<p>La chaise pivotante EV156 de la s\u00e9rie de produits \"EVERYis1\" est synonyme de propri\u00e9t\u00e9s d'assise parfaites, d'efficacit\u00e9 fonctionnelle et de performances maximales en position assise. Cela fait de ce si\u00e8ge pivotant une solution id\u00e9ale pour les personnes qui recherchent un si\u00e8ge qui ne domine pas l'espace, mais qui s'int\u00e8gre sans effort dans l'environnement. C'est le si\u00e8ge parfait pour tous ceux qui attachent de l'importance \u00e0 une assise saine et agr\u00e9able. \u00c9quip\u00e9 d'un m\u00e9canisme synchrone Autolift et d'une lordose r\u00e9glable, il offre une exp\u00e9rience d'assise ergonomique et confortable \u00e0 tous les niveaux.<\/p>\n<p>Le fabricant Interstuhl est une entreprise familiale allemande bas\u00e9e dans le sud de l'Allemagne. C'est l'un des fabricants de si\u00e8ges de bureau les plus renomm\u00e9s et les plus importants en Allemagne.<\/p>","protected":false},"featured_media":9126,"template":"","meta":{"content-type":"","inline_featured_image":false},"product_brand":[],"product_cat":[190,39,192,41],"product_tag":[112,44,120,108,45,113],"class_list":{"0":"post-9122","1":"product","2":"type-product","3":"status-publish","4":"has-post-thumbnail","6":"product_cat-homeoffice-specials","7":"product_cat-moebel","8":"product_cat-office-drehstuehle","9":"product_cat-schreibtischstuehle","10":"product_tag-einfache-selbstmontage","11":"product_tag-ergonomisch","12":"product_tag-hersteller-interstuhl","13":"product_tag-made-in-germany","14":"product_tag-platzsparend","15":"product_tag-schnelle-lieferung","17":"first","18":"instock","19":"taxable","20":"shipping-taxable","21":"purchasable","22":"product-type-simple"},"_links":{"self":[{"href":"https:\/\/xoros-home.de\/fr\/wp-json\/wp\/v2\/product\/9122","targetHints":{"allow":["GET"]}}],"collection":[{"href":"https:\/\/xoros-home.de\/fr\/wp-json\/wp\/v2\/product"}],"about":[{"href":"https:\/\/xoros-home.de\/fr\/wp-json\/wp\/v2\/types\/product"}],"version-history":[{"count":0,"href":"https:\/\/xoros-home.de\/fr\/wp-json\/wp\/v2\/product\/9122\/revisions"}],"wp:featuredmedia":[{"embeddable":true,"href":"https:\/\/xoros-home.de\/fr\/wp-json\/wp\/v2\/media\/9126"}],"wp:attachment":[{"href":"https:\/\/xoros-home.de\/fr\/wp-json\/wp\/v2\/media?parent=9122"}],"wp:term":[{"taxonomy":"product_brand","embeddable":true,"href":"https:\/\/xoros-home.de\/fr\/wp-json\/wp\/v2\/product_brand?post=9122"},{"taxonomy":"product_cat","embeddable":true,"href":"https:\/\/xoros-home.de\/fr\/wp-json\/wp\/v2\/product_cat?post=9122"},{"taxonomy":"product_tag","embeddable":true,"href":"https:\/\/xoros-home.de\/fr\/wp-json\/wp\/v2\/product_tag?post=9122"}],"curies":[{"name":"wp","href":"https:\/\/api.w.org\/{rel}","templated":true}]}}