{"id":9127,"date":"2022-08-01T10:42:31","date_gmt":"2022-08-01T08:42:31","guid":{"rendered":"https:\/\/xoros-home.de\/?post_type=product&#038;p=9127"},"modified":"2024-02-23T11:44:05","modified_gmt":"2024-02-23T10:44:05","slug":"chaise-pivotante-everyis1-ev256-dossier-resille-noir-moyennement-haut-interchaise","status":"publish","type":"product","link":"https:\/\/xoros-home.de\/fr\/produkt\/drehstuhl-everyis1-ev256-netzruecken-schwarz-mittelhoch-interstuhl\/","title":{"rendered":"Si\u00e8ge de travail EVERYis1 - EV256 dossier r\u00e9sille, noir, hauteur moyenne (Interstuhl)"},"content":{"rendered":"<ul>\n<li>Dos de la veste : Filet<\/li>\n<li>Couleur du dos : Design r\u00e9sille uni noir (8140)<\/li>\n<li>Couleur du couvercle, du cadre : plastique, noir<\/li>\n<li>Lordose : soutien lombaire r\u00e9glable<\/li>\n<li>Couleur lordose : plastique noir<\/li>\n<li>Accoudoirs : 2D accoudoir en T, r\u00e9glables en largeur et en hauteur, souples<\/li>\n<li>Couleur des accoudoirs : noir<\/li>\n<li>Assise : Rembourrage<\/li>\n<li>Couleur de l'assise \/ du rev\u00eatement : Manhattan noir graphite (MH01 \/ YI009)<\/li>\n<li>Couleur du couvercle : plastique noir<\/li>\n<li>\u00c9tag\u00e8res lat\u00e9rales : Manhattan gris fer (YI363)<\/li>\n<li>Profondeur d'assise : R\u00e9glage de la profondeur d'assise<\/li>\n<li>M\u00e9canisme de la machine : M\u00e9canisme Autolift<\/li>\n<li>Couleur du m\u00e9canisme : noir<\/li>\n<li>Couleur du couvercle : noir<\/li>\n<li>Pi\u00e9tement : Pi\u00e9tement en plastique<\/li>\n<li>Couleur du pi\u00e8tement : noir<\/li>\n<li>Roulettes : Roulettes doubles souples<\/li>\n<li>Couleur des roulettes : noir<\/li>\n<li>Type de montage : d\u00e9mont\u00e9 dans le carton<\/li>\n<\/ul>","protected":false},"excerpt":{"rendered":"<p>La transparence rencontre la l\u00e9g\u00e8ret\u00e9 : le best-seller EV256 met en avant de mani\u00e8re ludique le concept de design unique. Le mat\u00e9riau r\u00e9sille de haute qualit\u00e9 se caract\u00e9rise par une grande r\u00e9sistance et une bonne tension et garantit une grande perm\u00e9abilit\u00e9 \u00e0 l'air. La chaise de bureau est \u00e9quip\u00e9e d'un m\u00e9canisme de synchronisation Autolift ainsi que d'un soutien lombaire r\u00e9glable et assure ainsi une assise ergonomique.<\/p>\n<p>Le fabricant Interstuhl est une entreprise familiale allemande bas\u00e9e dans le sud de l'Allemagne. C'est l'un des fabricants de si\u00e8ges de bureau les plus renomm\u00e9s et les plus importants en Allemagne.<\/p>","protected":false},"featured_media":9128,"template":"","meta":{"content-type":"","inline_featured_image":false},"product_brand":[],"product_cat":[190,39,192,41],"product_tag":[112,44,120,108,45,113],"class_list":{"0":"post-9127","1":"product","2":"type-product","3":"status-publish","4":"has-post-thumbnail","6":"product_cat-homeoffice-specials","7":"product_cat-moebel","8":"product_cat-office-drehstuehle","9":"product_cat-schreibtischstuehle","10":"product_tag-einfache-selbstmontage","11":"product_tag-ergonomisch","12":"product_tag-hersteller-interstuhl","13":"product_tag-made-in-germany","14":"product_tag-platzsparend","15":"product_tag-schnelle-lieferung","17":"first","18":"instock","19":"taxable","20":"shipping-taxable","21":"purchasable","22":"product-type-simple"},"_links":{"self":[{"href":"https:\/\/xoros-home.de\/fr\/wp-json\/wp\/v2\/product\/9127","targetHints":{"allow":["GET"]}}],"collection":[{"href":"https:\/\/xoros-home.de\/fr\/wp-json\/wp\/v2\/product"}],"about":[{"href":"https:\/\/xoros-home.de\/fr\/wp-json\/wp\/v2\/types\/product"}],"version-history":[{"count":0,"href":"https:\/\/xoros-home.de\/fr\/wp-json\/wp\/v2\/product\/9127\/revisions"}],"wp:featuredmedia":[{"embeddable":true,"href":"https:\/\/xoros-home.de\/fr\/wp-json\/wp\/v2\/media\/9128"}],"wp:attachment":[{"href":"https:\/\/xoros-home.de\/fr\/wp-json\/wp\/v2\/media?parent=9127"}],"wp:term":[{"taxonomy":"product_brand","embeddable":true,"href":"https:\/\/xoros-home.de\/fr\/wp-json\/wp\/v2\/product_brand?post=9127"},{"taxonomy":"product_cat","embeddable":true,"href":"https:\/\/xoros-home.de\/fr\/wp-json\/wp\/v2\/product_cat?post=9127"},{"taxonomy":"product_tag","embeddable":true,"href":"https:\/\/xoros-home.de\/fr\/wp-json\/wp\/v2\/product_tag?post=9127"}],"curies":[{"name":"wp","href":"https:\/\/api.w.org\/{rel}","templated":true}]}}