{"id":9132,"date":"2022-08-01T11:09:34","date_gmt":"2022-08-01T09:09:34","guid":{"rendered":"https:\/\/xoros-home.de\/?post_type=product&#038;p=9132"},"modified":"2024-02-23T11:44:46","modified_gmt":"2024-02-23T10:44:46","slug":"siege-ergonomique-pivotant-avec-appuie-tete-179rs-rembourre-noir-interstuhl","status":"publish","type":"product","link":"https:\/\/xoros-home.de\/fr\/produkt\/ergonomischer-drehstuhl-mit-kopfstuetze-179rs-gepolstert-schwarz-interstuhl\/","title":{"rendered":"Si\u00e8ge de travail ergonomique avec appui-t\u00eate - 179RS rembourr\u00e9, noir (Interstuhl)"},"content":{"rendered":"<ul>\n<li>Dossier : Rembourrage<\/li>\n<li>Couleur dos : Lucia noir (5800 \/ YP009)<\/li>\n<li>Couleur du couvercle, du cadre : plastique, noir<\/li>\n<li>Lordose : soutien lombaire r\u00e9glable<\/li>\n<li>Couleur du coussin pour la nuque : Lucia noir (YP009)<\/li>\n<li>Couleur lordose : plastique noir<\/li>\n<li>Accoudoirs : 4D T-AL, r\u00e9glables en largeur, hauteur, profondeur, pivotants, souples<\/li>\n<li>Couleur des accoudoirs : plastique noir<\/li>\n<li>Assise : Rembourrage<\/li>\n<li>Couleur de l'assise \/ Couleur du rev\u00eatement : Lucia noir (5800 \/ YP009)<\/li>\n<li>Profondeur d'assise : R\u00e9glage de la profondeur d'assise<\/li>\n<li>M\u00e9canisme de la machine : M\u00e9canisme Autolift<\/li>\n<li>Couleur du m\u00e9canisme : noir<\/li>\n<li>Inclinaison de l'assise : avec r\u00e9glage de l'inclinaison de l'assise<\/li>\n<li>Pi\u00e9tement : Pi\u00e9tement en plastique<\/li>\n<li>Couleur du pi\u00e8tement : noir<\/li>\n<li>Roulettes : Roulettes doubles souples<\/li>\n<li>Couleur des roulettes : noir<\/li>\n<li>Type de montage : d\u00e9mont\u00e9 dans le carton<\/li>\n<\/ul>","protected":false},"excerpt":{"rendered":"<p>Le mod\u00e8le \u00e0 succ\u00e8s 179RS convainc sur de nombreux points : Il soutient le bas du dos de mani\u00e8re optimale et assure en outre une d\u00e9tente au niveau de la nuque et des \u00e9paules. Gr\u00e2ce \u00e0 l'appuie-t\u00eate ergonomique, la colonne cervicale est parfaitement soulag\u00e9e lorsque l'on se penche en arri\u00e8re, ce qui a un effet protecteur sur les disques intervert\u00e9braux. M\u00eame en se penchant bri\u00e8vement en arri\u00e8re pendant une conversation t\u00e9l\u00e9phonique, tout le dos peut se d\u00e9tendre - ce qui pr\u00e9vient les tensions.<\/p>\n<p>Le fabricant Interstuhl est une entreprise familiale allemande bas\u00e9e dans le sud de l'Allemagne. C'est l'un des fabricants de si\u00e8ges de bureau les plus renomm\u00e9s et les plus importants en Allemagne.<\/p>","protected":false},"featured_media":9133,"template":"","meta":{"content-type":"","inline_featured_image":false},"product_brand":[],"product_cat":[190,39,192,41],"product_tag":[112,44,120,108,113],"class_list":{"0":"post-9132","1":"product","2":"type-product","3":"status-publish","4":"has-post-thumbnail","6":"product_cat-homeoffice-specials","7":"product_cat-moebel","8":"product_cat-office-drehstuehle","9":"product_cat-schreibtischstuehle","10":"product_tag-einfache-selbstmontage","11":"product_tag-ergonomisch","12":"product_tag-hersteller-interstuhl","13":"product_tag-made-in-germany","14":"product_tag-schnelle-lieferung","16":"first","17":"instock","18":"taxable","19":"shipping-taxable","20":"purchasable","21":"product-type-simple"},"_links":{"self":[{"href":"https:\/\/xoros-home.de\/fr\/wp-json\/wp\/v2\/product\/9132","targetHints":{"allow":["GET"]}}],"collection":[{"href":"https:\/\/xoros-home.de\/fr\/wp-json\/wp\/v2\/product"}],"about":[{"href":"https:\/\/xoros-home.de\/fr\/wp-json\/wp\/v2\/types\/product"}],"version-history":[{"count":1,"href":"https:\/\/xoros-home.de\/fr\/wp-json\/wp\/v2\/product\/9132\/revisions"}],"predecessor-version":[{"id":13575,"href":"https:\/\/xoros-home.de\/fr\/wp-json\/wp\/v2\/product\/9132\/revisions\/13575"}],"wp:featuredmedia":[{"embeddable":true,"href":"https:\/\/xoros-home.de\/fr\/wp-json\/wp\/v2\/media\/9133"}],"wp:attachment":[{"href":"https:\/\/xoros-home.de\/fr\/wp-json\/wp\/v2\/media?parent=9132"}],"wp:term":[{"taxonomy":"product_brand","embeddable":true,"href":"https:\/\/xoros-home.de\/fr\/wp-json\/wp\/v2\/product_brand?post=9132"},{"taxonomy":"product_cat","embeddable":true,"href":"https:\/\/xoros-home.de\/fr\/wp-json\/wp\/v2\/product_cat?post=9132"},{"taxonomy":"product_tag","embeddable":true,"href":"https:\/\/xoros-home.de\/fr\/wp-json\/wp\/v2\/product_tag?post=9132"}],"curies":[{"name":"wp","href":"https:\/\/api.w.org\/{rel}","templated":true}]}}