{"id":9156,"date":"2022-08-02T15:19:35","date_gmt":"2022-08-02T13:19:35","guid":{"rendered":"https:\/\/xoros-home.de\/?post_type=product&#038;p=9156"},"modified":"2023-11-06T15:09:47","modified_gmt":"2023-11-06T14:09:47","slug":"coussin-chaise-pivotante-everyis1-ev116-differentes-configurations-de-couleurs-interstuhl","status":"publish","type":"product","link":"https:\/\/xoros-home.de\/fr\/produkt\/polster-drehstuhl-everyis1-ev116-verschiedene-farbkonfigurationen-interstuhl\/","title":{"rendered":"Chaise pivotante rembourr\u00e9e EVERYis1 - EV116 diff\u00e9rentes configurations de couleurs (Interstuhl)"},"content":{"rendered":"<ul>\n<li>Dossier : Rembourrage<\/li>\n<li>Couleur du dos : au choix bleu brillant (CSE08) ou gris quartz (CSE13)<\/li>\n<li>Couleur de la couverture, cadre du dossier : plastique, noir ou blanc au choix<\/li>\n<li>Accoudoirs : 2D accoudoir en T, r\u00e9glables en largeur et en hauteur, souples<\/li>\n<li>Couleur des accoudoirs : blanc<\/li>\n<li>Assise : rembourrage avec tissu de rev\u00eatement \"Era<\/li>\n<li>Couleur de l'assise \/ du rev\u00eatement : au choix bleu brillant (CSE08) ou gris quartz (CSE13)<\/li>\n<li>M\u00e9canisme de la chaise : M\u00e9canisme synchrone<\/li>\n<li>Couleur du m\u00e9canisme : noir<\/li>\n<li>Couleur du couvercle : noir<\/li>\n<li>Pi\u00e9tement : Pi\u00e9tement en plastique<\/li>\n<li>Couleur du pi\u00e8tement : au choix noir ou blanc<\/li>\n<li>Roulettes : Roulettes doubles souples<\/li>\n<li>Couleur des roulettes : noir<\/li>\n<li>Type de montage : d\u00e9mont\u00e9 dans le carton<\/li>\n<\/ul>\n<p>&nbsp;<\/p>\n<p><strong>M\u00e9canisme synchrone Interstuhl :<\/strong><\/p>\n<p>R\u00e9glage parfait - assise individuelle : Le m\u00e9canisme synchrone d'Interstuhl permet d'adapter exactement la contre-pression du dossier \u00e0 chaque utilisateur. Le m\u00e9canisme de synchronisation d'Interstuhl soutient le corps de mani\u00e8re optimale dans chaque position. La force de rappel du mouvement synchrone peut \u00eatre r\u00e9gl\u00e9e individuellement sur sept niveaux en fonction de l'utilisateur et de son poids. Il incite \u00e0 changer constamment de posture et favorise ainsi une forme d'assise active et saine.<\/p>","protected":false},"excerpt":{"rendered":"<p>L'EVERYis1 est l'un des si\u00e8ges pivotants classiques de la maison Interstuhl. Le mod\u00e8le EV116 est \u00e9quip\u00e9 d'un dossier rembourr\u00e9 de hauteur moyenne, d'une assise confortable rembourr\u00e9e et du m\u00e9canisme synchrone d'Interstuhl, qui permet un r\u00e9glage du poids en plusieurs \u00e9tapes. Le dossier et l'assise sont disponibles en diff\u00e9rentes couleurs, le cadre du dossier et le pi\u00e9tement sont disponibles en noir ou en blanc.<\/p>\n<p>Le fabricant Interstuhl est une entreprise familiale allemande bas\u00e9e dans le sud de l'Allemagne. C'est l'un des fabricants de si\u00e8ges de bureau les plus renomm\u00e9s et les plus importants en Allemagne.<\/p>","protected":false},"featured_media":9162,"template":"","meta":{"content-type":"","inline_featured_image":false},"product_brand":[],"product_cat":[41,39],"product_tag":[112,44,120,108,113],"class_list":{"0":"post-9156","1":"product","2":"type-product","3":"status-publish","4":"has-post-thumbnail","6":"product_cat-schreibtischstuehle","7":"product_cat-moebel","8":"product_tag-einfache-selbstmontage","9":"product_tag-ergonomisch","10":"product_tag-hersteller-interstuhl","11":"product_tag-made-in-germany","12":"product_tag-schnelle-lieferung","14":"first","15":"instock","16":"taxable","17":"shipping-taxable","18":"purchasable","19":"product-type-simple"},"_links":{"self":[{"href":"https:\/\/xoros-home.de\/fr\/wp-json\/wp\/v2\/product\/9156","targetHints":{"allow":["GET"]}}],"collection":[{"href":"https:\/\/xoros-home.de\/fr\/wp-json\/wp\/v2\/product"}],"about":[{"href":"https:\/\/xoros-home.de\/fr\/wp-json\/wp\/v2\/types\/product"}],"version-history":[{"count":1,"href":"https:\/\/xoros-home.de\/fr\/wp-json\/wp\/v2\/product\/9156\/revisions"}],"predecessor-version":[{"id":12890,"href":"https:\/\/xoros-home.de\/fr\/wp-json\/wp\/v2\/product\/9156\/revisions\/12890"}],"wp:featuredmedia":[{"embeddable":true,"href":"https:\/\/xoros-home.de\/fr\/wp-json\/wp\/v2\/media\/9162"}],"wp:attachment":[{"href":"https:\/\/xoros-home.de\/fr\/wp-json\/wp\/v2\/media?parent=9156"}],"wp:term":[{"taxonomy":"product_brand","embeddable":true,"href":"https:\/\/xoros-home.de\/fr\/wp-json\/wp\/v2\/product_brand?post=9156"},{"taxonomy":"product_cat","embeddable":true,"href":"https:\/\/xoros-home.de\/fr\/wp-json\/wp\/v2\/product_cat?post=9156"},{"taxonomy":"product_tag","embeddable":true,"href":"https:\/\/xoros-home.de\/fr\/wp-json\/wp\/v2\/product_tag?post=9156"}],"curies":[{"name":"wp","href":"https:\/\/api.w.org\/{rel}","templated":true}]}}