{"id":9178,"date":"2022-08-05T14:26:52","date_gmt":"2022-08-05T12:26:52","guid":{"rendered":"https:\/\/xoros-home.de\/?post_type=product&#038;p=9178"},"modified":"2024-02-23T10:51:23","modified_gmt":"2024-02-23T09:51:23","slug":"selab-e-desk-acayennerot-graphite-noir-sedus","status":"publish","type":"product","link":"https:\/\/xoros-home.de\/fr\/produkt\/selab-e-desk-acayennerot-graphitschwarz-sedus\/","title":{"rendered":"se:lab e-desk A \"rouge cayenne\/noir graphite\" (SEDUS)"},"content":{"rendered":"<p><strong>Bureau \u00e0 hauteur r\u00e9glable \u00e9lectriquement de SEDUS : se:lab e-desk A<\/strong><\/p>\n<ul>\n<li>Dimensions : 1400 mm x 700 mm<\/li>\n<li>\u00c9paisseur du panneau 19 mm, coins arrondis<\/li>\n<li>surface en m\u00e9lamine r\u00e9sistante en noir graphite<\/li>\n<li>Pi\u00e9tement en tube rond en forme de A, rouge cayenne\/noir avec r\u00e9glage en hauteur par moteur \u00e9lectrique 650-1280 mm<\/li>\n<li>El\u00e9ment de commande pour le r\u00e9glage de la hauteur avec \u00e9cran et chargeur USB, mont\u00e9 \u00e0 droite<\/li>\n<li>en option avec un bac \u00e0 c\u00e2bles rabattable<\/li>\n<\/ul>\n<p><img decoding=\"async\" class=\"alignnone size-full wp-image-8678\" src=\"https:\/\/xoros-home.de\/wp-content\/uploads\/2022\/06\/Sedus-Logo200.png\" alt=\"\" width=\"200\" height=\"90\" \/><\/p>","protected":false},"excerpt":{"rendered":"<p>Cette belle table \u00e0 hauteur r\u00e9glable \u00e9lectriquement est un \"e-desk A\" de la gamme de produits \"se:lab\" du fabricant SEDUS. Notre mod\u00e8le attire doublement le regard : en raison de son pied marquant en forme de A - et en raison de la couleur rouge cayenne du pi\u00e9tement.<\/p>\n<p>&nbsp;<\/p>","protected":false},"featured_media":9189,"template":"","meta":{"content-type":"","inline_featured_image":false},"product_brand":[],"product_cat":[189,39,40],"product_tag":[44,107,46,108],"class_list":{"0":"post-9178","1":"product","2":"type-product","3":"status-publish","4":"has-post-thumbnail","6":"product_cat-office-schreibtische","7":"product_cat-moebel","8":"product_cat-schreibtische","9":"product_tag-ergonomisch","10":"product_tag-hersteller-sedus","11":"product_tag-hoehenverstellbar","12":"product_tag-made-in-germany","14":"first","15":"instock","16":"taxable","17":"shipping-taxable","18":"purchasable","19":"product-type-simple"},"_links":{"self":[{"href":"https:\/\/xoros-home.de\/fr\/wp-json\/wp\/v2\/product\/9178","targetHints":{"allow":["GET"]}}],"collection":[{"href":"https:\/\/xoros-home.de\/fr\/wp-json\/wp\/v2\/product"}],"about":[{"href":"https:\/\/xoros-home.de\/fr\/wp-json\/wp\/v2\/types\/product"}],"version-history":[{"count":1,"href":"https:\/\/xoros-home.de\/fr\/wp-json\/wp\/v2\/product\/9178\/revisions"}],"predecessor-version":[{"id":13574,"href":"https:\/\/xoros-home.de\/fr\/wp-json\/wp\/v2\/product\/9178\/revisions\/13574"}],"wp:featuredmedia":[{"embeddable":true,"href":"https:\/\/xoros-home.de\/fr\/wp-json\/wp\/v2\/media\/9189"}],"wp:attachment":[{"href":"https:\/\/xoros-home.de\/fr\/wp-json\/wp\/v2\/media?parent=9178"}],"wp:term":[{"taxonomy":"product_brand","embeddable":true,"href":"https:\/\/xoros-home.de\/fr\/wp-json\/wp\/v2\/product_brand?post=9178"},{"taxonomy":"product_cat","embeddable":true,"href":"https:\/\/xoros-home.de\/fr\/wp-json\/wp\/v2\/product_cat?post=9178"},{"taxonomy":"product_tag","embeddable":true,"href":"https:\/\/xoros-home.de\/fr\/wp-json\/wp\/v2\/product_tag?post=9178"}],"curies":[{"name":"wp","href":"https:\/\/api.w.org\/{rel}","templated":true}]}}