{"id":9307,"date":"2022-08-23T14:38:38","date_gmt":"2022-08-23T12:38:38","guid":{"rendered":"https:\/\/xoros-home.de\/?post_type=product&#038;p=9307"},"modified":"2024-02-22T18:26:02","modified_gmt":"2024-02-22T17:26:02","slug":"hiya-table-reglable-en-hauteur-anthracite-haworth","status":"publish","type":"product","link":"https:\/\/xoros-home.de\/fr\/produkt\/hiya-hoehenverstellbarer-tisch-anthrazit-haworth\/","title":{"rendered":"HiYa - table r\u00e9glable en hauteur \"anthracite\" (Haworth)"},"content":{"rendered":"<p><strong>Caract\u00e9ristiques du bureau :<\/strong><\/p>\n<ul>\n<li>hauteur r\u00e9glable entre 65 et 130 cm<\/li>\n<li>25mm d'\u00e9paisseur de panneau<\/li>\n<li>Plateau de table en m\u00e9lamine anthracite<\/li>\n<li>couleur du cadre en noir<\/li>\n<li>Disponible sur demande dans des dimensions sp\u00e9ciales en centim\u00e8tres, entre 120 cm et 180 cm de largeur (profondeur possible : 70, 80 ou 90 cm).<\/li>\n<\/ul>\n<p>&nbsp;<\/p>\n<p><img decoding=\"async\" class=\"alignnone size-medium wp-image-9311\" src=\"https:\/\/xoros-home.de\/wp-content\/uploads\/2022\/08\/Haworth_Logo_Black-300x36.png\" alt=\"\" width=\"300\" height=\"36\" srcset=\"https:\/\/xoros-home.de\/wp-content\/uploads\/2022\/08\/Haworth_Logo_Black-300x36.png 300w, https:\/\/xoros-home.de\/wp-content\/uploads\/2022\/08\/Haworth_Logo_Black-1024x124.png 1024w, https:\/\/xoros-home.de\/wp-content\/uploads\/2022\/08\/Haworth_Logo_Black-768x93.png 768w, https:\/\/xoros-home.de\/wp-content\/uploads\/2022\/08\/Haworth_Logo_Black-600x73.png 600w, https:\/\/xoros-home.de\/wp-content\/uploads\/2022\/08\/Haworth_Logo_Black.png 1320w\" sizes=\"(max-width: 300px) 100vw, 300px\" \/><\/p>","protected":false},"excerpt":{"rendered":"<p>Le \"HiYa\" est un bureau ind\u00e9pendant et r\u00e9glable en hauteur avec une \"commande \u00e0 palettes\" intuitive de la maison Haworth - l'un des plus grands fabricants mondiaux de mobilier de bureau en mains familiales. Le bureau \u00e0 hauteur r\u00e9glable \u00e9lectriquement est enti\u00e8rement conforme \u00e0 la norme GS, est \u00e9quip\u00e9 d'une protection anti-collision int\u00e9gr\u00e9e et de moteurs silencieux et r\u00e9pond aux exigences ergonomiques de ses utilisateurs sans aucun compromis.<\/p>","protected":false},"featured_media":9317,"template":"","meta":{"content-type":"","inline_featured_image":false},"product_brand":[],"product_cat":[189,39,40],"product_tag":[44,121,46],"class_list":{"0":"post-9307","1":"product","2":"type-product","3":"status-publish","4":"has-post-thumbnail","6":"product_cat-office-schreibtische","7":"product_cat-moebel","8":"product_cat-schreibtische","9":"product_tag-ergonomisch","10":"product_tag-hersteller-haworth","11":"product_tag-hoehenverstellbar","13":"first","14":"instock","15":"taxable","16":"shipping-taxable","17":"purchasable","18":"product-type-simple"},"_links":{"self":[{"href":"https:\/\/xoros-home.de\/fr\/wp-json\/wp\/v2\/product\/9307","targetHints":{"allow":["GET"]}}],"collection":[{"href":"https:\/\/xoros-home.de\/fr\/wp-json\/wp\/v2\/product"}],"about":[{"href":"https:\/\/xoros-home.de\/fr\/wp-json\/wp\/v2\/types\/product"}],"version-history":[{"count":0,"href":"https:\/\/xoros-home.de\/fr\/wp-json\/wp\/v2\/product\/9307\/revisions"}],"wp:featuredmedia":[{"embeddable":true,"href":"https:\/\/xoros-home.de\/fr\/wp-json\/wp\/v2\/media\/9317"}],"wp:attachment":[{"href":"https:\/\/xoros-home.de\/fr\/wp-json\/wp\/v2\/media?parent=9307"}],"wp:term":[{"taxonomy":"product_brand","embeddable":true,"href":"https:\/\/xoros-home.de\/fr\/wp-json\/wp\/v2\/product_brand?post=9307"},{"taxonomy":"product_cat","embeddable":true,"href":"https:\/\/xoros-home.de\/fr\/wp-json\/wp\/v2\/product_cat?post=9307"},{"taxonomy":"product_tag","embeddable":true,"href":"https:\/\/xoros-home.de\/fr\/wp-json\/wp\/v2\/product_tag?post=9307"}],"curies":[{"name":"wp","href":"https:\/\/api.w.org\/{rel}","templated":true}]}}