{"id":9709,"date":"2022-10-12T10:39:27","date_gmt":"2022-10-12T08:39:27","guid":{"rendered":"https:\/\/xoros-home.de\/?post_type=product&#038;p=9709"},"modified":"2024-02-22T18:24:28","modified_gmt":"2024-02-22T17:24:28","slug":"eliot-bureau-avec-plateau-multiplex-fenix-nero-eliot","status":"publish","type":"product","link":"https:\/\/xoros-home.de\/fr\/produkt\/eliot-schreibtisch-mit-tischplatte-multiplex-fenix-nero-eliot\/","title":{"rendered":"Bureau Eliot - avec plateau Multiplex Fenix Nero (ELIOT)"},"content":{"rendered":"<p>Ce bureau Eliot est \u00e9quip\u00e9 d'une <strong>massif<\/strong> plateau de table en \"Multiplex Fenix Nero\". Le <strong>plateau de table Fenix exclusif<\/strong>\u00a0en noir mat est recouvert d'un stratifi\u00e9 HPL robuste et de haute qualit\u00e9.\u00a0<strong>Nano-rev\u00eatement\u00a0<\/strong>est \u00e9quip\u00e9 d'un syst\u00e8me de protection. Le rev\u00eatement Fenix convainc par ses propri\u00e9t\u00e9s d'entretien imbattables : Sa surface est\u00a0<strong>hygi\u00e9nique<\/strong>,\u00a0<strong>repousse la salet\u00e9 et les bact\u00e9ries<\/strong>ne laisse pas d'empreintes digitales tout en conservant sa\u00a0<strong>toucher soyeux<\/strong>. Les bords du panneau multiplex massif sont ponc\u00e9s et huil\u00e9s.<\/p>\n<p>La gestion des c\u00e2bles est disponible en option (au choix comme bac \u00e0 c\u00e2bles fixe ou rabattable avec prise multiple \u00e0 3 ou 5 positions).<\/p>\n<p><strong>Remarque : <\/strong>Tous les bureaux Eliot sont <strong>\u00e0 monter soi-m\u00eame<\/strong> est livr\u00e9. Une vid\u00e9o avec les instructions de montage se trouve ici : <a href=\"https:\/\/www.youtube.com\/watch?v=gvgcowEKFAw\" target=\"_blank\" rel=\"noopener\">https:\/\/www.youtube.com\/watch?v=gvgcowEKFAw<\/a>.<\/p>","protected":false},"excerpt":{"rendered":"<p>Eliot est unique en son genre ! Il s\u00e9duit par son design embl\u00e9matique et convainc par sa technologie intelligente et sa personnalit\u00e9 intelligente.<\/p>\n<p>Le bureau Eliot r\u00e9glable en hauteur est disponible chez nous en<strong> 2 tailles <\/strong>disponibles - 120\u00d770 et 140x70cm. La colonne ronde \u00e0 3 segments contient <strong>deux<\/strong>\u00a0<b>puissant Moto<\/b><strong>ren<\/strong>ce qui porte la hauteur de la table de\u00a0<b>min. 65 cm<\/b>\u00a0<b>et max. 130 cm<\/b>\u00a0peut \u00eatre vari\u00e9. Le tout en continu, sans \u00e0-coups, rapidement et silencieusement et avec une s\u00e9curit\u00e9\u00a0<strong>Protection contre les collisions<\/strong>.<\/p>\n<p>Le Smartcontroller est \u00e9galement de la partie : l'\u00e9cran t'indique la hauteur de la table, se souvient de tes hauteurs debout et assise et t'aide \u00e0 te tenir davantage debout si tu le souhaites. Le r\u00e9glage de la hauteur peut \u00eatre bloqu\u00e9 par la fonction Safety-Lock.<\/p>","protected":false},"featured_media":9720,"template":"","meta":{"content-type":"","inline_featured_image":false},"product_brand":[],"product_cat":[191,39,40],"product_tag":[112,44,111,46,113],"class_list":{"0":"post-9709","1":"product","2":"type-product","3":"status-publish","4":"has-post-thumbnail","6":"product_cat-homeoffice-design-premium","7":"product_cat-moebel","8":"product_cat-schreibtische","9":"product_tag-einfache-selbstmontage","10":"product_tag-ergonomisch","11":"product_tag-hersteller-eliot","12":"product_tag-hoehenverstellbar","13":"product_tag-schnelle-lieferung","15":"first","16":"instock","17":"taxable","18":"shipping-taxable","19":"purchasable","20":"product-type-simple"},"_links":{"self":[{"href":"https:\/\/xoros-home.de\/fr\/wp-json\/wp\/v2\/product\/9709","targetHints":{"allow":["GET"]}}],"collection":[{"href":"https:\/\/xoros-home.de\/fr\/wp-json\/wp\/v2\/product"}],"about":[{"href":"https:\/\/xoros-home.de\/fr\/wp-json\/wp\/v2\/types\/product"}],"version-history":[{"count":1,"href":"https:\/\/xoros-home.de\/fr\/wp-json\/wp\/v2\/product\/9709\/revisions"}],"predecessor-version":[{"id":9734,"href":"https:\/\/xoros-home.de\/fr\/wp-json\/wp\/v2\/product\/9709\/revisions\/9734"}],"wp:featuredmedia":[{"embeddable":true,"href":"https:\/\/xoros-home.de\/fr\/wp-json\/wp\/v2\/media\/9720"}],"wp:attachment":[{"href":"https:\/\/xoros-home.de\/fr\/wp-json\/wp\/v2\/media?parent=9709"}],"wp:term":[{"taxonomy":"product_brand","embeddable":true,"href":"https:\/\/xoros-home.de\/fr\/wp-json\/wp\/v2\/product_brand?post=9709"},{"taxonomy":"product_cat","embeddable":true,"href":"https:\/\/xoros-home.de\/fr\/wp-json\/wp\/v2\/product_cat?post=9709"},{"taxonomy":"product_tag","embeddable":true,"href":"https:\/\/xoros-home.de\/fr\/wp-json\/wp\/v2\/product_tag?post=9709"}],"curies":[{"name":"wp","href":"https:\/\/api.w.org\/{rel}","templated":true}]}}