{"id":9738,"date":"2022-10-14T16:11:33","date_gmt":"2022-10-14T14:11:33","guid":{"rendered":"https:\/\/xoros-home.de\/?post_type=product&#038;p=9738"},"modified":"2024-02-22T18:24:56","modified_gmt":"2024-02-22T17:24:56","slug":"ambivalence-de-la-secretaire-detat-de-flaepp","status":"publish","type":"product","link":"https:\/\/xoros-home.de\/fr\/produkt\/flaepps-staatssekretaerin-ambivalenz\/","title":{"rendered":"Fl\u00e4pps Staatssekret\u00e4r:in (ambivalence)"},"content":{"rendered":"<p><strong>Dimensions petite variante :<\/strong><\/p>\n<p>Repli\u00e9 80 x 50 x 2 cm + 4 cm de support mural<br \/>\nsurface de travail d\u00e9pli\u00e9e 70 x 40 cm<\/p>\n<p><strong>Dimensions grande variante :<\/strong><\/p>\n<p>Repli\u00e9 100 x 60 x 2 cm + 4 cm de support mural<br \/>\nsurface de travail d\u00e9pli\u00e9e 90 x 50 cm<\/p>\n<p><strong>Mat\u00e9riaux :<\/strong> contreplaqu\u00e9 bouleau rev\u00eatu de HPL teint\u00e9 dans la masse, acier inoxydable<\/p>\n<p><strong>capacit\u00e9 de charge :<\/strong> 25 kg<\/p>\n<p>&nbsp;<\/p>\n<p><img decoding=\"async\" class=\"alignnone size-medium wp-image-9085\" src=\"https:\/\/xoros-home.de\/wp-content\/uploads\/2022\/07\/AMBIVALENZ_Logo_transparent-300x42.png\" alt=\"\" width=\"300\" height=\"42\" srcset=\"https:\/\/xoros-home.de\/wp-content\/uploads\/2022\/07\/AMBIVALENZ_Logo_transparent-300x42.png 300w, https:\/\/xoros-home.de\/wp-content\/uploads\/2022\/07\/AMBIVALENZ_Logo_transparent-1024x144.png 1024w, https:\/\/xoros-home.de\/wp-content\/uploads\/2022\/07\/AMBIVALENZ_Logo_transparent-768x108.png 768w, https:\/\/xoros-home.de\/wp-content\/uploads\/2022\/07\/AMBIVALENZ_Logo_transparent-1536x215.png 1536w, https:\/\/xoros-home.de\/wp-content\/uploads\/2022\/07\/AMBIVALENZ_Logo_transparent-2048x287.png 2048w, https:\/\/xoros-home.de\/wp-content\/uploads\/2022\/07\/AMBIVALENZ_Logo_transparent-600x84.png 600w\" sizes=\"(max-width: 300px) 100vw, 300px\" \/><\/p>\n<p>AMBIVALENZ a \u00e9t\u00e9 fond\u00e9e en 2012 \u00e0 Berlin par l'ancien strat\u00e8ge en communication Malte Grieb. Depuis, le label d\u00e9veloppe des id\u00e9es pour des espaces modernes, mobiles et flexibles. Des tendances comme le \"Compact Living\", qui incarnent le d\u00e9sir d'une vie flexible et mobile, sont reprises et mises en \u0153uvre avec des objets modulaires et transformables. La devise est la suivante : une fonction maximale et un design maximal dans un espace minimal.<\/p>\n<p>L'assortiment se compose de la ligne principale FL\u00c4PPS, qui comprend, outre diverses \u00e9tag\u00e8res murales et un secr\u00e9taire d\u00e9pliant, une armoire de maquillage, des penderies et la chaise pliante la moins encombrante du monde.<\/p>","protected":false},"excerpt":{"rendered":"<p>Mur, poste de travail, travail ? Introduisez, rabattez, le travail s'en va !<\/p>\n<p>Le secr\u00e9taire d'\u00c9tat repli\u00e9 est un homme d'\u00c9tat discret dont le potentiel est \u00e0 peine perceptible. Mais la diplomatie s'arr\u00eate l\u00e0 lorsqu'il est d\u00e9pli\u00e9. Le secr\u00e9taire mural se vante alors de sa puissance fonctionnelle concentr\u00e9e dans un espace minimal.<\/p>\n<p>Avec une \u00e9paisseur totale de seulement 6 cm, le sac mural int\u00e9rieur minimaliste en toile peut contenir un ordinateur portable, un bloc d'alimentation, un magazine et, bien s\u00fbr, des ciseaux, un stylo et du papier.<\/p>\n<p>Disponible en noir ou en blanc.<\/p>","protected":false},"featured_media":9749,"template":"","meta":{"content-type":"","inline_featured_image":false},"product_brand":[],"product_cat":[191,39,40],"product_tag":[119,51,45],"class_list":{"0":"post-9738","1":"product","2":"type-product","3":"status-publish","4":"has-post-thumbnail","6":"product_cat-homeoffice-design-premium","7":"product_cat-moebel","8":"product_cat-schreibtische","9":"product_tag-hersteller-ambivalenz","10":"product_tag-klappbar","11":"product_tag-platzsparend","13":"first","14":"instock","15":"taxable","16":"shipping-taxable","17":"purchasable","18":"product-type-simple"},"_links":{"self":[{"href":"https:\/\/xoros-home.de\/fr\/wp-json\/wp\/v2\/product\/9738","targetHints":{"allow":["GET"]}}],"collection":[{"href":"https:\/\/xoros-home.de\/fr\/wp-json\/wp\/v2\/product"}],"about":[{"href":"https:\/\/xoros-home.de\/fr\/wp-json\/wp\/v2\/types\/product"}],"version-history":[{"count":0,"href":"https:\/\/xoros-home.de\/fr\/wp-json\/wp\/v2\/product\/9738\/revisions"}],"wp:featuredmedia":[{"embeddable":true,"href":"https:\/\/xoros-home.de\/fr\/wp-json\/wp\/v2\/media\/9749"}],"wp:attachment":[{"href":"https:\/\/xoros-home.de\/fr\/wp-json\/wp\/v2\/media?parent=9738"}],"wp:term":[{"taxonomy":"product_brand","embeddable":true,"href":"https:\/\/xoros-home.de\/fr\/wp-json\/wp\/v2\/product_brand?post=9738"},{"taxonomy":"product_cat","embeddable":true,"href":"https:\/\/xoros-home.de\/fr\/wp-json\/wp\/v2\/product_cat?post=9738"},{"taxonomy":"product_tag","embeddable":true,"href":"https:\/\/xoros-home.de\/fr\/wp-json\/wp\/v2\/product_tag?post=9738"}],"curies":[{"name":"wp","href":"https:\/\/api.w.org\/{rel}","templated":true}]}}