{"id":10504,"date":"2022-12-28T10:17:49","date_gmt":"2022-12-28T09:17:49","guid":{"rendered":"https:\/\/xoros-home.de\/cookie-richtlinie-eu\/"},"modified":"2022-12-28T10:17:49","modified_gmt":"2022-12-28T09:17:49","slug":"direttiva-cookie-ue","status":"publish","type":"page","link":"https:\/\/xoros-home.de\/it\/cookie-richtlinie-eu\/","title":{"rendered":"Direttiva sui cookie (UE)"},"content":{"rendered":"<!-- Legal document generated by Complianz | GDPR\/CCPA Cookie Consent https:\/\/wordpress.org\/plugins\/complianz-gdpr -->\n<div id=\"cmplz-document\" class=\"cmplz-document cookie-statement cmplz-document-eu\"><p><i>La presente Informativa sui cookie \u00e8 stata aggiornata l'ultima volta il 03\/07\/2025 e si applica ai cittadini e ai residenti permanenti legali dello Spazio economico europeo e della Svizzera.<\/i><br><\/p><h2>1. introduzione<\/h2><p>Il nostro sito web, <a href=\"https:\/\/xoros-home.de\/it\">https:\/\/xoros-home.de\/it<\/a> (di seguito: \"il sito web\") utilizza i cookie e altre tecnologie correlate (per comodit\u00e0 tutte le tecnologie sono indicate come \"cookie\"). I cookie vengono inseriti anche da terze parti da noi incaricate. Nel documento che segue vi informiamo sull'uso dei cookie sul nostro sito web.<\/p><h2>2. Cosa sono i biscotti?<\/h2><p>Un cookie \u00e8 un piccolo e semplice file che viene inviato insieme alle pagine di questo sito web e memorizzato dal vostro browser sul disco rigido del vostro computer o di un altro dispositivo. Le informazioni in esso memorizzate possono essere rinviate ai nostri server o ai server delle terze parti interessate durante una visita successiva.<\/p><h2>3. Cosa sono gli script?<\/h2><p>Uno script \u00e8 un pezzo di codice di programma che viene utilizzato per far funzionare il nostro sito web in modo corretto e interattivo. Questo codice viene eseguito sul nostro server o sul vostro dispositivo.<\/p><h2>4 Che cos'\u00e8 un web beacon?<\/h2><p>Un web beacon (o pixel tag) \u00e8 una piccola parte invisibile di testo o immagine presente su un sito web, utilizzata per monitorare il traffico su un sito. A tal fine, i web beacon memorizzano diversi dati relativi all'utente.<\/p><h2>5. biscotti<\/h2><p class=\"cmplz-subtitle\">5.1 Cookie tecnici o funzionali<\/p><p>Alcuni cookie garantiscono il corretto funzionamento di alcune parti del sito web e la conoscenza delle preferenze dell'utente. Inserendo i cookie funzionali, vi facilitiamo la visita al nostro sito web. In questo modo, non \u00e8 necessario inserire ripetutamente le stesse informazioni quando si visita il nostro sito e, ad esempio, gli articoli rimangono nel carrello fino al momento del pagamento. Possiamo inserire questi cookie senza il vostro consenso.<\/p><p class=\"cmplz-subtitle\">5.2 Cookie statistici<\/p><p>Utilizziamo i cookie statistici per ottimizzare l'esperienza del sito web per i nostri utenti. Con questi cookie statistici otteniamo informazioni sull'utilizzo del nostro sito web. Chiediamo il vostro consenso per l'inserimento dei cookie statistici.<\/p><h2>6. collocare i biscotti<\/h2><div id=\"cmplz-cookies-overview\"><details class=\"cmplz-dropdown cmplz-service-desc cmplz-dropdown-cookiepolicy\">\n\t<summary class=\"cmplz-service-header\"><div>\n\t\t<h3>Conformit\u00e0<\/h3>\n\t\t<p>Funzionale<\/p>\n\t\t<label for=\"cmplz_service_complianz\" class=\"cmplz_consent_per_service_label\"><span class=\"screen-reader-text\">Consenso al servizio complianz<\/span><\/label>\n\t\t<input type=\"checkbox\" id=\"cmplz_service_complianz\" class=\"cmplz-accept-service cmplz-hidden\" data-service=\"complianz\" data-category=\"functional\"><\/div>\n\t<\/summary>\n\t<div class=\"cmplz-service-description\">\n\t\t<h4>Utilizzo<\/h4>\n\t\t<p>Utilizziamo Complianz per la gestione del consenso ai cookie. <a target=\"_blank\" rel=\"noopener noreferrer nofollow\" href=\"https:\/\/cookiedatabase.org\/service\/complianz\/\">Per saperne di pi\u00f9 su Complianz<\/a><\/p>\n\t<\/div>\n\t<div class=\"cmplz-sharing-data\">\n\t\t<h4>Condivisione dei dati<\/h4>\n\t\t<p>Questi dati non vengono condivisi con terzi. Per ulteriori informazioni, leggere il documento <a target=\"_blank\" rel=\"noopener noreferrer\" href=\"https:\/\/complianz.io\/legal\/privacy-statement\/\">Dichiarazione sulla privacy di Complianz<\/a>.<\/p>\n\t<\/div>\n\t<div class=\"cookies-per-purpose\">\n    <div class=\"purpose\"><h4>Funzionale<\/h4><\/div>\n    <div class=\"name-header\">\n\t<h5>Nome<\/h5>\n<\/div>\n<div class=\"name\"><a target=\"_blank\" rel=\"noopener noreferrer nofollow\" href=\"https:\/\/cookiedatabase.org\/cookie\/complianz\/cmplz_banner-status\/\">cmplz_banner-status<\/a><\/div>\n<div class=\"retention-header\">\n\t<h5>Scadenza<\/h5>\n<\/div>\n<div class=\"retention\">365 giorni<\/div>\n<div class=\"function-header\">\n\t<h5>Funzione<\/h5>\n<\/div>\n<div class=\"function\">Memorizza se il banner dei cookie \u00e8 stato eliminato<\/div>\n<div class=\"name-header\">\n\t<h5>Nome<\/h5>\n<\/div>\n<div class=\"name\"><a target=\"_blank\" rel=\"noopener noreferrer nofollow\" href=\"https:\/\/cookiedatabase.org\/cookie\/complianz\/cmplz_policy_id\/\">cmplz_policy_id<\/a><\/div>\n<div class=\"retention-header\">\n\t<h5>Scadenza<\/h5>\n<\/div>\n<div class=\"retention\">365 giorni<\/div>\n<div class=\"function-header\">\n\t<h5>Funzione<\/h5>\n<\/div>\n<div class=\"function\">Memorizzare l'ID della politica dei cookie accettata<\/div>\n<div class=\"name-header\">\n\t<h5>Nome<\/h5>\n<\/div>\n<div class=\"name\"><a target=\"_blank\" rel=\"noopener noreferrer nofollow\" href=\"https:\/\/cookiedatabase.org\/cookie\/complianz\/cmplz_marketing\/\">cmplz_marketing<\/a><\/div>\n<div class=\"retention-header\">\n\t<h5>Scadenza<\/h5>\n<\/div>\n<div class=\"retention\">365 giorni<\/div>\n<div class=\"function-header\">\n\t<h5>Funzione<\/h5>\n<\/div>\n<div class=\"function\">Memorizzare le preferenze di consenso dei cookie<\/div>\n<div class=\"name-header\">\n\t<h5>Nome<\/h5>\n<\/div>\n<div class=\"name\"><a target=\"_blank\" rel=\"noopener noreferrer nofollow\" href=\"https:\/\/cookiedatabase.org\/cookie\/complianz\/cmplz_statistics\/\">cmplz_statistica<\/a><\/div>\n<div class=\"retention-header\">\n\t<h5>Scadenza<\/h5>\n<\/div>\n<div class=\"retention\">365 giorni<\/div>\n<div class=\"function-header\">\n\t<h5>Funzione<\/h5>\n<\/div>\n<div class=\"function\">Memorizzare le preferenze di consenso dei cookie<\/div>\n<div class=\"name-header\">\n\t<h5>Nome<\/h5>\n<\/div>\n<div class=\"name\"><a target=\"_blank\" rel=\"noopener noreferrer nofollow\" href=\"https:\/\/cookiedatabase.org\/cookie\/complianz\/cmplz_preferences\/\">cmplz_preferences<\/a><\/div>\n<div class=\"retention-header\">\n\t<h5>Scadenza<\/h5>\n<\/div>\n<div class=\"retention\">365 giorni<\/div>\n<div class=\"function-header\">\n\t<h5>Funzione<\/h5>\n<\/div>\n<div class=\"function\">Memorizzare le preferenze di consenso dei cookie<\/div>\n<div class=\"name-header\">\n\t<h5>Nome<\/h5>\n<\/div>\n<div class=\"name\"><a target=\"_blank\" rel=\"noopener noreferrer nofollow\" href=\"https:\/\/cookiedatabase.org\/cookie\/complianz\/cmplz_functional\/\">cmplz_funzionale<\/a><\/div>\n<div class=\"retention-header\">\n\t<h5>Scadenza<\/h5>\n<\/div>\n<div class=\"retention\">365 giorni<\/div>\n<div class=\"function-header\">\n\t<h5>Funzione<\/h5>\n<\/div>\n<div class=\"function\">Memorizzare le preferenze di consenso dei cookie<\/div>\n<div class=\"name-header\">\n\t<h5>Nome<\/h5>\n<\/div>\n<div class=\"name\"><a target=\"_blank\" rel=\"noopener noreferrer nofollow\" href=\"https:\/\/cookiedatabase.org\/cookie\/complianz\/cmplz_consented_services\/\">cmplz_consented_services<\/a><\/div>\n<div class=\"retention-header\">\n\t<h5>Scadenza<\/h5>\n<\/div>\n<div class=\"retention\">365 giorni<\/div>\n<div class=\"function-header\">\n\t<h5>Funzione<\/h5>\n<\/div>\n<div class=\"function\">Memorizzare le preferenze di consenso dei cookie<\/div>\n\n<\/div>\n<\/details>\n<details class=\"cmplz-dropdown cmplz-service-desc cmplz-dropdown-cookiepolicy\">\n\t<summary class=\"cmplz-service-header\"><div>\n\t\t<h3>PHP<\/h3>\n\t\t<p>Funzionale<\/p>\n\t\t<label for=\"cmplz_service_php\" class=\"cmplz_consent_per_service_label\"><span class=\"screen-reader-text\">Consenso al servizio php<\/span><\/label>\n\t\t<input type=\"checkbox\" id=\"cmplz_service_php\" class=\"cmplz-accept-service cmplz-hidden\" data-service=\"php\" data-category=\"functional\"><\/div>\n\t<\/summary>\n\t<div class=\"cmplz-service-description\">\n\t\t<h4>Utilizzo<\/h4>\n\t\t<p>Utilizziamo PHP per lo sviluppo del sito web. <a target=\"_blank\" rel=\"noopener noreferrer nofollow\" href=\"https:\/\/cookiedatabase.org\/service\/php\/\">Per saperne di pi\u00f9 su PHP<\/a><\/p>\n\t<\/div>\n\t<div class=\"cmplz-sharing-data\">\n\t\t<h4>Condivisione dei dati<\/h4>\n\t\t<p>Questi dati non vengono condivisi con terzi.<\/p>\n\t<\/div>\n\t<div class=\"cookies-per-purpose\">\n    <div class=\"purpose\"><h4>Funzionale<\/h4><\/div>\n    <div class=\"name-header\">\n\t<h5>Nome<\/h5>\n<\/div>\n<div class=\"name\"><a target=\"_blank\" rel=\"noopener noreferrer nofollow\" href=\"https:\/\/cookiedatabase.org\/cookie\/php\/exp10032188\/\">exp*<\/a><\/div>\n<div class=\"retention-header\">\n\t<h5>Scadenza<\/h5>\n<\/div>\n<div class=\"retention\"><\/div>\n<div class=\"function-header\">\n\t<h5>Funzione<\/h5>\n<\/div>\n<div class=\"function\">Fornire funzioni a tutte le pagine<\/div>\n\n<\/div>\n<\/details>\n<details class=\"cmplz-dropdown cmplz-service-desc cmplz-dropdown-cookiepolicy\">\n\t<summary class=\"cmplz-service-header\"><div>\n\t\t<h3>WooCommerce<\/h3>\n\t\t<p>Funzionale<\/p>\n\t\t<label for=\"cmplz_service_woocommerce\" class=\"cmplz_consent_per_service_label\"><span class=\"screen-reader-text\">Consenso al servizio woocommerce<\/span><\/label>\n\t\t<input type=\"checkbox\" id=\"cmplz_service_woocommerce\" class=\"cmplz-accept-service cmplz-hidden\" data-service=\"woocommerce\" data-category=\"functional\"><\/div>\n\t<\/summary>\n\t<div class=\"cmplz-service-description\">\n\t\t<h4>Utilizzo<\/h4>\n\t\t<p>Utilizziamo WooCommerce per la gestione del negozio online. <a target=\"_blank\" rel=\"noopener noreferrer nofollow\" href=\"https:\/\/cookiedatabase.org\/service\/woocommerce\/\">Per saperne di pi\u00f9 su WooCommerce<\/a><\/p>\n\t<\/div>\n\t<div class=\"cmplz-sharing-data\">\n\t\t<h4>Condivisione dei dati<\/h4>\n\t\t<p>Questi dati non vengono condivisi con terzi.<\/p>\n\t<\/div>\n\t<div class=\"cookies-per-purpose\">\n    <div class=\"purpose\"><h4>Funzionale<\/h4><\/div>\n    <div class=\"name-header\">\n\t<h5>Nome<\/h5>\n<\/div>\n<div class=\"name\"><a target=\"_blank\" rel=\"noopener noreferrer nofollow\" href=\"https:\/\/cookiedatabase.org\/cookie\/woocommerce\/wc_cart_hash_\/\">wc_cart_hash_*<\/a><\/div>\n<div class=\"retention-header\">\n\t<h5>Scadenza<\/h5>\n<\/div>\n<div class=\"retention\">sessione<\/div>\n<div class=\"function-header\">\n\t<h5>Funzione<\/h5>\n<\/div>\n<div class=\"function\">Memorizzare gli articoli nel carrello<\/div>\n<div class=\"name-header\">\n\t<h5>Nome<\/h5>\n<\/div>\n<div class=\"name\"><a target=\"_blank\" rel=\"noopener noreferrer nofollow\" href=\"https:\/\/cookiedatabase.org\/cookie\/woocommerce\/wc_fragments_\/\">wc_frammenti_*<\/a><\/div>\n<div class=\"retention-header\">\n\t<h5>Scadenza<\/h5>\n<\/div>\n<div class=\"retention\">persistente<\/div>\n<div class=\"function-header\">\n\t<h5>Funzione<\/h5>\n<\/div>\n<div class=\"function\"><\/div>\n\n<\/div>\n<\/details>\n<details class=\"cmplz-dropdown cmplz-service-desc cmplz-dropdown-cookiepolicy\">\n\t<summary class=\"cmplz-service-header\"><div>\n\t\t<h3>Google Analytics<\/h3>\n\t\t<p>Statistiche<\/p>\n\t\t<label for=\"cmplz_service_google-analytics\" class=\"cmplz_consent_per_service_label\"><span class=\"screen-reader-text\">Consenso al servizio google-analytics<\/span><\/label>\n\t\t<input type=\"checkbox\" id=\"cmplz_service_google-analytics\" class=\"cmplz-accept-service cmplz-hidden\" data-service=\"google-analytics\" data-category=\"functional\"><\/div>\n\t<\/summary>\n\t<div class=\"cmplz-service-description\">\n\t\t<h4>Utilizzo<\/h4>\n\t\t<p>Per le statistiche del sito web utilizziamo Google Analytics. <a target=\"_blank\" rel=\"noopener noreferrer nofollow\" href=\"https:\/\/cookiedatabase.org\/service\/google-analytics\/\">Per saperne di pi\u00f9 su Google Analytics<\/a><\/p>\n\t<\/div>\n\t<div class=\"cmplz-sharing-data\">\n\t\t<h4>Condivisione dei dati<\/h4>\n\t\t<p>Per ulteriori informazioni, leggere il documento <a target=\"_blank\" rel=\"noopener noreferrer nofollow\" href=\"https:\/\/business.safety.google\/privacy\/\">Dichiarazione sulla privacy di Google Analytics<\/a>.<\/p>\n\t<\/div>\n\t<div class=\"cookies-per-purpose\">\n    <div class=\"purpose\"><h4>Statistiche<\/h4><\/div>\n    <div class=\"name-header\">\n\t<h5>Nome<\/h5>\n<\/div>\n<div class=\"name\"><a target=\"_blank\" rel=\"noopener noreferrer nofollow\" href=\"https:\/\/cookiedatabase.org\/cookie\/google-analytics\/_gid\/\">_gid<\/a><\/div>\n<div class=\"retention-header\">\n\t<h5>Scadenza<\/h5>\n<\/div>\n<div class=\"retention\">1 giorno<\/div>\n<div class=\"function-header\">\n\t<h5>Funzione<\/h5>\n<\/div>\n<div class=\"function\">Memorizzare e contare le pagine viste<\/div>\n<div class=\"name-header\">\n\t<h5>Nome<\/h5>\n<\/div>\n<div class=\"name\"><a target=\"_blank\" rel=\"noopener noreferrer nofollow\" href=\"https:\/\/cookiedatabase.org\/cookie\/google-analytics\/_ga\/\">_ga<\/a><\/div>\n<div class=\"retention-header\">\n\t<h5>Scadenza<\/h5>\n<\/div>\n<div class=\"retention\">2 anni<\/div>\n<div class=\"function-header\">\n\t<h5>Funzione<\/h5>\n<\/div>\n<div class=\"function\">Memorizzare e contare le pagine viste<\/div>\n<div class=\"name-header\">\n\t<h5>Nome<\/h5>\n<\/div>\n<div class=\"name\"><a target=\"_blank\" rel=\"noopener noreferrer nofollow\" href=\"https:\/\/cookiedatabase.org\/cookie\/google-analytics\/_ga_\/\">_ga_*<\/a><\/div>\n<div class=\"retention-header\">\n\t<h5>Scadenza<\/h5>\n<\/div>\n<div class=\"retention\">1 anno<\/div>\n<div class=\"function-header\">\n\t<h5>Funzione<\/h5>\n<\/div>\n<div class=\"function\">Memorizzare e contare le pagine viste<\/div>\n\n<\/div>\n<\/details>\n<details class=\"cmplz-dropdown cmplz-service-desc cmplz-dropdown-cookiepolicy\">\n\t<summary class=\"cmplz-service-header\"><div>\n\t\t<h3>Varie<\/h3>\n\t\t<p>Scopo in attesa di indagine<\/p>\n\t\t<label for=\"cmplz_service_miscellaneous\" class=\"cmplz_consent_per_service_label\"><span class=\"screen-reader-text\">Consenso al servizio vari<\/span><\/label>\n\t\t<input type=\"checkbox\" id=\"cmplz_service_miscellaneous\" class=\"cmplz-accept-service cmplz-hidden\" data-service=\"miscellaneous\" data-category=\"functional\"><\/div>\n\t<\/summary>\n\t<div class=\"cmplz-service-description\">\n\t\t<h4>Utilizzo<\/h4>\n\t\t<p><\/p>\n\t<\/div>\n\t<div class=\"cmplz-sharing-data\">\n\t\t<h4>Condivisione dei dati<\/h4>\n\t\t<p>La condivisione dei dati \u00e8 in attesa di indagine<\/p>\n\t<\/div>\n\t<div class=\"cookies-per-purpose\">\n    <div class=\"purpose\"><h4>Scopo in attesa di indagine<\/h4><\/div>\n    <div class=\"name-header\">\n\t<h5>Nome<\/h5>\n<\/div>\n<div class=\"name\">hubspotutk<\/div>\n<div class=\"retention-header\">\n\t<h5>Scadenza<\/h5>\n<\/div>\n<div class=\"retention\"><\/div>\n<div class=\"function-header\">\n\t<h5>Funzione<\/h5>\n<\/div>\n<div class=\"function\"><\/div>\n<div class=\"name-header\">\n\t<h5>Nome<\/h5>\n<\/div>\n<div class=\"name\">cmplz_consent_mode<\/div>\n<div class=\"retention-header\">\n\t<h5>Scadenza<\/h5>\n<\/div>\n<div class=\"retention\">365 giorni<\/div>\n<div class=\"function-header\">\n\t<h5>Funzione<\/h5>\n<\/div>\n<div class=\"function\"><\/div>\n<div class=\"name-header\">\n\t<h5>Nome<\/h5>\n<\/div>\n<div class=\"name\">cmplz_dati_utente<\/div>\n<div class=\"retention-header\">\n\t<h5>Scadenza<\/h5>\n<\/div>\n<div class=\"retention\">365 giorni<\/div>\n<div class=\"function-header\">\n\t<h5>Funzione<\/h5>\n<\/div>\n<div class=\"function\"><\/div>\n<div class=\"name-header\">\n\t<h5>Nome<\/h5>\n<\/div>\n<div class=\"name\">cf_clearance<\/div>\n<div class=\"retention-header\">\n\t<h5>Scadenza<\/h5>\n<\/div>\n<div class=\"retention\"><\/div>\n<div class=\"function-header\">\n\t<h5>Funzione<\/h5>\n<\/div>\n<div class=\"function\"><\/div>\n<div class=\"name-header\">\n\t<h5>Nome<\/h5>\n<\/div>\n<div class=\"name\">persist:hs-beacon-44cc73fb-7636-4206-b115-c7b33823551b<\/div>\n<div class=\"retention-header\">\n\t<h5>Scadenza<\/h5>\n<\/div>\n<div class=\"retention\"><\/div>\n<div class=\"function-header\">\n\t<h5>Funzione<\/h5>\n<\/div>\n<div class=\"function\"><\/div>\n<div class=\"name-header\">\n\t<h5>Nome<\/h5>\n<\/div>\n<div class=\"name\">wpr-show-sidebar<\/div>\n<div class=\"retention-header\">\n\t<h5>Scadenza<\/h5>\n<\/div>\n<div class=\"retention\"><\/div>\n<div class=\"function-header\">\n\t<h5>Funzione<\/h5>\n<\/div>\n<div class=\"function\"><\/div>\n<div class=\"name-header\">\n\t<h5>Nome<\/h5>\n<\/div>\n<div class=\"name\">persist:hs-beacon-message-44cc73fb-7636-4206-b115-c7b33823551b<\/div>\n<div class=\"retention-header\">\n\t<h5>Scadenza<\/h5>\n<\/div>\n<div class=\"retention\"><\/div>\n<div class=\"function-header\">\n\t<h5>Funzione<\/h5>\n<\/div>\n<div class=\"function\"><\/div>\n<div class=\"name-header\">\n\t<h5>Nome<\/h5>\n<\/div>\n<div class=\"name\">wpr-hash<\/div>\n<div class=\"retention-header\">\n\t<h5>Scadenza<\/h5>\n<\/div>\n<div class=\"retention\"><\/div>\n<div class=\"function-header\">\n\t<h5>Funzione<\/h5>\n<\/div>\n<div class=\"function\"><\/div>\n<div class=\"name-header\">\n\t<h5>Nome<\/h5>\n<\/div>\n<div class=\"name\">wistia<\/div>\n<div class=\"retention-header\">\n\t<h5>Scadenza<\/h5>\n<\/div>\n<div class=\"retention\"><\/div>\n<div class=\"function-header\">\n\t<h5>Funzione<\/h5>\n<\/div>\n<div class=\"function\"><\/div>\n<div class=\"name-header\">\n\t<h5>Nome<\/h5>\n<\/div>\n<div class=\"name\">wistia-video-progress-7seqacq2ol<\/div>\n<div class=\"retention-header\">\n\t<h5>Scadenza<\/h5>\n<\/div>\n<div class=\"retention\"><\/div>\n<div class=\"function-header\">\n\t<h5>Funzione<\/h5>\n<\/div>\n<div class=\"function\"><\/div>\n<div class=\"name-header\">\n\t<h5>Nome<\/h5>\n<\/div>\n<div class=\"name\">impostazioni wc_iam<\/div>\n<div class=\"retention-header\">\n\t<h5>Scadenza<\/h5>\n<\/div>\n<div class=\"retention\"><\/div>\n<div class=\"function-header\">\n\t<h5>Funzione<\/h5>\n<\/div>\n<div class=\"function\"><\/div>\n<div class=\"name-header\">\n\t<h5>Nome<\/h5>\n<\/div>\n<div class=\"name\">wistia-video-progress-fj42vucf99<\/div>\n<div class=\"retention-header\">\n\t<h5>Scadenza<\/h5>\n<\/div>\n<div class=\"retention\"><\/div>\n<div class=\"function-header\">\n\t<h5>Funzione<\/h5>\n<\/div>\n<div class=\"function\"><\/div>\n<div class=\"name-header\">\n\t<h5>Nome<\/h5>\n<\/div>\n<div class=\"name\">wistia-video-progresso-j042jylrre<\/div>\n<div class=\"retention-header\">\n\t<h5>Scadenza<\/h5>\n<\/div>\n<div class=\"retention\"><\/div>\n<div class=\"function-header\">\n\t<h5>Funzione<\/h5>\n<\/div>\n<div class=\"function\"><\/div>\n<div class=\"name-header\">\n\t<h5>Nome<\/h5>\n<\/div>\n<div class=\"name\">wistia-video-progresso-z1qxl7s2zn<\/div>\n<div class=\"retention-header\">\n\t<h5>Scadenza<\/h5>\n<\/div>\n<div class=\"retention\"><\/div>\n<div class=\"function-header\">\n\t<h5>Funzione<\/h5>\n<\/div>\n<div class=\"function\"><\/div>\n<div class=\"name-header\">\n\t<h5>Nome<\/h5>\n<\/div>\n<div class=\"name\">e_my_templates_source<\/div>\n<div class=\"retention-header\">\n\t<h5>Scadenza<\/h5>\n<\/div>\n<div class=\"retention\"><\/div>\n<div class=\"function-header\">\n\t<h5>Funzione<\/h5>\n<\/div>\n<div class=\"function\"><\/div>\n<div class=\"name-header\">\n\t<h5>Nome<\/h5>\n<\/div>\n<div class=\"name\">messaggiUtk<\/div>\n<div class=\"retention-header\">\n\t<h5>Scadenza<\/h5>\n<\/div>\n<div class=\"retention\"><\/div>\n<div class=\"function-header\">\n\t<h5>Funzione<\/h5>\n<\/div>\n<div class=\"function\"><\/div>\n<div class=\"name-header\">\n\t<h5>Nome<\/h5>\n<\/div>\n<div class=\"name\">mp_150605b3b9f979922f2ac5a52e2dcfe9_mixpanel<\/div>\n<div class=\"retention-header\">\n\t<h5>Scadenza<\/h5>\n<\/div>\n<div class=\"retention\"><\/div>\n<div class=\"function-header\">\n\t<h5>Funzione<\/h5>\n<\/div>\n<div class=\"function\"><\/div>\n<div class=\"name-header\">\n\t<h5>Nome<\/h5>\n<\/div>\n<div class=\"name\">mp_gen_new_tab_id_mixpanel_150605b3b9f979922f2ac5a52e2dcfe9<\/div>\n<div class=\"retention-header\">\n\t<h5>Scadenza<\/h5>\n<\/div>\n<div class=\"retention\"><\/div>\n<div class=\"function-header\">\n\t<h5>Funzione<\/h5>\n<\/div>\n<div class=\"function\"><\/div>\n<div class=\"name-header\">\n\t<h5>Nome<\/h5>\n<\/div>\n<div class=\"name\">mp_tab_id_mixpanel_150605b3b9f979922f2ac5a52e2dcfe9<\/div>\n<div class=\"retention-header\">\n\t<h5>Scadenza<\/h5>\n<\/div>\n<div class=\"retention\"><\/div>\n<div class=\"function-header\">\n\t<h5>Funzione<\/h5>\n<\/div>\n<div class=\"function\"><\/div>\n<div class=\"name-header\">\n\t<h5>Nome<\/h5>\n<\/div>\n<div class=\"name\">NFWSESSID<\/div>\n<div class=\"retention-header\">\n\t<h5>Scadenza<\/h5>\n<\/div>\n<div class=\"retention\"><\/div>\n<div class=\"function-header\">\n\t<h5>Funzione<\/h5>\n<\/div>\n<div class=\"function\"><\/div>\n<div class=\"name-header\">\n\t<h5>Nome<\/h5>\n<\/div>\n<div class=\"name\">__mp_opt_in_out_150605b3b9f979922f2ac5a52e2dcfe9<\/div>\n<div class=\"retention-header\">\n\t<h5>Scadenza<\/h5>\n<\/div>\n<div class=\"retention\"><\/div>\n<div class=\"function-header\">\n\t<h5>Funzione<\/h5>\n<\/div>\n<div class=\"function\"><\/div>\n<div class=\"name-header\">\n\t<h5>Nome<\/h5>\n<\/div>\n<div class=\"name\">elementor_sidebar_menu_expanded_v2_elementor-system<\/div>\n<div class=\"retention-header\">\n\t<h5>Scadenza<\/h5>\n<\/div>\n<div class=\"retention\"><\/div>\n<div class=\"function-header\">\n\t<h5>Funzione<\/h5>\n<\/div>\n<div class=\"function\"><\/div>\n\n<\/div>\n<\/details>\n<\/div><h2>7. consenso<\/h2><p>Quando visitate il nostro sito web per la prima volta, vi mostreremo un pop-up con una spiegazione sui cookie. Facendo clic su \"Salva impostazioni\", l'utente acconsente all'utilizzo delle categorie di cookie e plug-in selezionate nel pop-up, come descritto nella presente Informativa sui cookie. \u00c8 possibile disattivare l'uso dei cookie tramite il browser, ma si prega di notare che il nostro sito web potrebbe non funzionare pi\u00f9 correttamente.<\/p><p class=\"cmplz-subtitle\">7.1 Gestione delle impostazioni di consenso<\/p><div id=\"cmplz-manage-consent-container-nojavascript\">L'informativa sui cookie \u00e8 stata caricata senza supporto javascript. Su AMP, \u00e8 possibile utilizzare il pulsante di gestione del consenso in fondo alla pagina.<\/div><div id=\"cmplz-manage-consent-container\" class=\"cmplz-manage-consent-container\"><\/div><h2>8. abilitare\/disabilitare e cancellare i cookie<\/h2><p>\u00c8 possibile utilizzare il proprio browser Internet per eliminare automaticamente o manualmente i cookie. \u00c8 inoltre possibile specificare che determinati cookie non possono essere inseriti. Un'altra possibilit\u00e0 \u00e8 quella di modificare le impostazioni del browser Internet in modo da ricevere un messaggio ogni volta che viene inserito un cookie. Per ulteriori informazioni su queste opzioni, consultare le istruzioni nella sezione Aiuto del browser.<\/p><p>Si prega di notare che il nostro sito web potrebbe non funzionare correttamente se tutti i cookie sono disabilitati. Se cancellate i cookie nel vostro browser, essi verranno nuovamente inseriti dopo il vostro consenso quando visiterete nuovamente il nostro sito web.<\/p><h2>9. i vostri diritti in materia di dati personali<\/h2><p>L'utente ha i seguenti diritti in relazione ai propri dati personali:<\/p><ul>\n                    <li>Avete il diritto di sapere perch\u00e9 i vostri dati personali sono necessari, che fine faranno e per quanto tempo saranno conservati.<\/li>\n                    <li>Diritto di accesso: avete il diritto di accedere ai vostri dati personali che ci sono noti.<\/li>\n                    <li>Diritto di rettifica: avete il diritto di integrare, rettificare, far cancellare o bloccare i vostri dati personali ogni volta che lo desiderate.<\/li>\n                    <li>Se ci avete dato il consenso al trattamento dei vostri dati, avete il diritto di revocare tale consenso e di far cancellare i vostri dati personali.<\/li>\n                    <li>Diritto di trasferimento dei dati: l'utente ha il diritto di richiedere tutti i suoi dati personali al responsabile del trattamento e di trasferirli integralmente a un altro responsabile del trattamento.<\/li>\n                    <li>Diritto di opposizione: potete opporvi al trattamento dei vostri dati. Noi lo rispettiamo, a meno che non vi siano motivi giustificati per il trattamento.<\/li>\n                <\/ul><p>Per esercitare tali diritti, si prega di contattarci. Si prega di fare riferimento ai dettagli di contatto in fondo alla presente Informativa sui cookie. Se avete un reclamo sul modo in cui trattiamo i vostri dati, saremo lieti di sentirvi, ma avete anche il diritto di presentare un reclamo all'autorit\u00e0 di controllo (l'Autorit\u00e0 per la protezione dei dati).<\/p><h2>10. dettagli di contatto<\/h2><p>Per domande e\/o commenti sulla nostra Politica sui cookie e sulla presente informativa, si prega di contattarci utilizzando i seguenti recapiti:<\/p><p><span class=\"cmplz-contact-organisation\">XOROS Home GmbH<\/span><br>\n                      <span class=\"cmplz-contact-address\">Glockengie\u00dferwall 2<br \/>\r\n20095 Amburgo<\/span><br>\n                      <span class=\"cmplz-contact-country\">Germania<\/span><br>\n                      <span class=\"cmplz-contact-domain\">Sito web: <a href=\"https:\/\/xoros-home.de\/it\">https:\/\/xoros-home.de\/it<\/a><\/span><br>\n                      <span class=\"cmplz-contact-email\">E-mail: <span class=\"cmplz-obfuscate\">info@<span class=\"cmplz-fmail-domain\">ex.com<\/span>xoro&#115;&#045;&#104;&#111;m&#101;&#046;&#100;&#101;<\/span><\/span><br>\n                    <span class=\"cmplz-contact-telephone\">Numero di telefono: +49 40 853 77 201<\/span><\/p><p>La presente Informativa sui cookie \u00e8 stata sincronizzata con <a href=\"https:\/\/cookiedatabase.org\/\" target=\"_blank\" rel=\"noopener\">cookiedatabase.org<\/a> on 02\/05\/2026.<\/p><\/div>","protected":false},"excerpt":{"rendered":"","protected":false},"author":6,"featured_media":0,"parent":0,"menu_order":0,"comment_status":"closed","ping_status":"closed","template":"","meta":{"content-type":"","inline_featured_image":false,"footnotes":""},"class_list":["post-10504","page","type-page","status-publish","hentry"],"_links":{"self":[{"href":"https:\/\/xoros-home.de\/it\/wp-json\/wp\/v2\/pages\/10504","targetHints":{"allow":["GET"]}}],"collection":[{"href":"https:\/\/xoros-home.de\/it\/wp-json\/wp\/v2\/pages"}],"about":[{"href":"https:\/\/xoros-home.de\/it\/wp-json\/wp\/v2\/types\/page"}],"author":[{"embeddable":true,"href":"https:\/\/xoros-home.de\/it\/wp-json\/wp\/v2\/users\/6"}],"replies":[{"embeddable":true,"href":"https:\/\/xoros-home.de\/it\/wp-json\/wp\/v2\/comments?post=10504"}],"version-history":[{"count":0,"href":"https:\/\/xoros-home.de\/it\/wp-json\/wp\/v2\/pages\/10504\/revisions"}],"wp:attachment":[{"href":"https:\/\/xoros-home.de\/it\/wp-json\/wp\/v2\/media?parent=10504"}],"curies":[{"name":"wp","href":"https:\/\/api.w.org\/{rel}","templated":true}]}}