{"id":16695,"date":"2025-06-10T14:34:18","date_gmt":"2025-06-10T12:34:18","guid":{"rendered":"https:\/\/xoros-home.de\/?page_id=16695"},"modified":"2025-11-14T12:07:04","modified_gmt":"2025-11-14T11:07:04","slug":"scatole-telefoniche-usate-scatole-per-riunioni-usate","status":"publish","type":"page","link":"https:\/\/xoros-home.de\/it\/gebrauchte-telefonboxen-gebrauchte-meetingboxen\/","title":{"rendered":"Cassette telefoniche e cassette per riunioni usate"},"content":{"rendered":"<div data-elementor-type=\"wp-page\" data-elementor-id=\"16695\" class=\"elementor elementor-16695\" data-elementor-settings=\"{&quot;ha_cmc_init_switcher&quot;:&quot;no&quot;}\" data-elementor-post-type=\"page\">\n\t\t\t\t<div class=\"elementor-element elementor-element-925695a e-flex e-con-boxed e-con e-parent\" data-id=\"925695a\" data-element_type=\"container\" data-e-type=\"container\" data-settings=\"{&quot;background_background&quot;:&quot;classic&quot;}\">\n\t\t\t\t\t<div class=\"e-con-inner\">\n\t\t\t\t<div class=\"elementor-element elementor-element-53e606b elementor-widget elementor-widget-heading\" data-id=\"53e606b\" data-element_type=\"widget\" data-e-type=\"widget\" data-widget_type=\"heading.default\">\n\t\t\t\t<div class=\"elementor-widget-container\">\n\t\t\t\t\t<h1 class=\"elementor-heading-title elementor-size-default\">Cassette telefoniche e cassette per riunioni usate<\/h1>\t\t\t\t<\/div>\n\t\t\t\t<\/div>\n\t\t\t\t\t<\/div>\n\t\t\t\t<\/div>\n\t\t<div class=\"elementor-element elementor-element-cee245d e-flex e-con-boxed e-con e-parent\" data-id=\"cee245d\" data-element_type=\"container\" data-e-type=\"container\" data-settings=\"{&quot;background_background&quot;:&quot;classic&quot;}\">\n\t\t\t\t\t<div class=\"e-con-inner\">\n\t\t\t\t<div class=\"elementor-element elementor-element-914073d elementor-widget elementor-widget-spacer\" data-id=\"914073d\" data-element_type=\"widget\" data-e-type=\"widget\" data-widget_type=\"spacer.default\">\n\t\t\t\t<div class=\"elementor-widget-container\">\n\t\t\t\t\t\t\t<div class=\"elementor-spacer\">\n\t\t\t<div class=\"elementor-spacer-inner\"><\/div>\n\t\t<\/div>\n\t\t\t\t\t\t<\/div>\n\t\t\t\t<\/div>\n\t\t\t\t<div class=\"elementor-element elementor-element-9b72f30 elementor-widget elementor-widget-heading\" data-id=\"9b72f30\" data-element_type=\"widget\" data-e-type=\"widget\" data-widget_type=\"heading.default\">\n\t\t\t\t<div class=\"elementor-widget-container\">\n\t\t\t\t\t<h2 class=\"elementor-heading-title elementor-size-default\">Offerte attuali di seconda mano<\/h2>\t\t\t\t<\/div>\n\t\t\t\t<\/div>\n\t\t\t\t<div class=\"elementor-element elementor-element-f320946 elementor-widget elementor-widget-text-editor\" data-id=\"f320946\" data-element_type=\"widget\" data-e-type=\"widget\" data-widget_type=\"text-editor.default\">\n\t\t\t\t<div class=\"elementor-widget-container\">\n\t\t\t\t\t\t\t\t\t<p>Cercate una cabina telefonica usata? Riceviamo regolarmente articoli restituiti dal nostro programma di noleggio e siamo felici di trovare una nuova casa per gli oggetti esposti.<\/p><p>Potete trovare i modelli usati attualmente disponibili (l'offerta varia a seconda delle regioni, quantit\u00e0 limitate) sul nostro sito web separato <a href=\"https:\/\/99cubes.de\/gebrauchte-telefonboxen-gebrauchte-meetingboxen\/\" target=\"_blank\" rel=\"noopener\">99cubes.com<\/a>:<\/p>\t\t\t\t\t\t\t\t<\/div>\n\t\t\t\t<\/div>\n\t\t\t\t<div class=\"elementor-element elementor-element-1630462 elementor-align-center elementor-widget elementor-widget-button\" data-id=\"1630462\" data-element_type=\"widget\" data-e-type=\"widget\" data-widget_type=\"button.default\">\n\t\t\t\t<div class=\"elementor-widget-container\">\n\t\t\t\t\t\t\t\t\t<div class=\"elementor-button-wrapper\">\n\t\t\t\t\t<a class=\"elementor-button elementor-button-link elementor-size-sm\" href=\"https:\/\/99cubes.de\/gebrauchte-telefonboxen-gebrauchte-meetingboxen\/\" target=\"_blank\" rel=\"noopener\">\n\t\t\t\t\t\t<span class=\"elementor-button-content-wrapper\">\n\t\t\t\t\t\t\t\t\t<span class=\"elementor-button-text\">Mostra le cabine telefoniche usate su 99cubes.de<\/span>\n\t\t\t\t\t<\/span>\n\t\t\t\t\t<\/a>\n\t\t\t\t<\/div>\n\t\t\t\t\t\t\t\t<\/div>\n\t\t\t\t<\/div>\n\t\t\t\t<div class=\"elementor-element elementor-element-32a9447 elementor-widget elementor-widget-spacer\" data-id=\"32a9447\" data-element_type=\"widget\" data-e-type=\"widget\" data-widget_type=\"spacer.default\">\n\t\t\t\t<div class=\"elementor-widget-container\">\n\t\t\t\t\t\t\t<div class=\"elementor-spacer\">\n\t\t\t<div class=\"elementor-spacer-inner\"><\/div>\n\t\t<\/div>\n\t\t\t\t\t\t<\/div>\n\t\t\t\t<\/div>\n\t\t\t\t<div class=\"elementor-element elementor-element-10979ef elementor-widget elementor-widget-image-gallery\" data-id=\"10979ef\" data-element_type=\"widget\" data-e-type=\"widget\" data-widget_type=\"image-gallery.default\">\n\t\t\t\t<div class=\"elementor-widget-container\">\n\t\t\t\t\t\t\t<div class=\"elementor-image-gallery\">\n\t\t\t<div id='gallery-1' class='gallery galleryid-16695 gallery-columns-3 gallery-size-medium_large'><figure class='gallery-item'>\n\t\t\t<div class='gallery-icon landscape'>\n\t\t\t\t<a data-elementor-open-lightbox=\"yes\" data-elementor-lightbox-slideshow=\"10979ef\" data-elementor-lightbox-title=\"gebrauchte Meetingbox Jetson L4 - wei\u00df 2 quad\" data-e-action-hash=\"#elementor-action%3Aaction%3Dlightbox%26settings%3DeyJpZCI6MTcxMjAsInVybCI6Imh0dHBzOlwvXC94b3Jvcy1ob21lLmRlXC93cC1jb250ZW50XC91cGxvYWRzXC8yMDI1XC8xMVwvZ2VicmF1Y2h0ZS1NZWV0aW5nYm94LUpldHNvbi1MNC13ZWlzcy0yLXF1YWQtc2NhbGVkLmpwZyIsInNsaWRlc2hvdyI6IjEwOTc5ZWYifQ%3D%3D\" href=\"https:\/\/xoros-home.de\/wp-content\/uploads\/2025\/11\/gebrauchte-Meetingbox-Jetson-L4-weiss-2-quad-scaled.jpg\"><img fetchpriority=\"high\" decoding=\"async\" width=\"768\" height=\"768\" src=\"https:\/\/xoros-home.de\/wp-content\/uploads\/2025\/11\/gebrauchte-Meetingbox-Jetson-L4-weiss-2-quad-768x768.jpg\" class=\"attachment-medium_large size-medium_large\" alt=\"\" srcset=\"https:\/\/xoros-home.de\/wp-content\/uploads\/2025\/11\/gebrauchte-Meetingbox-Jetson-L4-weiss-2-quad-768x768.jpg 768w, https:\/\/xoros-home.de\/wp-content\/uploads\/2025\/11\/gebrauchte-Meetingbox-Jetson-L4-weiss-2-quad-300x300.jpg 300w, https:\/\/xoros-home.de\/wp-content\/uploads\/2025\/11\/gebrauchte-Meetingbox-Jetson-L4-weiss-2-quad-1024x1024.jpg 1024w, https:\/\/xoros-home.de\/wp-content\/uploads\/2025\/11\/gebrauchte-Meetingbox-Jetson-L4-weiss-2-quad-150x150.jpg 150w, https:\/\/xoros-home.de\/wp-content\/uploads\/2025\/11\/gebrauchte-Meetingbox-Jetson-L4-weiss-2-quad-1536x1536.jpg 1536w, https:\/\/xoros-home.de\/wp-content\/uploads\/2025\/11\/gebrauchte-Meetingbox-Jetson-L4-weiss-2-quad-scaled.jpg 1600w, https:\/\/xoros-home.de\/wp-content\/uploads\/2025\/11\/gebrauchte-Meetingbox-Jetson-L4-weiss-2-quad-12x12.jpg 12w, https:\/\/xoros-home.de\/wp-content\/uploads\/2025\/11\/gebrauchte-Meetingbox-Jetson-L4-weiss-2-quad-600x600.jpg 600w, https:\/\/xoros-home.de\/wp-content\/uploads\/2025\/11\/gebrauchte-Meetingbox-Jetson-L4-weiss-2-quad-100x100.jpg 100w\" sizes=\"(max-width: 768px) 100vw, 768px\" \/><\/a>\n\t\t\t<\/div><\/figure><figure class='gallery-item'>\n\t\t\t<div class='gallery-icon landscape'>\n\t\t\t\t<a data-elementor-open-lightbox=\"yes\" data-elementor-lightbox-slideshow=\"10979ef\" data-elementor-lightbox-title=\"gebrauchte Telefonbox Bosselino quad\" data-e-action-hash=\"#elementor-action%3Aaction%3Dlightbox%26settings%3DeyJpZCI6MTcxMjEsInVybCI6Imh0dHBzOlwvXC94b3Jvcy1ob21lLmRlXC93cC1jb250ZW50XC91cGxvYWRzXC8yMDI1XC8xMVwvZ2VicmF1Y2h0ZS1UZWxlZm9uYm94LUJvc3NlbGluby1xdWFkLmpwZyIsInNsaWRlc2hvdyI6IjEwOTc5ZWYifQ%3D%3D\" href=\"https:\/\/xoros-home.de\/wp-content\/uploads\/2025\/11\/gebrauchte-Telefonbox-Bosselino-quad.jpg\"><img decoding=\"async\" width=\"768\" height=\"768\" src=\"https:\/\/xoros-home.de\/wp-content\/uploads\/2025\/11\/gebrauchte-Telefonbox-Bosselino-quad-768x768.jpg\" class=\"attachment-medium_large size-medium_large\" alt=\"\" srcset=\"https:\/\/xoros-home.de\/wp-content\/uploads\/2025\/11\/gebrauchte-Telefonbox-Bosselino-quad-768x768.jpg 768w, https:\/\/xoros-home.de\/wp-content\/uploads\/2025\/11\/gebrauchte-Telefonbox-Bosselino-quad-300x300.jpg 300w, https:\/\/xoros-home.de\/wp-content\/uploads\/2025\/11\/gebrauchte-Telefonbox-Bosselino-quad-1024x1024.jpg 1024w, https:\/\/xoros-home.de\/wp-content\/uploads\/2025\/11\/gebrauchte-Telefonbox-Bosselino-quad-150x150.jpg 150w, https:\/\/xoros-home.de\/wp-content\/uploads\/2025\/11\/gebrauchte-Telefonbox-Bosselino-quad-1536x1536.jpg 1536w, https:\/\/xoros-home.de\/wp-content\/uploads\/2025\/11\/gebrauchte-Telefonbox-Bosselino-quad.jpg 1600w, https:\/\/xoros-home.de\/wp-content\/uploads\/2025\/11\/gebrauchte-Telefonbox-Bosselino-quad-12x12.jpg 12w, https:\/\/xoros-home.de\/wp-content\/uploads\/2025\/11\/gebrauchte-Telefonbox-Bosselino-quad-600x600.jpg 600w, https:\/\/xoros-home.de\/wp-content\/uploads\/2025\/11\/gebrauchte-Telefonbox-Bosselino-quad-100x100.jpg 100w\" sizes=\"(max-width: 768px) 100vw, 768px\" \/><\/a>\n\t\t\t<\/div><\/figure><figure class='gallery-item'>\n\t\t\t<div class='gallery-icon landscape'>\n\t\t\t\t<a data-elementor-open-lightbox=\"yes\" data-elementor-lightbox-slideshow=\"10979ef\" data-elementor-lightbox-title=\"gebrauchte Meetingbox Jetson L4 - wei\u00df quad\" data-e-action-hash=\"#elementor-action%3Aaction%3Dlightbox%26settings%3DeyJpZCI6MTcxMTksInVybCI6Imh0dHBzOlwvXC94b3Jvcy1ob21lLmRlXC93cC1jb250ZW50XC91cGxvYWRzXC8yMDI1XC8xMVwvZ2VicmF1Y2h0ZS1NZWV0aW5nYm94LUpldHNvbi1MNC13ZWlzcy1xdWFkLXNjYWxlZC5qcGciLCJzbGlkZXNob3ciOiIxMDk3OWVmIn0%3D\" href=\"https:\/\/xoros-home.de\/wp-content\/uploads\/2025\/11\/gebrauchte-Meetingbox-Jetson-L4-weiss-quad-scaled.jpg\"><img decoding=\"async\" width=\"768\" height=\"768\" src=\"https:\/\/xoros-home.de\/wp-content\/uploads\/2025\/11\/gebrauchte-Meetingbox-Jetson-L4-weiss-quad-768x768.jpg\" class=\"attachment-medium_large size-medium_large\" alt=\"\" srcset=\"https:\/\/xoros-home.de\/wp-content\/uploads\/2025\/11\/gebrauchte-Meetingbox-Jetson-L4-weiss-quad-768x768.jpg 768w, https:\/\/xoros-home.de\/wp-content\/uploads\/2025\/11\/gebrauchte-Meetingbox-Jetson-L4-weiss-quad-300x300.jpg 300w, https:\/\/xoros-home.de\/wp-content\/uploads\/2025\/11\/gebrauchte-Meetingbox-Jetson-L4-weiss-quad-1024x1024.jpg 1024w, https:\/\/xoros-home.de\/wp-content\/uploads\/2025\/11\/gebrauchte-Meetingbox-Jetson-L4-weiss-quad-150x150.jpg 150w, https:\/\/xoros-home.de\/wp-content\/uploads\/2025\/11\/gebrauchte-Meetingbox-Jetson-L4-weiss-quad-1536x1536.jpg 1536w, https:\/\/xoros-home.de\/wp-content\/uploads\/2025\/11\/gebrauchte-Meetingbox-Jetson-L4-weiss-quad-scaled.jpg 1600w, https:\/\/xoros-home.de\/wp-content\/uploads\/2025\/11\/gebrauchte-Meetingbox-Jetson-L4-weiss-quad-12x12.jpg 12w, https:\/\/xoros-home.de\/wp-content\/uploads\/2025\/11\/gebrauchte-Meetingbox-Jetson-L4-weiss-quad-600x600.jpg 600w, https:\/\/xoros-home.de\/wp-content\/uploads\/2025\/11\/gebrauchte-Meetingbox-Jetson-L4-weiss-quad-100x100.jpg 100w\" sizes=\"(max-width: 768px) 100vw, 768px\" \/><\/a>\n\t\t\t<\/div><\/figure>\n\t\t<\/div>\n\t\t<\/div>\n\t\t\t\t\t\t<\/div>\n\t\t\t\t<\/div>\n\t\t\t\t<div class=\"elementor-element elementor-element-75f34f3 elementor-widget elementor-widget-spacer\" data-id=\"75f34f3\" data-element_type=\"widget\" data-e-type=\"widget\" data-widget_type=\"spacer.default\">\n\t\t\t\t<div class=\"elementor-widget-container\">\n\t\t\t\t\t\t\t<div class=\"elementor-spacer\">\n\t\t\t<div class=\"elementor-spacer-inner\"><\/div>\n\t\t<\/div>\n\t\t\t\t\t\t<\/div>\n\t\t\t\t<\/div>\n\t\t\t\t\t<\/div>\n\t\t\t\t<\/div>\n\t\t<div class=\"elementor-element elementor-element-ca87335 e-flex e-con-boxed e-con e-parent\" data-id=\"ca87335\" data-element_type=\"container\" data-e-type=\"container\">\n\t\t\t\t\t<div class=\"e-con-inner\">\n\t\t\t\t<div class=\"elementor-element elementor-element-0c3612a elementor-widget elementor-widget-spacer\" data-id=\"0c3612a\" data-element_type=\"widget\" data-e-type=\"widget\" data-widget_type=\"spacer.default\">\n\t\t\t\t<div class=\"elementor-widget-container\">\n\t\t\t\t\t\t\t<div class=\"elementor-spacer\">\n\t\t\t<div class=\"elementor-spacer-inner\"><\/div>\n\t\t<\/div>\n\t\t\t\t\t\t<\/div>\n\t\t\t\t<\/div>\n\t\t\t\t<div class=\"elementor-element elementor-element-3b3f4b5 elementor-widget elementor-widget-heading\" data-id=\"3b3f4b5\" data-element_type=\"widget\" data-e-type=\"widget\" data-widget_type=\"heading.default\">\n\t\t\t\t<div class=\"elementor-widget-container\">\n\t\t\t\t\t<h2 class=\"elementor-heading-title elementor-size-default\">Cosa caratterizza le cabine telefoniche e le cabine riunioni usate?<\/h2>\t\t\t\t<\/div>\n\t\t\t\t<\/div>\n\t\t\t\t<div class=\"elementor-element elementor-element-df5d486 elementor-widget elementor-widget-text-editor\" data-id=\"df5d486\" data-element_type=\"widget\" data-e-type=\"widget\" data-widget_type=\"text-editor.default\">\n\t\t\t\t<div class=\"elementor-widget-container\">\n\t\t\t\t\t\t\t\t\t<p>Qui troverete cabine telefoniche e box per riunioni usate di produttori rinomati che hanno in media solo 2-3 anni, in alcuni casi solo 12 mesi di vita. Si tratta di un'et\u00e0 ancora relativamente giovane: i mobili per ufficio di alta qualit\u00e0 sono solitamente progettati per una durata di 10-15 anni o pi\u00f9.\u00a0<\/p>\t\t\t\t\t\t\t\t<\/div>\n\t\t\t\t<\/div>\n\t\t<div class=\"elementor-element elementor-element-54ddbc8 e-grid e-con-full e-con e-child\" data-id=\"54ddbc8\" data-element_type=\"container\" data-e-type=\"container\">\n\t\t\t\t<div class=\"elementor-element elementor-element-1c1c346 elementor-view-default elementor-position-block-start elementor-mobile-position-block-start elementor-widget elementor-widget-icon-box\" data-id=\"1c1c346\" data-element_type=\"widget\" data-e-type=\"widget\" data-widget_type=\"icon-box.default\">\n\t\t\t\t<div class=\"elementor-widget-container\">\n\t\t\t\t\t\t\t<div class=\"elementor-icon-box-wrapper\">\n\n\t\t\t\t\t\t<div class=\"elementor-icon-box-icon\">\n\t\t\t\t<span  class=\"elementor-icon\">\n\t\t\t\t<i aria-hidden=\"true\" class=\"huge huge-coins-euro\"><\/i>\t\t\t\t<\/span>\n\t\t\t<\/div>\n\t\t\t\n\t\t\t\t\t\t<div class=\"elementor-icon-box-content\">\n\n\t\t\t\t\t\t\t\t\t<h3 class=\"elementor-icon-box-title\">\n\t\t\t\t\t\t<span  >\n\t\t\t\t\t\t\tPi\u00f9 favorevole\t\t\t\t\t\t<\/span>\n\t\t\t\t\t<\/h3>\n\t\t\t\t\n\t\t\t\t\t\t\t\t\t<p class=\"elementor-icon-box-description\">\n\t\t\t\t\t\t\u00c8 possibile risparmiare con le scatole telefoniche e per riunioni usate. Qui troverete per lo pi\u00f9 articoli \"giovani\" - potete aspettarvi di risparmiare tra 15% e 35% rispetto al prezzo del nuovo.\t\t\t\t\t<\/p>\n\t\t\t\t\n\t\t\t<\/div>\n\t\t\t\n\t\t<\/div>\n\t\t\t\t\t\t<\/div>\n\t\t\t\t<\/div>\n\t\t\t\t<div class=\"elementor-element elementor-element-8dba10e elementor-view-default elementor-position-block-start elementor-mobile-position-block-start elementor-widget elementor-widget-icon-box\" data-id=\"8dba10e\" data-element_type=\"widget\" data-e-type=\"widget\" data-widget_type=\"icon-box.default\">\n\t\t\t\t<div class=\"elementor-widget-container\">\n\t\t\t\t\t\t\t<div class=\"elementor-icon-box-wrapper\">\n\n\t\t\t\t\t\t<div class=\"elementor-icon-box-icon\">\n\t\t\t\t<span  class=\"elementor-icon\">\n\t\t\t\t<i aria-hidden=\"true\" class=\"huge huge-eco-energy\"><\/i>\t\t\t\t<\/span>\n\t\t\t<\/div>\n\t\t\t\n\t\t\t\t\t\t<div class=\"elementor-icon-box-content\">\n\n\t\t\t\t\t\t\t\t\t<h3 class=\"elementor-icon-box-title\">\n\t\t\t\t\t\t<span  >\n\t\t\t\t\t\t\tPi\u00f9 sostenibile\t\t\t\t\t\t<\/span>\n\t\t\t\t\t<\/h3>\n\t\t\t\t\n\t\t\t\t\t\t\t\t\t<p class=\"elementor-icon-box-description\">\n\t\t\t\t\t\tLe scatole telefoniche e per riunioni usate trovano rapidamente una nuova casa da noi. Ogni ulteriore ciclo di utilizzo consente di risparmiare risorse preziose. Diamo priorit\u00e0 al marketing secondario nella stessa regione.\t\t\t\t\t<\/p>\n\t\t\t\t\n\t\t\t<\/div>\n\t\t\t\n\t\t<\/div>\n\t\t\t\t\t\t<\/div>\n\t\t\t\t<\/div>\n\t\t\t\t<div class=\"elementor-element elementor-element-24e030c elementor-view-default elementor-position-block-start elementor-mobile-position-block-start elementor-widget elementor-widget-icon-box\" data-id=\"24e030c\" data-element_type=\"widget\" data-e-type=\"widget\" data-widget_type=\"icon-box.default\">\n\t\t\t\t<div class=\"elementor-widget-container\">\n\t\t\t\t\t\t\t<div class=\"elementor-icon-box-wrapper\">\n\n\t\t\t\t\t\t<div class=\"elementor-icon-box-icon\">\n\t\t\t\t<span  class=\"elementor-icon\">\n\t\t\t\t<i aria-hidden=\"true\" class=\"huge huge-workout-run\"><\/i>\t\t\t\t<\/span>\n\t\t\t<\/div>\n\t\t\t\n\t\t\t\t\t\t<div class=\"elementor-icon-box-content\">\n\n\t\t\t\t\t\t\t\t\t<h3 class=\"elementor-icon-box-title\">\n\t\t\t\t\t\t<span  >\n\t\t\t\t\t\t\tPi\u00f9 veloce\t\t\t\t\t\t<\/span>\n\t\t\t\t\t<\/h3>\n\t\t\t\t\n\t\t\t\t\t\t\t\t\t<p class=\"elementor-icon-box-description\">\n\t\t\t\t\t\tQuando il tempo \u00e8 fondamentale: Le scatole telefoniche o le scatole per riunioni usate hanno i tempi di consegna pi\u00f9 brevi (a condizione che siano disponibili in magazzino). \t\t\t\t\t<\/p>\n\t\t\t\t\n\t\t\t<\/div>\n\t\t\t\n\t\t<\/div>\n\t\t\t\t\t\t<\/div>\n\t\t\t\t<\/div>\n\t\t\t\t<\/div>\n\t\t\t\t<div class=\"elementor-element elementor-element-7903407 elementor-widget elementor-widget-spacer\" data-id=\"7903407\" data-element_type=\"widget\" data-e-type=\"widget\" data-widget_type=\"spacer.default\">\n\t\t\t\t<div class=\"elementor-widget-container\">\n\t\t\t\t\t\t\t<div class=\"elementor-spacer\">\n\t\t\t<div class=\"elementor-spacer-inner\"><\/div>\n\t\t<\/div>\n\t\t\t\t\t\t<\/div>\n\t\t\t\t<\/div>\n\t\t\t\t\t<\/div>\n\t\t\t\t<\/div>\n\t\t\t\t<\/div>","protected":false},"excerpt":{"rendered":"<p>Aktuelle Gebraucht-Angebote Auf der Suche nach einer gebrauchten Telefonbox? Wir erhalten regelm\u00e4\u00dfig R\u00fcckl\u00e4ufer aus unserer Vermietung bzw. vermitteln Ausstellungsst\u00fccken gerne ein neues Zuhause. Die aktuell verf\u00fcgbaren, gebrauchten Modelle (Angebot regional variierend, St\u00fcckzahl limitiert), findet ihr auf unserer separaten Website 99cubes.de: gebrauchte Telefonboxen bei 99cubes.de anzeigen Was zeichnet gebrauchte Telefon- und Meetingboxen aus? Bei uns findet [&hellip;]<\/p>\n","protected":false},"author":6,"featured_media":0,"parent":0,"menu_order":0,"comment_status":"closed","ping_status":"closed","template":"","meta":{"content-type":"","inline_featured_image":false,"footnotes":""},"class_list":["post-16695","page","type-page","status-publish","hentry"],"_links":{"self":[{"href":"https:\/\/xoros-home.de\/it\/wp-json\/wp\/v2\/pages\/16695","targetHints":{"allow":["GET"]}}],"collection":[{"href":"https:\/\/xoros-home.de\/it\/wp-json\/wp\/v2\/pages"}],"about":[{"href":"https:\/\/xoros-home.de\/it\/wp-json\/wp\/v2\/types\/page"}],"author":[{"embeddable":true,"href":"https:\/\/xoros-home.de\/it\/wp-json\/wp\/v2\/users\/6"}],"replies":[{"embeddable":true,"href":"https:\/\/xoros-home.de\/it\/wp-json\/wp\/v2\/comments?post=16695"}],"version-history":[{"count":16,"href":"https:\/\/xoros-home.de\/it\/wp-json\/wp\/v2\/pages\/16695\/revisions"}],"predecessor-version":[{"id":17124,"href":"https:\/\/xoros-home.de\/it\/wp-json\/wp\/v2\/pages\/16695\/revisions\/17124"}],"wp:attachment":[{"href":"https:\/\/xoros-home.de\/it\/wp-json\/wp\/v2\/media?parent=16695"}],"curies":[{"name":"wp","href":"https:\/\/api.w.org\/{rel}","templated":true}]}}