{"id":17054,"date":"2025-08-15T15:58:27","date_gmt":"2025-08-15T13:58:27","guid":{"rendered":"https:\/\/xoros-home.de\/?page_id=17054"},"modified":"2025-09-18T17:52:55","modified_gmt":"2025-09-18T15:52:55","slug":"informativa-sulla-privacy-per-i-profili-dei-social-media","status":"publish","type":"page","link":"https:\/\/xoros-home.de\/it\/datenschutzerklaerung-fuer-social-media-profile\/","title":{"rendered":"Informativa sulla privacy per i profili dei social media"},"content":{"rendered":"<div style=\"height:100px\" aria-hidden=\"true\" class=\"wp-block-spacer\"><\/div>\n\n\n\n<p>Con la presente informativa sulla protezione dei dati, vi informiamo sul trattamento dei vostri dati personali e sui vostri diritti di interessati nell'ambito della nostra presenza sui social network. <\/p>\n\n\n\n<p>Per tutti gli altri trattamenti dei dati personali, si prega di consultare la nostra politica generale sulla privacy all'indirizzo <a href=\"https:\/\/xoros-home.de\/it\/protezione-dei-dati\/\">https:\/\/xoros-home.de\/datenschutz\/<\/a><\/p>\n\n\n\n<div style=\"height:50px\" aria-hidden=\"true\" class=\"wp-block-spacer\"><\/div>\n\n\n\n<h2 class=\"wp-block-heading\" id=\"1-verantwortlicher\">1. persona responsabile<\/h2>\n\n\n\n<p>Le nostre presenze sui social media sono gestite da<\/p>\n\n\n\n<p><strong>XOROS Home GmbH<\/strong><br>Glockengie\u00dferwall 2<br>20095 Amburgo<br>Germania<br><a href=\"mailto:info@xoros-home.de\">info@xoros-home.de<\/a><br>+49 40 853 77 201<br>rappresentato da: Niels Gundermann, Frank Ehlers<\/p>\n\n\n\n<p>Responsabile della protezione dei dati:<br>\u00c8 possibile contattare il responsabile della protezione dei dati della nostra organizzazione tramite <a href=\"mailto:info@xoros-home.de\">info@xoros-home.de<\/a> sotto la parola chiave \"Protezione dei dati\".<\/p>\n\n\n\n<div style=\"height:25px\" aria-hidden=\"true\" class=\"wp-block-spacer\"><\/div>\n\n\n\n<h2 class=\"wp-block-heading\" id=\"2-geltungsbereich\">2. ambito di applicazione<\/h2>\n\n\n\n<p>La presente informativa sulla privacy informa sul tipo, l'ambito e le finalit\u00e0 del trattamento dei dati personali quando si utilizzano i seguenti profili di social media della nostra azienda:<\/p>\n\n\n\n<ul class=\"wp-block-list\">\n<li><strong>Account aziendale Facebook:<\/strong>&nbsp;Gestiamo un account aziendale su Facebook. Non scriviamo i nostri post tramite il nostro account aziendale Facebook e non interagiamo con altri utenti di Facebook. Tuttavia, pubblichiamo annunci pubblicitari su Facebook e utilizziamo anche moduli di contatto per attirare utenti interessati alla nostra offerta. Per la gestione tecnica della pubblicit\u00e0 utilizziamo Facebook Ad Manager.<\/li>\n\n\n\n<li><strong>Account Instagram<\/strong>Gestiamo i due account Instagram <a href=\"https:\/\/www.instagram.com\/99cubes.de\/\" target=\"_blank\" rel=\"noreferrer noopener\">instagram.com\/99cubes.com\/<\/a> e <a href=\"https:\/\/www.instagram.com\/xoros_home_de\/\" target=\"_blank\" rel=\"noreferrer noopener\">instagram.com\/xoros_home_it\/<\/a> e li utilizziamo attivamente per post, storie, filmati e pubblicit\u00e0, interagiamo con altri utenti e utilizziamo i moduli per attirare utenti interessati alla nostra offerta.<\/li>\n\n\n\n<li><strong>Canale Youtube:<\/strong> Gestiamo il canale YouTube <a href=\"https:\/\/www.youtube.com\/@99cubes-de\" target=\"_blank\" rel=\"noreferrer noopener\">youtube.com\/@99cubes-en<\/a> e lo utilizziamo per pubblicare video per informare sui nostri servizi e fornire informazioni generali tramite video.<\/li>\n\n\n\n<li><strong>LinkedIn:<\/strong> Siamo presenti su LinkedIn all'indirizzo <a href=\"https:\/\/www.linkedin.com\/company\/xoros-home\/\" target=\"_blank\" rel=\"noreferrer noopener\">linkedin.com\/company\/xoros-home\/<\/a> e utilizzarlo per presentare l'azienda, per i contributi e per interagire con gli altri utenti.<\/li>\n<\/ul>\n\n\n\n<p>Siamo congiuntamente responsabili della gestione dei nostri account Facebook e Instagram con Meta Platforms Ireland Limited (Block J, Serpentine Avenue, Dublin 4, Irlanda, di seguito \"Meta\") ai sensi dell'art. 26 GDPR. Ulteriori informazioni sul trattamento dei dati da parte di Meta e i dati di contatto delle persone responsabili di Meta sono disponibili nell'informativa sulla privacy di Meta all'indirizzo&nbsp;<a href=\"https:\/\/www.facebook.com\/about\/privacy\" target=\"_blank\" rel=\"noreferrer noopener\">facebook.com\/about\/privacy<\/a>.<\/p>\n\n\n\n<p>Il provider di YouTube \u00e8 Google Ireland Limited, Gordon House, Barrow Street, Dublino 4, Irlanda. Le informazioni sul trattamento dei dati personali da parte del provider sono disponibili nell'informativa sulla privacy al seguente link:&nbsp;<a href=\"https:\/\/policies.google.com\/privacy\" target=\"_blank\" rel=\"noopener\">https:\/\/policies.google.com\/privacy<\/a>.<\/p>\n\n\n\n<p>Il fornitore di LinkedIn \u00e8 LinkedIn Ireland Unlimited Company, Wilton Place, Dublino 2, Irlanda. Le informazioni sul trattamento dei dati personali da parte di LinkedIn sono disponibili nell'informativa sulla privacy al seguente link:&nbsp;<a href=\"https:\/\/www.linkedin.com\/legal\/privacy-policy\" target=\"_blank\" rel=\"noopener\">https:\/\/www.linkedin.com\/legal\/privacy-policy<\/a>.<\/p>\n\n\n\n<div style=\"height:25px\" aria-hidden=\"true\" class=\"wp-block-spacer\"><\/div>\n\n\n\n<h2 class=\"wp-block-heading\" id=\"3-gemeinsame-verantwortlichkeit-mit-meta\">3. responsabilit\u00e0 congiunta con Meta<\/h2>\n\n\n\n<p>Meta fornisce le piattaforme Facebook e Instagram e tratta i dati personali degli utenti. La responsabilit\u00e0 di alcune elaborazioni (page insights, lead form, ecc.) \u00e8 comune.<br>L'accordo sulla responsabilit\u00e0 congiunta (\"Page Insights Controller Addendum\") \u00e8 disponibile qui:<br><a href=\"https:\/\/www.facebook.com\/legal\/terms\/page_controller_addendum\" target=\"_blank\" rel=\"noreferrer noopener\">https:\/\/www.facebook.com\/legal\/terms\/page_controller_addendum<\/a><\/p>\n\n\n\n<p>Meta si assume la responsabilit\u00e0 primaria del trattamento dei dati personali in relazione ai servizi della piattaforma; riceviamo statistiche anonime sugli accessi alle nostre pagine.<\/p>\n\n\n\n<div style=\"height:25px\" aria-hidden=\"true\" class=\"wp-block-spacer\"><\/div>\n\n\n\n<h2 class=\"wp-block-heading\" id=\"4-datenverarbeitung-auf-facebook-ad-manager\">4. trattamento dei dati su Facebook<\/h2>\n\n\n\n<p>Gestiamo il nostro account aziendale su Facebook per l'inserimento e la gestione delle inserzioni. Oltre alle inserzioni, non pubblichiamo post, commenti, immagini o video su Facebook. Noi o Meta trattiamo in particolare i seguenti dati::<\/p>\n\n\n\n<ul class=\"wp-block-list\">\n<li><strong>Interazioni:<\/strong>&nbsp;Commenti, like, messaggi diretti nel contesto delle nostre inserzioni pubblicitarie<\/li>\n\n\n\n<li><strong>Contenuto:<\/strong>&nbsp;Immagini, racconti, bobine, testi pubblicati da noi nel contesto di annunci pubblicitari<\/li>\n\n\n\n<li><strong>Dati di utilizzo:<\/strong>&nbsp;Statistiche delle chiamate per gli annunci<\/li>\n\n\n\n<li><strong>Forme di guida:<\/strong>&nbsp;Se l'utente compila un modulo tramite le inserzioni corrispondenti o il nostro profilo, riceveremo i dati ivi forniti (nome, indirizzo e-mail, numero di telefono, eventualmente altre informazioni volontarie).<\/li>\n<\/ul>\n\n\n\n<p><strong>Finalit\u00e0 del trattamento:<\/strong><\/p>\n\n\n\n<ul class=\"wp-block-list\">\n<li>Rispondere alle richieste di informazioni<\/li>\n\n\n\n<li>Realizzazione di misure pubblicitarie<\/li>\n\n\n\n<li>Analisi della gamma<\/li>\n\n\n\n<li>Acquisizione di parti interessate (lead)<\/li>\n<\/ul>\n\n\n\n<p><br><strong>Basi legali:<\/strong>&nbsp;<\/p>\n\n\n\n<ul class=\"wp-block-list\">\n<li>Art. 6 par. 1 lit. a GDPR (consenso per i moduli lead)<\/li>\n\n\n\n<li>Art. 6 par. 1 lit. b GDPR (richieste di informazioni precontrattuali)<\/li>\n\n\n\n<li>Art. 6 par. 1 lit. f GDPR (relazioni pubbliche, marketing)<\/li>\n<\/ul>\n\n\n\n<div style=\"height:25px\" aria-hidden=\"true\" class=\"wp-block-spacer\"><\/div>\n\n\n\n<h2 class=\"wp-block-heading\" id=\"5-datenverarbeitung-auf-instagram\">5. elaborazione dei dati su Instagram<\/h2>\n\n\n\n<p>Gestiamo i nostri account Instagram per la presentazione dell'azienda, la comunicazione con i clienti e la pubblicit\u00e0. Noi o Meta trattiamo in particolare i seguenti dati:<\/p>\n\n\n\n<ul class=\"wp-block-list\">\n<li><strong>Interazioni:<\/strong>&nbsp;Commenti, like, messaggi diretti<\/li>\n\n\n\n<li><strong>Contenuto:<\/strong>&nbsp;immagini, racconti, bobine, testi da noi pubblicati<\/li>\n\n\n\n<li><strong>Dati di utilizzo:<\/strong>&nbsp;Statistiche delle chiamate (\"Instagram Insights\")<\/li>\n\n\n\n<li><strong>Forme di guida:<\/strong>&nbsp;Se l'utente compila un modulo tramite le inserzioni corrispondenti o il nostro profilo, riceveremo i dati ivi forniti (nome, indirizzo e-mail, numero di telefono, eventualmente altre informazioni volontarie).<\/li>\n<\/ul>\n\n\n\n<p><strong>Finalit\u00e0 del trattamento:<\/strong><\/p>\n\n\n\n<ul class=\"wp-block-list\">\n<li>Rispondere alle richieste di informazioni<\/li>\n\n\n\n<li>Realizzazione di misure pubblicitarie<\/li>\n\n\n\n<li>Analisi della gamma<\/li>\n\n\n\n<li>Acquisizione di parti interessate (lead)<\/li>\n<\/ul>\n\n\n\n<p><strong>Basi legali:<\/strong><\/p>\n\n\n\n<ul class=\"wp-block-list\">\n<li>Art. 6 par. 1 lit. a GDPR (consenso per i moduli lead)<\/li>\n\n\n\n<li>Art. 6 par. 1 lit. b GDPR (richieste di informazioni precontrattuali)<\/li>\n\n\n\n<li>Art. 6 par. 1 lit. f GDPR (relazioni pubbliche, marketing)<\/li>\n<\/ul>\n\n\n\n<div style=\"height:25px\" aria-hidden=\"true\" class=\"wp-block-spacer\"><\/div>\n\n\n\n<h2 class=\"wp-block-heading\" id=\"6-hinweise-zu-leadformularen\">6. note sulle forme di piombo<\/h2>\n\n\n\n<p>Se compilate un modulo di lead tramite Facebook o Instagram, i vostri dati ci verranno trasmessi solo dopo che avrete dato attivamente il vostro consenso all'utilizzo dei vostri dati.<br>Utilizziamo i dati esclusivamente per lo scopo indicato nel modulo (ad es. invio di offerte, volantini e listini prezzi).<\/p>\n\n\n\n<div style=\"height:25px\" aria-hidden=\"true\" class=\"wp-block-spacer\"><\/div>\n\n\n\n<h2 class=\"wp-block-heading\" id=\"7-hubspot\">7. utilizzo di Hubspot come sistema CRM<\/h2>\n\n\n\n<p>Utilizziamo il sistema CRM di Hubspot per gestire ed elaborare i dati di contatto raccolti tramite i moduli per i contatti. HubSpot \u00e8 una societ\u00e0 di software statunitense con una filiale in Irlanda come sede europea. Contatto: Dublino (sede europea) 1 Sir John Rogerson's Quay, Dublino 2, Irlanda, telefono: +353 1 518 7500. <\/p>\n\n\n\n<p>I dati inseriti nei moduli di lead vengono trasferiti a Hubspot e l\u00ec memorizzati ed elaborati allo scopo di stabilire un contatto, elaborare la vostra richiesta e svolgere attivit\u00e0 di marketing e di vendita. <\/p>\n\n\n\n<p>Ulteriori informazioni sono disponibili nell'informativa sulla privacy di Hubspot:&nbsp;<a rel=\"noreferrer noopener\" target=\"_blank\" href=\"https:\/\/legal.hubspot.com\/de\/privacy-policy\">https:\/\/legal.hubspot.com\/de\/privacy-policy<\/a><\/p>\n\n\n\n<p><strong>Basi legali: <\/strong><\/p>\n\n\n\n<ul class=\"wp-block-list\">\n<li>Art. 6 par. 1 lit. a GDPR (consenso)<\/li>\n\n\n\n<li>Art. 6 comma 1 lett. b (misure precontrattuali)<\/li>\n\n\n\n<li>Art. 6 comma 1 lett. f (legittimo interesse a una gestione efficiente dei clienti e del marketing).<\/li>\n<\/ul>\n\n\n\n<div style=\"height:25px\" aria-hidden=\"true\" class=\"wp-block-spacer\"><\/div>\n\n\n\n<h2 class=\"wp-block-heading\" id=\"8-datenbermittlung-in-drittlnder\">8. trasferimento dei dati a paesi terzi<\/h2>\n\n\n\n<p>Alcuni dei servizi e dei fornitori di social media che utilizziamo trattano i dati anche al di fuori dell'UE, in particolare negli Stati Uniti. A questi trasferimenti si applicano le clausole contrattuali standard della Commissione UE come garanzia di conformit\u00e0 al livello di protezione dei dati.<\/p>\n\n\n\n<div style=\"height:25px\" aria-hidden=\"true\" class=\"wp-block-spacer\"><\/div>\n\n\n\n<h2 class=\"wp-block-heading\" id=\"9-ihre-rechte-als-betroffene-person\">9. i vostri diritti in qualit\u00e0 di interessati<\/h2>\n\n\n\n<p>Avete i seguenti diritti nei nostri confronti:<\/p>\n\n\n\n<ul class=\"wp-block-list\">\n<li>Informazioni sui vostri dati memorizzati (Art. 15 GDPR)<\/li>\n\n\n\n<li>Rettifica (art. 16 GDPR)<\/li>\n\n\n\n<li>Cancellazione (art. 17 GDPR)<\/li>\n\n\n\n<li>Limitazione del trattamento (art. 18 GDPR)<\/li>\n\n\n\n<li>Portabilit\u00e0 dei dati (art. 20 GDPR)<\/li>\n\n\n\n<li>Opposizione al trattamento (art. 21 GDPR)<\/li>\n\n\n\n<li>Diritto di presentare un reclamo a un'autorit\u00e0 di controllo<\/li>\n<\/ul>\n\n\n\n<p>Nota bene: la maggior parte del trattamento dei dati viene effettuata dai fornitori di cui ci avvaliamo. Potete quindi far valere i vostri diritti direttamente nei confronti dei fornitori da noi utilizzati.<\/p>\n\n\n\n<div style=\"height:25px\" aria-hidden=\"true\" class=\"wp-block-spacer\"><\/div>\n\n\n\n<p><strong>Stand:<\/strong>&nbsp;20.08.2025<\/p>\n\n\n\n<div style=\"height:100px\" aria-hidden=\"true\" class=\"wp-block-spacer\"><\/div>","protected":false},"excerpt":{"rendered":"<p>Mit diesen Datenschutzhinweisen informieren wir Sie \u00fcber die Verarbeitung Ihrer personenbezogenen Daten und \u00fcber Ihre Rechte als betroffene Person im Rahmen unserer Auftritte in sozialen Netzwerken. F\u00fcr alle anderweitigen Verarbeitungen personenbezogener Daten verweisen wir auf unsere allgemeine Datenschutzerkl\u00e4rung unter https:\/\/xoros-home.de\/datenschutz\/ 1. Verantwortlicher Unsere Auftritte in sozialen Medien werden betrieben von XOROS Home GmbHGlockengie\u00dferwall 220095 HamburgDeutschlandinfo@xoros-home.de+49 [&hellip;]<\/p>\n","protected":false},"author":6,"featured_media":0,"parent":0,"menu_order":0,"comment_status":"closed","ping_status":"closed","template":"","meta":{"content-type":"","inline_featured_image":false,"footnotes":""},"class_list":["post-17054","page","type-page","status-publish","hentry"],"_links":{"self":[{"href":"https:\/\/xoros-home.de\/it\/wp-json\/wp\/v2\/pages\/17054","targetHints":{"allow":["GET"]}}],"collection":[{"href":"https:\/\/xoros-home.de\/it\/wp-json\/wp\/v2\/pages"}],"about":[{"href":"https:\/\/xoros-home.de\/it\/wp-json\/wp\/v2\/types\/page"}],"author":[{"embeddable":true,"href":"https:\/\/xoros-home.de\/it\/wp-json\/wp\/v2\/users\/6"}],"replies":[{"embeddable":true,"href":"https:\/\/xoros-home.de\/it\/wp-json\/wp\/v2\/comments?post=17054"}],"version-history":[{"count":11,"href":"https:\/\/xoros-home.de\/it\/wp-json\/wp\/v2\/pages\/17054\/revisions"}],"predecessor-version":[{"id":17101,"href":"https:\/\/xoros-home.de\/it\/wp-json\/wp\/v2\/pages\/17054\/revisions\/17101"}],"wp:attachment":[{"href":"https:\/\/xoros-home.de\/it\/wp-json\/wp\/v2\/media?parent=17054"}],"curies":[{"name":"wp","href":"https:\/\/api.w.org\/{rel}","templated":true}]}}