{"id":72,"date":"2021-12-01T11:42:31","date_gmt":"2021-12-01T10:42:31","guid":{"rendered":"http:\/\/xoros-home.de.dedi5284.your-server.de\/?page_id=72"},"modified":"2023-11-24T17:23:59","modified_gmt":"2023-11-24T16:23:59","slug":"impronta","status":"publish","type":"page","link":"https:\/\/xoros-home.de\/it\/impressum\/","title":{"rendered":"Impronta"},"content":{"rendered":"<div data-elementor-type=\"wp-page\" data-elementor-id=\"72\" class=\"elementor elementor-72\" data-elementor-settings=\"{&quot;ha_cmc_init_switcher&quot;:&quot;no&quot;}\" data-elementor-post-type=\"page\">\n\t\t\t\t\t\t<section class=\"elementor-section elementor-top-section elementor-element elementor-element-0511e25 elementor-section-boxed elementor-section-height-default elementor-section-height-default\" data-id=\"0511e25\" data-element_type=\"section\" data-e-type=\"section\">\n\t\t\t\t\t\t<div class=\"elementor-container elementor-column-gap-default\">\n\t\t\t\t\t<div class=\"elementor-column elementor-col-100 elementor-top-column elementor-element elementor-element-6ff70a7\" data-id=\"6ff70a7\" data-element_type=\"column\" data-e-type=\"column\">\n\t\t\t<div class=\"elementor-widget-wrap elementor-element-populated\">\n\t\t\t\t\t\t<div class=\"elementor-element elementor-element-7056b5c elementor-widget elementor-widget-heading\" data-id=\"7056b5c\" data-element_type=\"widget\" data-e-type=\"widget\" data-widget_type=\"heading.default\">\n\t\t\t\t<div class=\"elementor-widget-container\">\n\t\t\t\t\t<h2 class=\"elementor-heading-title elementor-size-default\">Impronta<\/h2>\t\t\t\t<\/div>\n\t\t\t\t<\/div>\n\t\t\t\t<div class=\"elementor-element elementor-element-d96d1c7 elementor-widget elementor-widget-text-editor\" data-id=\"d96d1c7\" data-element_type=\"widget\" data-e-type=\"widget\" data-widget_type=\"text-editor.default\">\n\t\t\t\t<div class=\"elementor-widget-container\">\n\t\t\t\t\t\t\t\t\t<p>Informazioni ai sensi del \u00a7 5 TMG<\/p><p><strong>XOROS Home GmbH<\/strong><\/p><p>Glockengie\u00dferwall 2<br \/>20095 Amburgo<\/p><p>Telefono: +49 40 853 77 201<br \/>E-mail:\u00a0<a href=\"mailto:info@xoros-home.de\">info@xoros-home.de<\/a><\/p><p>Rappresentati dagli amministratori delegati: Niels Gundermann, Frank Ehlers<\/p><p>Luogo di giurisdizione Amburgo<\/p><p>Tribunale del registro: Tribunale di Amburgo<br \/>Numero di registro: HRB 172401<\/p><p>Codice fiscale: DE348398163<\/p><p>\u00a0<\/p><h3>Dichiarazione di non responsabilit\u00e0<\/h3><h5><strong>Responsabilit\u00e0 per i contenuti<\/strong><\/h5><p>I contenuti delle nostre pagine sono stati creati con la massima cura. Tuttavia, non possiamo assumerci alcuna responsabilit\u00e0 per l'accuratezza, la completezza e l'attualit\u00e0 dei contenuti. In qualit\u00e0 di fornitore di servizi, siamo responsabili dei nostri contenuti su queste pagine ai sensi del \u00a7 7 comma 1 TMG (legge tedesca sui media telematici) e delle leggi generali. Ai sensi dei \u00a7\u00a7 8-10 TMG, tuttavia, in qualit\u00e0 di fornitore di servizi non siamo obbligati a monitorare le informazioni trasmesse o memorizzate da terzi o a indagare su circostanze che indicano un'attivit\u00e0 illegale. L'obbligo di rimuovere o bloccare l'uso delle informazioni in conformit\u00e0 alla legislazione generale rimane inalterato. Tuttavia, la responsabilit\u00e0 in questo senso \u00e8 possibile solo a partire dal momento in cui si viene a conoscenza di una specifica violazione. Non appena verremo a conoscenza di tali violazioni, provvederemo a rimuovere immediatamente tali contenuti.<\/p><p>\u00a0<\/p><h5><strong>Responsabilit\u00e0 per i link<\/strong><\/h5><p>Il nostro sito web contiene link a siti esterni di terzi sui cui contenuti non abbiamo alcuna influenza. Pertanto, non ci assumiamo alcuna responsabilit\u00e0 per questi contenuti di terzi. Il rispettivo fornitore o gestore delle pagine \u00e8 sempre responsabile del contenuto delle pagine collegate. Le pagine collegate sono state controllate per verificare eventuali violazioni di legge al momento del collegamento. I contenuti illegali non erano riconoscibili al momento del collegamento. Tuttavia, un controllo permanente dei contenuti delle pagine collegate non \u00e8 ragionevole senza prove concrete di una violazione. Nel caso in cui venissimo a conoscenza di eventuali violazioni di legge, provvederemo a rimuovere immediatamente tali link.<\/p><p>\u00a0<\/p><h5><strong>Copyright<\/strong><\/h5><p>I contenuti e le opere create dagli operatori del sito su queste pagine sono soggetti alla legge tedesca sul diritto d'autore. La duplicazione, l'elaborazione, la distribuzione e qualsiasi tipo di utilizzo al di fuori dei limiti della legge sul copyright richiedono il consenso scritto del rispettivo autore o creatore. Download e copie di questo sito sono consentiti solo per uso privato e non commerciale. Nella misura in cui i contenuti di questo sito non sono stati creati dall'operatore, vengono rispettati i diritti d'autore di terzi. In particolare, i contenuti di terzi sono contrassegnati come tali. Se tuttavia doveste venire a conoscenza di una violazione del copyright, siete pregati di informarci. Qualora venissimo a conoscenza di violazioni, provvederemo a rimuovere immediatamente tali contenuti.<\/p>\t\t\t\t\t\t\t\t<\/div>\n\t\t\t\t<\/div>\n\t\t\t\t\t<\/div>\n\t\t<\/div>\n\t\t\t\t\t<\/div>\n\t\t<\/section>\n\t\t\t\t<\/div>","protected":false},"excerpt":{"rendered":"<p>Impressum Angaben gem\u00e4\u00df \u00a7 5 TMG XOROS Home GmbH Glockengie\u00dferwall 220095 Hamburg Telefon: +49 40 853 77 201E-Mail:\u00a0info@xoros-home.de Vertreten durch die Gesch\u00e4ftsf\u00fchrer: Niels Gundermann, Frank Ehlers Gerichtsstand Hamburg Registergericht: Amtsgericht HamburgRegisternummer: HRB 172401 Umsatzsteuer-ID: DE348398163 \u00a0 Haftungsausschluss Haftung f\u00fcr Inhalte Die Inhalte unserer Seiten wurden mit gr\u00f6\u00dfter Sorgfalt erstellt. F\u00fcr die Richtigkeit, Vollst\u00e4ndigkeit und Aktualit\u00e4t [&hellip;]<\/p>\n","protected":false},"author":6,"featured_media":0,"parent":0,"menu_order":0,"comment_status":"closed","ping_status":"closed","template":"elementor_header_footer","meta":{"content-type":"","inline_featured_image":false,"footnotes":""},"class_list":["post-72","page","type-page","status-publish","hentry"],"_links":{"self":[{"href":"https:\/\/xoros-home.de\/it\/wp-json\/wp\/v2\/pages\/72","targetHints":{"allow":["GET"]}}],"collection":[{"href":"https:\/\/xoros-home.de\/it\/wp-json\/wp\/v2\/pages"}],"about":[{"href":"https:\/\/xoros-home.de\/it\/wp-json\/wp\/v2\/types\/page"}],"author":[{"embeddable":true,"href":"https:\/\/xoros-home.de\/it\/wp-json\/wp\/v2\/users\/6"}],"replies":[{"embeddable":true,"href":"https:\/\/xoros-home.de\/it\/wp-json\/wp\/v2\/comments?post=72"}],"version-history":[{"count":21,"href":"https:\/\/xoros-home.de\/it\/wp-json\/wp\/v2\/pages\/72\/revisions"}],"predecessor-version":[{"id":16811,"href":"https:\/\/xoros-home.de\/it\/wp-json\/wp\/v2\/pages\/72\/revisions\/16811"}],"wp:attachment":[{"href":"https:\/\/xoros-home.de\/it\/wp-json\/wp\/v2\/media?parent=72"}],"curies":[{"name":"wp","href":"https:\/\/api.w.org\/{rel}","templated":true}]}}