{"id":10458,"date":"2022-05-25T12:55:15","date_gmt":"2022-05-25T10:55:15","guid":{"rendered":"https:\/\/xoros-home.de\/?post_type=product&#038;p=10458"},"modified":"2024-10-29T18:49:37","modified_gmt":"2024-10-29T17:49:37","slug":"cabina-telefonica-bosselino-bosse","status":"publish","type":"product","link":"https:\/\/xoros-home.de\/it\/produkt\/telefonbox-bosselino-bosse\/","title":{"rendered":"Cabina telefonica di Bosselino (Bosse)"},"content":{"rendered":"<p><strong>Dettagli del prodotto:<\/strong><\/p>\n<ul>\n<li>Collegamenti angolari in profili d'acciaio e pannelli d'acciaio verniciati a polvere nera, pannelli esterni in melamina<\/li>\n<li>Faretti LED ad alta efficienza energetica con colore della luce fisso di 3000K bianco caldo. Ventilazione silenziosa e ad alte prestazioni con ricambio d'aria permanente di 160 m\u00b3\/h.<\/li>\n<li>Scaffale con lavagna: dotato di un interruttore per la luce e di una presa per l'alimentazione.<\/li>\n<li>Base, coperchio, anta e ripiano in multiplex con impiallacciatura in vero rovere e superficie laccata.<\/li>\n<li>Base: dotata di una base acusticamente efficace e di piedini regolabili. Mobilit\u00e0 grazie alle rotelle sul lato inferiore della base.<\/li>\n<\/ul>\n<p>&nbsp;<\/p>\n<p><strong>Specifiche tecniche:<\/strong><\/p>\n<ul>\n<li>Larghezza esterna: 975 mm<\/li>\n<li>Profondit\u00e0 esterna: 975 mm<\/li>\n<li>Altezza esterna: 2140 mm.<\/li>\n<li>Altezza del soffitto richiesta 2300 mm.<\/li>\n<li>Profilo: verniciato a polvere nera<\/li>\n<li>Materiale dell'anta: rovere chiaro<\/li>\n<li>Elettrificazione: 1x presa, 1x USB (ricarica, tipo A+C)<\/li>\n<li>Scaffale: lavagna bianca, magnetica<\/li>\n<li>Rivestimento interno: 077.031 Polo grigio platino<\/li>\n<li>Materiale della parete esterna: nero<\/li>\n<\/ul>\n<p><strong>Video:\u00a0<\/strong><\/p>\n<p><a href=\"https:\/\/www.youtube.com\/watch?v=oRPblLrsrvA\" target=\"_blank\" rel=\"noopener\">https:\/\/www.youtube.com\/watch?v=oRPblLrsrvA<\/a><\/p>\n<p><strong id=\"3D\">Modello 3D:<\/strong><\/p>\n<p><iframe src=\"https:\/\/impress.pcon-solutions.com\/?l=de&amp;embed=https%3A%2F%2Fxoroshome-my.sharepoint.com%2F%3Au%3A%2Fg%2Fpersonal%2Ffrank_ehlers_xoros-home_de%2FESFfzJ2fRvtKoB14lRI5YtQB81S9JabS27B9TJeYQwUqCg\" width=\"560\" height=\"655\" frameborder=\"0\" allowfullscreen=\"allowfullscreen\"><\/iframe><\/p>\n<p>&nbsp;<\/p>\n<p><strong>Demo acustica:<\/strong><\/p>\n<p>Lasciate che il video vi convinca della qualit\u00e0 acustica della linea di prodotti \"Bosse Human Space\":<\/p>\n<p><a href=\"https:\/\/www.youtube.com\/watch?v=LoSVNpr9X6I\" target=\"_blank\" rel=\"noopener\"><img fetchpriority=\"high\" decoding=\"async\" class=\"alignnone wp-image-11748 size-medium\" src=\"https:\/\/xoros-home.de\/wp-content\/uploads\/2022\/05\/Bosse-Human-Space-Musik-Youtube-300x196.jpg\" alt=\"\" width=\"300\" height=\"196\" srcset=\"https:\/\/xoros-home.de\/wp-content\/uploads\/2022\/05\/Bosse-Human-Space-Musik-Youtube-300x196.jpg 300w, https:\/\/xoros-home.de\/wp-content\/uploads\/2022\/05\/Bosse-Human-Space-Musik-Youtube-1024x670.jpg 1024w, https:\/\/xoros-home.de\/wp-content\/uploads\/2022\/05\/Bosse-Human-Space-Musik-Youtube-768x503.jpg 768w, https:\/\/xoros-home.de\/wp-content\/uploads\/2022\/05\/Bosse-Human-Space-Musik-Youtube-18x12.jpg 18w, https:\/\/xoros-home.de\/wp-content\/uploads\/2022\/05\/Bosse-Human-Space-Musik-Youtube-600x393.jpg 600w, https:\/\/xoros-home.de\/wp-content\/uploads\/2022\/05\/Bosse-Human-Space-Musik-Youtube.jpg 1106w\" sizes=\"(max-width: 300px) 100vw, 300px\" \/><\/a><\/p>","protected":false},"excerpt":{"rendered":"<p>La cabina telefonica Bosselino non \u00e8 pi\u00f9 disponibile nella forma qui illustrata. Il modello successivo ottimizzato \u00e8 disponibile qui: <a href=\"https:\/\/xoros-home.de\/it\/prodotti-per-lhome-office\/cabina-telefonica-bosselino-uno-bosse\/\">Cassetta telefonica \"Bosselino Uno<\/a>.<\/p>\n<hr \/>\n<p>La cabina telefonica Bosselino per una persona colpisce per il suo design giovane e gli elementi in legno di alta qualit\u00e0 per creare un mini ufficio con un tocco di benessere.<\/p>\n<p>Prodotto in Germania.<\/p>\n<ul>\n<li>Faretti LED ad alta efficienza energetica con colore della luce fisso di 3000K bianco caldo.<\/li>\n<li>Ventilazione silenziosa e ad alte prestazioni con un ricambio d'aria permanente di 160 m\u00b3\/h.<\/li>\n<li>Semplice collegamento alla rete elettrica tramite spina standard; lunghezza del cavo circa 3,5 m. Differenza di livello sonoro dall'interno all'esterno fino a 35 db.<\/li>\n<li>Facile da spostare grazie alle 8 rotelle integrate e orientabili.<\/li>\n<li>Telaio dell'anta in multiplex con impiallacciatura in vero legno di rovere<\/li>\n<\/ul>","protected":false},"featured_media":10824,"template":"","meta":{"content-type":"","inline_featured_image":false},"product_brand":[],"product_cat":[200],"product_tag":[132,135,108],"class_list":{"0":"post-10458","1":"product","2":"type-product","3":"status-publish","4":"has-post-thumbnail","6":"product_cat-auslaufmodelle","7":"product_tag-effizienter-schallschutz","8":"product_tag-hersteller-bosse","9":"product_tag-made-in-germany","11":"first","12":"instock","13":"taxable","14":"shipping-taxable","15":"purchasable","16":"product-type-simple"},"_links":{"self":[{"href":"https:\/\/xoros-home.de\/it\/wp-json\/wp\/v2\/product\/10458","targetHints":{"allow":["GET"]}}],"collection":[{"href":"https:\/\/xoros-home.de\/it\/wp-json\/wp\/v2\/product"}],"about":[{"href":"https:\/\/xoros-home.de\/it\/wp-json\/wp\/v2\/types\/product"}],"version-history":[{"count":1,"href":"https:\/\/xoros-home.de\/it\/wp-json\/wp\/v2\/product\/10458\/revisions"}],"predecessor-version":[{"id":11221,"href":"https:\/\/xoros-home.de\/it\/wp-json\/wp\/v2\/product\/10458\/revisions\/11221"}],"wp:featuredmedia":[{"embeddable":true,"href":"https:\/\/xoros-home.de\/it\/wp-json\/wp\/v2\/media\/10824"}],"wp:attachment":[{"href":"https:\/\/xoros-home.de\/it\/wp-json\/wp\/v2\/media?parent=10458"}],"wp:term":[{"taxonomy":"product_brand","embeddable":true,"href":"https:\/\/xoros-home.de\/it\/wp-json\/wp\/v2\/product_brand?post=10458"},{"taxonomy":"product_cat","embeddable":true,"href":"https:\/\/xoros-home.de\/it\/wp-json\/wp\/v2\/product_cat?post=10458"},{"taxonomy":"product_tag","embeddable":true,"href":"https:\/\/xoros-home.de\/it\/wp-json\/wp\/v2\/product_tag?post=10458"}],"curies":[{"name":"wp","href":"https:\/\/api.w.org\/{rel}","templated":true}]}}