{"id":11611,"date":"2023-03-09T18:25:45","date_gmt":"2023-03-09T17:25:45","guid":{"rendered":"https:\/\/xoros-home.de\/?post_type=product&#038;p=11611"},"modified":"2024-02-22T18:23:56","modified_gmt":"2024-02-22T17:23:56","slug":"flatup-sekretaer-fm-bueromoebel","status":"publish","type":"product","link":"https:\/\/xoros-home.de\/it\/produkt\/flatup-sekretaer-fm-bueromoebel\/","title":{"rendered":"FLATup - Segretario (fm B\u00fcrom\u00f6bel)"},"content":{"rendered":"<p><strong>Design:<\/strong><br \/>\nLa carcassa del FLATup \u00e8 tassellata e incollata, cos\u00ec come il pannello posteriore spesso 19 mm. Tutte le parti utilizzate nel sistema FLATup hanno lo stesso decoro all'interno e all'esterno. FLATup \u00e8 dotato di serie di ruote da 50 mm, adatte a pavimenti duri e morbidi.<br \/>\nIl carico massimo del piano del tavolo \u00e8 di 18 kg.<\/p>\n<p><strong>Alimentazione\/uscita cavo:<\/strong><br \/>\nIl FLATup \u00e8 dotato di un'apertura per il cavo. Si consiglia di utilizzare una presa multipla standard (non inclusa). Questa pu\u00f2 essere riposta nel vano 4, ad esempio per alimentare un monitor esterno, un computer portatile e\/o una lampada da tavolo.<\/p>\n<p><strong>Dimensioni:<\/strong><\/p>\n<p><strong><img fetchpriority=\"high\" decoding=\"async\" class=\"alignnone wp-image-11612 size-full\" src=\"https:\/\/xoros-home.de\/wp-content\/uploads\/2023\/03\/Abmessungen-1.jpg\" alt=\"\" width=\"446\" height=\"326\" srcset=\"https:\/\/xoros-home.de\/wp-content\/uploads\/2023\/03\/Abmessungen-1.jpg 446w, https:\/\/xoros-home.de\/wp-content\/uploads\/2023\/03\/Abmessungen-1-300x219.jpg 300w, https:\/\/xoros-home.de\/wp-content\/uploads\/2023\/03\/Abmessungen-1-16x12.jpg 16w\" sizes=\"(max-width: 446px) 100vw, 446px\" \/> <img decoding=\"async\" class=\"alignnone wp-image-11613 size-full\" src=\"https:\/\/xoros-home.de\/wp-content\/uploads\/2023\/03\/abmessungen-2.jpg\" alt=\"\" width=\"315\" height=\"326\" srcset=\"https:\/\/xoros-home.de\/wp-content\/uploads\/2023\/03\/abmessungen-2.jpg 315w, https:\/\/xoros-home.de\/wp-content\/uploads\/2023\/03\/abmessungen-2-290x300.jpg 290w, https:\/\/xoros-home.de\/wp-content\/uploads\/2023\/03\/abmessungen-2-12x12.jpg 12w, https:\/\/xoros-home.de\/wp-content\/uploads\/2023\/03\/abmessungen-2-32x32.jpg 32w\" sizes=\"(max-width: 315px) 100vw, 315px\" \/><\/strong><\/p>\n<p>&nbsp;<\/p>\n<p><strong>Accessori opzionali:<br \/>\n<\/strong>Un ripiano agganciabile consente di lavorare in piedi. Il ripiano \u00e8 sufficientemente ampio e stabile per un computer portatile.<\/p>\n<p>&nbsp;<\/p>\n<p><strong>Modello 3D:<\/strong><\/p>\n<p><iframe src=\"https:\/\/impress.pcon-solutions.com\/?embed=https%3A%2F%2Fxoroshome-my.sharepoint.com%2F%3Au%3A%2Fg%2Fpersonal%2Ffrank_ehlers_xoros-home_de%2FERtj9DopBqBKn0hB8O0ck40BA9G71-lv_ZUMyydApuew1w\" width=\"450\" height=\"450\" frameborder=\"1\" allowfullscreen=\"allowfullscreen\"><\/iframe><\/p>","protected":false},"excerpt":{"rendered":"<p>FLATup \u00e8 tra i vincitori del German Design Award 2023! Quando \u00e8 piegato, FLATup \u00e8 un mobile decorativo. Quando \u00e8 aperto, FLATup si trasforma in un ufficio per la casa che pu\u00f2 essere sistemato quasi ovunque grazie alle rotelle integrate: anche sul patio in caso di bel tempo!<\/p>","protected":false},"featured_media":11614,"template":"","meta":{"content-type":"","inline_featured_image":false},"product_brand":[],"product_cat":[191,39,40],"product_tag":[143,51,108,45],"class_list":{"0":"post-11611","1":"product","2":"type-product","3":"status-publish","4":"has-post-thumbnail","6":"product_cat-homeoffice-design-premium","7":"product_cat-moebel","8":"product_cat-schreibtische","9":"product_tag-hersteller-fm-bueromoebel","10":"product_tag-klappbar","11":"product_tag-made-in-germany","12":"product_tag-platzsparend","14":"first","15":"instock","16":"taxable","17":"shipping-taxable","18":"purchasable","19":"product-type-simple"},"_links":{"self":[{"href":"https:\/\/xoros-home.de\/it\/wp-json\/wp\/v2\/product\/11611","targetHints":{"allow":["GET"]}}],"collection":[{"href":"https:\/\/xoros-home.de\/it\/wp-json\/wp\/v2\/product"}],"about":[{"href":"https:\/\/xoros-home.de\/it\/wp-json\/wp\/v2\/types\/product"}],"version-history":[{"count":1,"href":"https:\/\/xoros-home.de\/it\/wp-json\/wp\/v2\/product\/11611\/revisions"}],"predecessor-version":[{"id":11658,"href":"https:\/\/xoros-home.de\/it\/wp-json\/wp\/v2\/product\/11611\/revisions\/11658"}],"wp:featuredmedia":[{"embeddable":true,"href":"https:\/\/xoros-home.de\/it\/wp-json\/wp\/v2\/media\/11614"}],"wp:attachment":[{"href":"https:\/\/xoros-home.de\/it\/wp-json\/wp\/v2\/media?parent=11611"}],"wp:term":[{"taxonomy":"product_brand","embeddable":true,"href":"https:\/\/xoros-home.de\/it\/wp-json\/wp\/v2\/product_brand?post=11611"},{"taxonomy":"product_cat","embeddable":true,"href":"https:\/\/xoros-home.de\/it\/wp-json\/wp\/v2\/product_cat?post=11611"},{"taxonomy":"product_tag","embeddable":true,"href":"https:\/\/xoros-home.de\/it\/wp-json\/wp\/v2\/product_tag?post=11611"}],"curies":[{"name":"wp","href":"https:\/\/api.w.org\/{rel}","templated":true}]}}