{"id":12250,"date":"2023-02-01T17:37:26","date_gmt":"2023-02-01T16:37:26","guid":{"rendered":"https:\/\/xoros-home.de\/?post_type=product&#038;p=12250"},"modified":"2025-06-29T12:30:11","modified_gmt":"2025-06-29T10:30:11","slug":"cubo-s-sedus-2-2","status":"publish","type":"product","link":"https:\/\/xoros-home.de\/it\/produkt\/cube-s-sedus-2-2\/","title":{"rendered":"Cubo S (SEDUS)"},"content":{"rendered":"<p><strong>Dettagli del prodotto:<\/strong><\/p>\n<ul>\n<li>Controllo intelligente della ventilazione con diversi sensori: rilevatore di presenza, sensore di temperatura ambiente e sensore di CO<sub>2<\/sub>-Stipendio<\/li>\n<li>Pi\u00f9 di una semplice cabina telefonica: spazio sufficiente per lavorare da seduti - tavolo integrato in modo permanente<\/li>\n<li>Pareti rivestite in tessuto di vari colori e tessuti<\/li>\n<li>Il pavimento \u00e8 dotato di quadrotte di moquette del marchio di qualit\u00e0 Interface.<\/li>\n<\/ul>\n<p><strong>Specifiche tecniche:<\/strong><\/p>\n<ul>\n<li>Dimensioni esterne: L 1500 x P 1000 x H 2320 mm<\/li>\n<li>Dimensioni interne: L 1275 x P 880 x H 2200 mm (sotto la luce: H 2150 mm)<\/li>\n<li>Altezza libera necessaria per l'installazione e la circolazione dell'aria: min. 2500 mm.<\/li>\n<li>Il sistema di controllo completamente automatico regola i ventilatori in base alla temperatura ambiente e al contenuto di CO\u00b2 dell'aria nel se:cube.<\/li>\n<li>Elementi in vetro costituiti da vetro di sicurezza stratificato VSG-SI da 10,76 mm con pellicola acustica intermedia<\/li>\n<\/ul>\n<p>&nbsp;<\/p>\n<p><strong>Video sulla gamma di prodotti se:cube:<\/strong><\/p>\n<div style=\"width: 800px;\" class=\"wp-video\"><video class=\"wp-video-shortcode\" id=\"video-12250-1\" width=\"800\" height=\"450\" preload=\"metadata\" controls=\"controls\"><source type=\"video\/mp4\" src=\"https:\/\/xoros-home.de\/wp-content\/uploads\/2024\/03\/Video-SEDUS-se-cube-Akustik-Pod-Meetingbox-Telefonbox.mp4?_=1\" \/><a href=\"https:\/\/xoros-home.de\/wp-content\/uploads\/2024\/03\/Video-SEDUS-se-cube-Akustik-Pod-Meetingbox-Telefonbox.mp4\">https:\/\/xoros-home.de\/wp-content\/uploads\/2024\/03\/Video-SEDUS-se-cube-Akustik-Pod-Meetingbox-Telefonbox.mp4<\/a><\/video><\/div>\n<p>&nbsp;<\/p>\n<p><strong>Cortometraggio \"Momenti di silenzio:<\/strong><\/p>\n<p><a href=\"https:\/\/www.youtube.com\/watch?v=5XrxxYXviek\" target=\"_blank\" rel=\"noopener\">https:\/\/www.youtube.com\/watch?v=5XrxxYXviek<\/a><\/p>\n<p>&nbsp;<\/p>\n<p><strong>Modello 3D:<\/strong><\/p>\n<p><iframe src=\"https:\/\/impress.pcon-solutions.com\/?l=de&amp;embed=https%3A%2F%2Fxoroshome-my.sharepoint.com%2F%3Au%3A%2Fg%2Fpersonal%2Ffrank_ehlers_xoros-home_de%2FEY2wXzDTPIJIp8tcFK5AqOQBqfitKdW5Nv6ZebCGggyR6Q\" width=\"560\" height=\"655\" frameborder=\"1\" allowfullscreen=\"allowfullscreen\"><\/iframe><\/p>","protected":false},"excerpt":{"rendered":"<p>Il se:cube S offre una postazione di lavoro insonorizzata con scrivania integrata su circa 1,5 metri quadrati (la sedia \u00e8 disponibile separatamente come accessorio).<\/p>\n<p>se:cube \u00e8 la serie di cabine telefoniche e per riunioni di SEDUS, uno dei principali produttori tedeschi di mobili per ufficio. La forma chiara e lineare di se:cube \u00e8 ammorbidita dagli angoli arrotondati, che ne consentono l'integrazione armoniosa in un'ampia variet\u00e0 di ambienti, senza dominare la stanza. Una caratteristica distintiva \u00e8 la striscia LED (disponibile come optional) che si accende non appena il cubo viene occupato. se:cube \u00e8 disponibile in tre diverse dimensioni:<\/p>\n<ul>\n<li><a href=\"https:\/\/xoros-home.de\/it\/prodotti-per-lhome-office\/cube-s-sedus\/\">se:cubo S<\/a> (per una persona)<\/li>\n<li><a href=\"https:\/\/xoros-home.de\/it\/prodotti-per-lhome-office\/cube-m-sedus\/\">se:cubo M<\/a> (per un massimo di quattro persone)<\/li>\n<li><a href=\"https:\/\/xoros-home.de\/it\/prodotti-per-lhome-office\/cube-l-sedus\/\">se:cubo L<\/a> (per un massimo di otto persone)<\/li>\n<\/ul>\n<p>&nbsp;<\/p>","protected":false},"featured_media":14088,"template":"","meta":{"content-type":"","inline_featured_image":false},"product_brand":[],"product_cat":[207],"product_tag":[132,107,108],"class_list":{"0":"post-12250","1":"product","2":"type-product","3":"status-publish","4":"has-post-thumbnail","6":"product_cat-office-arbeitsbox","7":"product_tag-effizienter-schallschutz","8":"product_tag-hersteller-sedus","9":"product_tag-made-in-germany","11":"first","12":"instock","13":"taxable","14":"shipping-taxable","15":"purchasable","16":"product-type-simple"},"_links":{"self":[{"href":"https:\/\/xoros-home.de\/it\/wp-json\/wp\/v2\/product\/12250","targetHints":{"allow":["GET"]}}],"collection":[{"href":"https:\/\/xoros-home.de\/it\/wp-json\/wp\/v2\/product"}],"about":[{"href":"https:\/\/xoros-home.de\/it\/wp-json\/wp\/v2\/types\/product"}],"version-history":[{"count":1,"href":"https:\/\/xoros-home.de\/it\/wp-json\/wp\/v2\/product\/12250\/revisions"}],"predecessor-version":[{"id":12290,"href":"https:\/\/xoros-home.de\/it\/wp-json\/wp\/v2\/product\/12250\/revisions\/12290"}],"wp:featuredmedia":[{"embeddable":true,"href":"https:\/\/xoros-home.de\/it\/wp-json\/wp\/v2\/media\/14088"}],"wp:attachment":[{"href":"https:\/\/xoros-home.de\/it\/wp-json\/wp\/v2\/media?parent=12250"}],"wp:term":[{"taxonomy":"product_brand","embeddable":true,"href":"https:\/\/xoros-home.de\/it\/wp-json\/wp\/v2\/product_brand?post=12250"},{"taxonomy":"product_cat","embeddable":true,"href":"https:\/\/xoros-home.de\/it\/wp-json\/wp\/v2\/product_cat?post=12250"},{"taxonomy":"product_tag","embeddable":true,"href":"https:\/\/xoros-home.de\/it\/wp-json\/wp\/v2\/product_tag?post=12250"}],"curies":[{"name":"wp","href":"https:\/\/api.w.org\/{rel}","templated":true}]}}